{"id":1085,"date":"2024-05-29T15:03:47","date_gmt":"2024-05-29T12:03:47","guid":{"rendered":"https:\/\/grandboatline.com\/?page_id=1085"},"modified":"2026-01-12T21:23:44","modified_gmt":"2026-01-12T18:23:44","slug":"terms-and-conditions","status":"publish","type":"page","link":"https:\/\/grandboatline.com\/zh\/terms-and-conditions\/","title":{"rendered":"\u6761\u6b3e\u548c\u6761\u4ef6"},"content":{"rendered":"<div data-elementor-type=\"wp-page\" data-elementor-id=\"1085\" class=\"elementor elementor-1085\" data-elementor-settings=\"{&quot;ha_cmc_init_switcher&quot;:&quot;no&quot;}\" data-elementor-post-type=\"page\">\n\t\t\t\t<div class=\"elementor-element elementor-element-9f62991 e-flex e-con-boxed e-con e-parent\" data-id=\"9f62991\" data-element_type=\"container\" data-e-type=\"container\" data-settings=\"{&quot;_ha_eqh_enable&quot;:false}\">\n\t\t\t\t\t<div class=\"e-con-inner\">\n\t\t\t\t<div class=\"elementor-element elementor-element-4b9ec5b elementor-widget elementor-widget-text-editor\" data-id=\"4b9ec5b\" data-element_type=\"widget\" data-e-type=\"widget\" data-widget_type=\"text-editor.default\">\n\t\t\t\t<div class=\"elementor-widget-container\">\n\t\t\t\t\t\t\t\t\t<p><strong>\u6761\u6b3e\u548c\u6761\u4ef6<\/strong><\/p><p>\u5ba2\u6237 \"\u662f\u6307\u5728\u9884\u8ba2\u8868\u4e0a\u586b\u5199\u7684\u6240\u6709\u6709\u610f\u4e0e BEZAK TUR\u0130ZM \u0130N\u015eAAT NAKL\u0130YAT L\u0130M\u0130TED \u015e\u0130RKET\u0130 \u65c5\u884c\u7684\u4eba\u3002<br \/>\u4ea7\u54c1 \"\u662f BEZAK TUR\u0130ZM \u0130N\u015eAAT NAKL\u0130YAT L\u0130M\u0130TED \u015e\u0130RKET\u0130\uff08\u7b80\u79f0 \"BEZAK Travel\"\uff09\u9500\u552e\u7684\u4efb\u4f55\u670d\u52a1\u3002<br \/>\u6240\u6709\u5ba2\u6237\u5747\u88ab\u89c6\u4e3a\u5df2\u9605\u8bfb\u3001\u7406\u89e3\u5e76\u63a5\u53d7\u6240\u6709\u9884\u8ba2\u6761\u6b3e\u3002<br \/>\u4e3a\u786e\u8ba4\u9884\u8ba2\uff0cBEZAK\u65c5\u884c\u7f51\u8981\u6c42\u4ee3\u7406\u5df2\u5168\u989d\u652f\u4ed8\u6240\u6709\u5e94\u4ed8\u6b3e\u9879\u3002\u5f53BEZAK\u65c5\u884c\u516c\u53f8\u4ee5\u4e66\u9762\u5f62\u5f0f\u786e\u8ba4\u9884\u8ba2\u5e76\u53d1\u51fa\u786e\u8ba4\u4e66\u540e\uff0c\u5ba2\u6237\u4e0eBEZAK\u65c5\u884c\u516c\u53f8\u4e4b\u95f4\u7684\u5408\u540c\u5373\u544a\u6210\u7acb\u3002\u7b7e\u7f72\u9884\u8ba2\u8868\uff08\u5305\u542b\u672c\u6761\u6b3e\u548c\u6761\u4ef6\uff09\u7684\u4eba\u4fdd\u8bc1\u5176\u6709\u5168\u6743\u4ee3\u8868\u6240\u6709\u5728\u9884\u8ba2\u8868\u4e0a\u7f72\u540d\u7684\u4eba\u7b7e\u7f72\u9884\u8ba2\u8868\uff0c\u5e76\u786e\u8ba4\u6240\u6709\u8fd9\u4e9b\u4eba\u5b8c\u5168\u77e5\u6653\u5e76\u7406\u89e3\u672c\u6761\u6b3e\u548c\u6761\u4ef6\u3002\u4e0a\u8ff0\u5408\u540c\uff0c\u5305\u62ec\u7531\u6b64\u4ea7\u751f\u7684\u6240\u6709\u4e8b\u5b9c\uff0c\u5747\u53d7\u571f\u8033\u5176\u6cd5\u5f8b\u7ba1\u8f96\uff0c\u5e76\u53d7\u571f\u8033\u5176\u6cd5\u9662\u7684\u4e13\u5c5e\u7ba1\u8f96\u3002BEZAK Travel \u7684\u4efb\u4f55\u5458\u5de5\u6216\u4ee3\u8868\u5747\u65e0\u6743\u66f4\u6539\u3001\u53d8\u66f4\u6216\u653e\u5f03\u4efb\u4f55\u6761\u6b3e\u548c\u6761\u4ef6\uff0c\u4e5f\u65e0\u6743\u4ee3\u8868 BEZAK Travel \u627f\u62c5\u4efb\u4f55\u8d23\u4efb\uff0c\u9664\u975e BEZAK Travel \u603b\u76d1\u4ee5\u4e66\u9762\u5f62\u5f0f\u7b7e\u7f72\u3002<br \/>BEZAK Travel \u4fdd\u7559\u62d2\u7edd\u4efb\u4f55\u9884\u8ba2\u7684\u6743\u5229\uff0c\u6055\u4e0d\u53e6\u884c\u901a\u77e5\u3002<\/p><p><strong>\u5ba2\u6237\u7684\u4fee\u6539\u548c\u53d6\u6d88<\/strong><\/p><ol><li><p>\u5ba2\u6237\u53ef\u968f\u65f6\u53d6\u6d88\u9884\u8ba2\u3002\u53d6\u6d88\u5c06\u5728BEZAK\u65c5\u884c\u7f51\u6536\u5230\u4ee3\u7406\u6216\u5ba2\u6237\u76f4\u63a5\u9884\u8ba2\u7684\u4e66\u9762\u7533\u8bf7\u65f6\u751f\u6548\uff0c\u5e76\u6536\u53d6\u4ee5\u4e0b\u53d6\u6d88\u8d39\u7528\uff1a a) \u51fa\u53d1\u524d19\u5929\u4ee5\u4e0a - 10%\u4ea7\u54c1\u8d39\u7528\u621660\u6b27\u5143\uff0c\u4ee5\u8f83\u9ad8\u8005\u4e3a\u51c6\u3002b) \u51fa\u53d1\u524d 19 \u5929\u81f3 48 \u5c0f\u65f6 - \u6536\u53d6\u4ea7\u54c1\u8d39\u7528\u7684 35% \u6216 60 \u6b27\u5143\uff0c\u4ee5\u8f83\u9ad8\u8005\u4e3a\u51c6\u3002 c) \u51fa\u53d1\u524d\u4e0d\u8db3 48 \u5c0f\u65f6 - \u6536\u53d6\u4ea7\u54c1\u8d39\u7528\u7684 90% \u6216 60 \u6b27\u5143\uff0c\u4ee5\u8f83\u9ad8\u8005\u4e3a\u51c6\u3002<\/p><\/li><li><p>\u9884\u8ba2\u786e\u8ba4\u540e\uff0c\u5efa\u8bae\u7684\u66f4\u6539\u5fc5\u987b\u7531 \"\u4e3b\u8981\u5ba2\u6237 \"\u4e66\u9762\u63d0\u51fa\uff0c\u5e76\u5c06\u4ea7\u751f\u76f8\u5f53\u4e8e 45 \u6b27\u5143\u7684\u7ba1\u7406\u8d39\uff0c\u4f46\u7b2c\u4e00\u6b21\u66f4\u6539\u4e0d\u4ea7\u751f\u7ba1\u7406\u8d39\u6216\u53e6\u6709\u7ea6\u5b9a\u3002\u4efb\u4f55\u66f4\u6539\u8981\u6c42\u5747\u4e0d\u80fd\u4fdd\u8bc1\u3002<\/p><\/li><li><p>\u5982\u679c\u7531\u4e8e\u5ba2\u6237\u3001\u8fd1\u4eb2\u6216\u670b\u53cb\u7684\u6b7b\u4ea1\u3001\u53d7\u4f24\u6216\u91cd\u75c5\u3001\u88c1\u5458\u6216\u62c5\u4efb\u966a\u5ba1\u5458\u7b49\u539f\u56e0\uff0c\u5bfc\u81f4\u56e2\u961f\u4e2d\u7684\u4efb\u4f55\u6210\u5458\u65e0\u6cd5\u51fa\u884c\uff0c\u5728BEZAK\u65c5\u884c\u516c\u53f8\u4e66\u9762\u901a\u77e5\u786e\u8ba4\u7684\u524d\u63d0\u4e0b\uff0c\u53ef\u4ee5\u5c06\u9884\u8ba2\u8f6c\u7ed9\u5176\u4ed6\u5408\u9002\u7684\u4eba\u5458\u6216\u51fa\u53d1\u65e5\u671f\u6216\u7c7b\u4f3c\u6807\u51c6\u548c\u8d39\u7528\u7684\u65c5\u884c\u56e2\u3002<\/p><\/li><li><p>\u5982BEZAK\u65c5\u884c\u7f51\u5e94\u5411\u5ba2\u6237\u9000\u6b3e\uff0c\u9000\u6b3e\u91d1\u989d\u5c06\u6839\u636e\u7b2c2.1\u6761\u89c4\u5b9a\u7684\u6761\u4ef6\u8ba1\u7b97\uff0c\u5e76\u8003\u8651\u7279\u6b8a\u60c5\u51b5\u7684\u8bc1\u636e\u3002\u5904\u7406\/\u8f6c\u8d26\u9000\u6b3e\u7ed9\u5ba2\u6237\u6240\u4ea7\u751f\u7684\u6240\u6709\u94f6\u884c\u8d39\u7528\u5c06\u7531\u5ba2\u6237\u627f\u62c5\u3002<\/p><\/li><\/ol><p><strong>\u4fe1\u606f\u548c\u5b9a\u4ef7\u653f\u7b56<\/strong><\/p><ol><li><p>\u5728\u786e\u8ba4\u9884\u8ba2\u4e4b\u524d\uff0cBEZAK\u65c5\u884c\u7f51\u4fdd\u7559\u56e0\u4efb\u4f55\u4e0d\u5728BEZAK\u65c5\u884c\u7f51\u63a7\u5236\u8303\u56f4\u5185\u7684\u60c5\u51b5\u800c\u4fee\u6539\u624b\u518c\u4ef7\u683c\u7684\u6743\u5229\uff0c\u5982\u4f46\u4e0d\u9650\u4e8e\u4e0e\u653f\u5e9c\u884c\u4e3a\u6709\u5173\u7684\u53d8\u5316\u3001\u8fd0\u8f93\u6210\u672c\uff08\u5305\u62ec\u9884\u5b9a\u673a\u7968\u548c\u71c3\u6599\u6210\u672c\uff09\u7684\u589e\u52a0\u3001\u4efb\u4f55\u4f1a\u8d39\u3001\u7a0e\u8d39\u6216\u670d\u52a1\u8d39\uff08\u5305\u62ec\u673a\u573a\u7740\u9646\u7a0e\u6216\u767b\u8239\/\u767b\u5cb8\u8d39\uff09\u7684\u53d8\u5316\u3001\u95e8\u7968\u548c\u6c47\u7387\u7684\u589e\u52a0\u3002<\/p><\/li><li><p>\u63a5\u53d7\u94f6\u884c\u8f6c\u8d26\uff0c\u5168\u989d\u4ed8\u6b3e\u4ee5\u516c\u5e03\u4e3a\u51c6\u3002BEZAK Travel \u53ea\u63a5\u53d7\u571f\u8033\u5176\u91cc\u62c9\u3001\u6b27\u5143\u548c\u7f8e\u5143\u4fe1\u7528\u5361\u4ed8\u6b3e\u3002\u4e00\u822c\u60c5\u51b5\u4e0b\uff0c\u91d1\u989d\u4ee5\u6b27\u5143\u652f\u4ed8\u3002\u4ee5\u6b27\u5143\u652f\u4ed8\u7684\u5168\u989d\u91d1\u989d\u7684\u8ba1\u7b97\u65b9\u6cd5\u662f\uff1a\u9500\u552e\u5f53\u65e5\u7684\u6bcf\u65e5\u4e70\u5165\u6c47\u7387\u4e58\u4ee5\u516c\u5e03\u7684\u5e94\u4ed8\u5168\u989d\u91d1\u989d\u3002\u4e0a\u8ff0\u6c47\u7387\u89c1 <a href=\"http:\/\/www.tcmb.gov.tr\" target=\"_new\" rel=\"noreferrer\">www.tcmb.gov.tr<\/a>.\u60a8\u7684\u94f6\u884c\u5728\u5411\u60a8\u7684\u4fe1\u7528\u5361\u6536\u53d6BEZAK\u65c5\u884c\u7f51\u63d0\u53d6\u7684\u6b27\u5143\u91d1\u989d\u65f6\u5c06\u4f7f\u7528\u5176\u6c47\u7387\u3002BEZAK TRAVEL \u4e0d\u5bf9\u94f6\u884c\u673a\u6784\u4f7f\u7528\u7684\u8d39\u7528\u548c\u6c47\u7387\u9020\u6210\u7684\u6700\u7ec8\u4ea4\u6613\u91d1\u989d\u7684\u53d8\u5316\u627f\u62c5\u4efb\u4f55\u8d23\u4efb\u3002<\/p><\/li><li><p>\u4ea7\u54c1\u4fe1\u606f\u7531BEZAK\u65c5\u884c\u7f51\u771f\u8bda\u53d1\u5e03\uff0cBEZAK\u65c5\u884c\u7f51\u5c06\u5c3d\u6700\u5927\u52aa\u529b\u6309\u7167\u5e7f\u544a\u4e2d\u7684\u4fe1\u606f\u8fd0\u8425\u6240\u6709\u4ea7\u54c1\u3002BEZAK TRAVEL \u4fdd\u7559\u66f4\u6539\u5176\u51fa\u7248\u7269\u4e2d\u63cf\u8ff0\u7684\u4efb\u4f55\u8bbe\u65bd\u548c\u670d\u52a1\u7684\u6743\u5229\uff0c\u4ee5\u53ca\u65e0\u507f\u66ff\u6362\u5177\u6709\u540c\u7b49\u8d27\u5e01\u4ef7\u503c\u7684\u66ff\u4ee3\u5b89\u6392\u7684\u6743\u5229\uff0c\u5e76\u4e14\u4e0d\u627f\u62c5\u56e0\u4efb\u4f55\u66f4\u6539\u800c\u9020\u6210\u7684\u4eab\u53d7\u635f\u5931\u7684\u8d23\u4efb\u3002<\/p><\/li><\/ol><p><strong>BEZAK Travel \u53d6\u6d88\u8ba2\u5355<\/strong><\/p><ol><li><p>\u9664\u7b2c 16 \u6761\u6240\u5217\u7684\u4fdd\u8bc1\u51fa\u53d1\u4ea7\u54c1\u5916\uff0c\u6240\u6709 BEZAK \u65c5\u884c\u4ea7\u54c1\u5747\u6709\u6700\u4f4e\u53c2\u52a0\u4eba\u6570\u9650\u5236\u3002<\/p><\/li><li><p>BEZAK\u65c5\u884c\u7f51\u4fdd\u7559\u5728\u4efb\u4f55\u60c5\u51b5\u4e0b\u53d6\u6d88\u4efb\u4f55\u5df2\u786e\u8ba4\u9884\u8ba2\u7684\u6743\u5229\uff1b\u4f46\u662f\uff0cBEZAK\u65c5\u884c\u7f51\u4e0d\u4f1a\u53d6\u6d88 \"\u4fdd\u8bc1\u51fa\u53d1\u4ea7\u54c1\"\uff0c\u9664\u975e\u5728\u4e0d\u53ef\u6297\u529b\u7684\u7279\u6b8a\u60c5\u51b5\u4e0b\uff0c\u8fd9\u91cc\u7684\u4e0d\u53ef\u6297\u529b\u662f\u6307\u6218\u4e89\u3001\u66b4\u4e71\u3001\u5185\u4e71\u3001\u5de5\u4e1a\u7ea0\u7eb7\u3001\u6050\u6016\u6d3b\u52a8\u3001\u81ea\u7136\u707e\u5bb3\u6216\u6838\u707e\u96be\u3001\u706b\u707e\u3001\u6076\u52a3\u5929\u6c14\u6761\u4ef6\u3001\u822a\u73ed\u53d6\u6d88\u6216\u4efb\u4f55\u5176\u4ed6BEZAK\u65c5\u884c\u7f51\u65e0\u6cd5\u63a7\u5236\u7684\u5916\u90e8\u60c5\u51b5\u3002\u5982\u679cBEZAK\u65c5\u884c\u7f51\u56e0\u4e0d\u53ef\u6297\u529b\u800c\u88ab\u8feb\u53d6\u6d88\u6216\u4ee5\u4efb\u4f55\u65b9\u5f0f\u66f4\u6539\u65c5\u6e38\u884c\u7a0b\uff0cBEZAK\u65c5\u884c\u7f51\u5c06\u4e0d\u4e88\u8d54\u507f\uff0c\u4f46\u5982\u679cBEZAK\u65c5\u884c\u7f51\u65e0\u6cd5\u63d0\u4f9b\u6240\u9884\u8ba2\u7684\u65c5\u6e38\u884c\u7a0b\uff0cBEZAK\u65c5\u884c\u7f51\u5c06\u9000\u8fd8\u5ba2\u6237\u5df2\u652f\u4ed8\u7ed9BEZAK\u65c5\u884c\u7f51\u7684\u6240\u6709\u6b3e\u9879\uff08\u6263\u9664\u5df2\u652f\u4ed8\u7684\u4fdd\u9669\u8d39\uff09\u6216\u63d0\u4f9b\u5176\u4ed6\u65e5\u671f\u6216\u540c\u7b49\u6807\u51c6\u7684\u5047\u671f\u3002<\/p><\/li><\/ol><p><strong>\u65c5\u6e38\u96c6\u5408\u70b9<\/strong><\/p><p>\u5ba2\u6237\u5b8c\u5168\u8d1f\u8d23\u76f8\u5173\u5ba3\u4f20\u518c\u3001\u7f51\u7ad9\u6216 BEZAK Travel \u5de5\u4f5c\u4eba\u5458\u5efa\u8bae\u7684 \"\u65c5\u6e38\u96c6\u5408\u70b9 \"\u7684\u5f80\u8fd4\u4ea4\u901a\u3002<\/p><p><strong>BEZAK \u65c5\u884c\u793e\u7684\u8d23\u4efb<\/strong><\/p><ol><li><p>BEZAK\u65c5\u6e38\u4ea7\u54c1\uff0c\u7279\u522b\u662f\u63a2\u9669\u6d3b\u52a8\uff0c\u5bf9\u5ba2\u6237\u4eba\u8eab\u5b89\u5168\u7684\u98ce\u9669\u662f\u5176\u4ed6\u5957\u9910\u5047\u671f\u6240\u4e0d\u5177\u5907\u7684\u3002\u901a\u8fc7\u63a5\u53d7\u8fd9\u4e9b\u9884\u8ba2\u6761\u4ef6\uff0c\u5ba2\u6237\u610f\u8bc6\u5230\u5176\u6240\u9009\u62e9\u7684\u65c5\u884c\u6240\u56fa\u6709\u7684\u98ce\u9669\uff0c\u5e76\u4e14\u5ba2\u6237\u81ea\u613f\u627f\u62c5\u8fd9\u4e9b\u98ce\u9669\u3002\u5982\u679cBEZAK\u65c5\u884c\u7f51\u901a\u8fc7\u63d0\u4f9b\u5408\u7406\u6807\u51c6\u7684\u4ea7\u54c1\u5c65\u884c\u4e86\u5176\u5bf9\u5ba2\u6237\u7684\u6ce8\u610f\u4e49\u52a1\uff0c\u5219BEZAK\u65c5\u884c\u7f51\u5bf9\u5ba2\u6237\u7684\u635f\u5931\u4e0d\u627f\u62c5\u4efb\u4f55\u8d23\u4efb\u3002\u5982\u679cBEZAK\u65c5\u884c\u7f51\u6216\u5176\u4f9b\u5e94\u5546\u6ca1\u6709\u4efb\u4f55\u8fc7\u9519\uff0c\u4e14\u9020\u6210\u635f\u5931\u7684\u539f\u56e0\u662f\u5ba2\u6237\u7684\u8fc7\u9519\u6216BEZAK\u65c5\u884c\u7f51\u65e0\u6cd5\u63a7\u5236\u7684\u4e0d\u53ef\u6297\u529b\u6216\u5176\u4ed6\u5f02\u5e38\u60c5\u51b5\u9020\u6210\u7684\uff0c\u4e14\u5373\u4f7fBEZAK\u65c5\u884c\u7f51\u5c3d\u4e86\u6700\u5927\u52aa\u529b\u4e5f\u65e0\u6cd5\u907f\u514d\u5176\u540e\u679c\uff0c\u5219BEZAK\u65c5\u884c\u7f51\u4e0d\u627f\u62c5\u4efb\u4f55\u8d23\u4efb\u3002<\/p><\/li><li><p>\u5bf9\u4e8e\u822a\u7a7a\u3001\u6d77\u4e0a\u548c\u94c1\u8def\u8fd0\u8f93\u4ee5\u53ca\u63d0\u4f9b\u4f4f\u5bbf\uff0cBEZAK\u65c5\u884c\u516c\u53f8\u5728\u4e0a\u8ff0\u60c5\u51b5\u4e0b\u7684\u8d23\u4efb\u5c06\u6839\u636e\u76f8\u5173\u56fd\u9645\u516c\u7ea6\u89c4\u5b9a\u7684\u65b9\u5f0f\u8fdb\u884c\u9650\u5236\u3002<\/p><\/li><li><p>\u5982\u679c\u7531\u4e8e\u4e0d\u53ef\u6297\u529b\u6216\u5176\u4ed6\u539f\u56e0\u5bfc\u81f4\u4ea7\u54c1\u5ef6\u8fdf\u3001\u610f\u5916\u6216\u4e2d\u65ad\u800c\u8d85\u51faBEZAK\u65c5\u884c\u7f51\u7684\u63a7\u5236\u8303\u56f4\uff0c\u4ece\u800c\u7ed9\u5ba2\u6237\u9020\u6210\u989d\u5916\u8d39\u7528\uff0cBEZAK\u65c5\u884c\u7f51\u4e0d\u627f\u62c5\u4efb\u4f55\u8d23\u4efb\u3002<\/p><\/li><\/ol><p><strong>\u65c5\u884c\u6587\u4ef6<\/strong><\/p><p>\u5ba2\u6237\u6709\u8d23\u4efb\u6301\u6709\u6709\u6548\u62a4\u7167\u3001\u7b7e\u8bc1\u8bb8\u53ef\u3001\u75ab\u82d7\u63a5\u79cd\u3001\u9884\u9632\u836f\u7269\u3001\u5176\u4ed6\u533b\u7597\u8bc1\u660e\u548c\u6240\u6709\u5fc5\u8981\u7684\u65c5\u884c\u6587\u4ef6\u3002BEZAK TRAVEL \u4e0d\u5bf9\u56e0\u6cd5\u89c4\u6216\u6cd5\u5f8b\u5bf9\u5fc5\u8981\u65c5\u884c\u8bc1\u4ef6\u8981\u6c42\u7684\u6539\u53d8\u800c\u9020\u6210\u7684\u635f\u5931\u627f\u62c5\u8d23\u4efb\u3002BEZAK TRAVEL\uff08\u5fc5\u52dd\u5ba2\u65c5\u904a\uff09\u8aa0\u610f\u63d0\u4f9b\u76f8\u95dc\u4fe1\u606f\uff0c\u4f46\u4e0d\u627f\u64d4\u4efb\u4f55\u8cac\u4efb\u3002<\/p><p><strong>\u5065\u5eb7\u4e0e\u884c\u4e3a<\/strong><\/p><p>\u5728\u9884\u8ba2\u4e4b\u524d\uff0c\u6240\u6709\u5ba2\u6237\u5e94\u786e\u8ba4\u81ea\u5df1\u8eab\u4f53\u5065\u5eb7\uff0c\u80fd\u591f\u5b8c\u6210\u65c5\u6e38\u624b\u518c\u4e2d\u63cf\u8ff0\u7684\u6240\u9009\u884c\u7a0b\u3002\u4efb\u4f55\u5ba2\u6237\u5982\u60a3\u6709\u75be\u75c5\uff0c\u5fc5\u987b\u5728\u9884\u8ba2\u65f6\u58f0\u660e\u5176\u75be\u75c5\u7684\u771f\u5b9e\u6027\u8d28\uff0c\u5e76\u5b89\u6392\u597d\u65c5\u6e38\u671f\u95f4\u53ef\u80fd\u9700\u8981\u7684\u836f\u7269\u6216\u5176\u4ed6\u6cbb\u7597\u3002\u6b64\u7c7b\u5ba2\u6237\u5fc5\u987b\u63d0\u4f9b\u7531\u5168\u79d1\u533b\u751f\u51fa\u5177\u7684\u533b\u7597\u8bc1\u660e\uff0c\u4ee5\u786e\u8ba4\u5176\u8eab\u4f53\u72b6\u51b5\u9002\u5408\u65c5\u884c\u3002\u5982\u672a\u8fdb\u884c\u4efb\u4f55\u6b64\u7c7b\u62ab\u9732\uff0c\u5c06\u6784\u6210\u5bf9\u672c\u9884\u8ba2\u6761\u4ef6\u7684\u8fdd\u53cd\u5e76\u514d\u9664 BEZAK\u65c5\u884c\u7f51\u7684\u4efb\u4f55\u4e49\u52a1\u548c\u8d23\u4efb\u3002<\/p><p><strong>\u5ba2\u6237\u9664\u5916\u548c\u5f53\u5730\u6cd5\u5f8b<\/strong><\/p><p>\u5ba2\u6237\u540c\u610f\u5728\u65c5\u6e38\u671f\u95f4\u63a5\u53d7 BEZAK TRAVEL \u5458\u5de5\u53ca\u5176\u4f9b\u5e94\u5546\u7684\u5458\u5de5\u548c\u4ee3\u8868\u7684\u6743\u529b\u548c\u51b3\u5b9a\u3002\u5982\u679c\u4e0a\u8ff0\u4eba\u5458\u8ba4\u4e3a\u5ba2\u6237\u5728\u51fa\u53d1\u524d\u6216\u51fa\u53d1\u540e\u7684\u5065\u5eb7\u72b6\u51b5\u6216\u884c\u4e3a\u53ef\u80fd\u4f1a\u5371\u53ca\u65c5\u884c\u7684\u5b89\u5168\u3001\u8212\u9002\u6216\u6109\u5feb\u8fdb\u884c\uff0c\u5219\u5ba2\u6237\u53ef\u80fd\u4f1a\u88ab\u6392\u9664\u5728\u5168\u90e8\u6216\u90e8\u5206\u65c5\u884c\u4e4b\u5916\uff0c\u800c\u65e0\u9700\u4e8b\u5148\u901a\u77e5\uff0cBEZAK\u65c5\u884c\u516c\u53f8\u4e5f\u4e0d\u627f\u62c5\u4efb\u4f55\u8d23\u4efb\u3002\u5728\u5ba2\u6237\u5065\u5eb7\u72b6\u51b5\u4e0d\u4f73\u7684\u60c5\u51b5\u4e0b\uff0cBEZAK\u65c5\u884c\u516c\u53f8\u53ef\u505a\u51fa\u5176\u8ba4\u4e3a\u5408\u9002\u7684\u5b89\u6392\u5e76\u5411\u5ba2\u6237\u6536\u53d6\u76f8\u5173\u8d39\u7528\u3002\u4e58\u5ba2\u540c\u610f\u9075\u5b88\u65c5\u884c\u6240\u5728\u56fd\u7684\u6cd5\u5f8b\u6cd5\u89c4\u3002BEZAK TRAVEL \u4e0d\u5bf9\u4efb\u4f55\u5728\u65c5\u884c\u671f\u95f4\u6709\u975e\u6cd5\u6216\u8fdd\u6cd5\u884c\u4e3a\u7684\u5ba2\u6237\u8d1f\u8d23\u3002<\/p><p><strong>\u6444\u5f71<\/strong><\/p><p>\u6211\u4eec\u7684\u6388\u6743\u4ee3\u8868\u53ef\u5728\u5ba2\u6237\u4f7f\u7528\u4efb\u4f55 BEZAK\uff08\u5fc5ZAK\uff09\u65c5\u884c\u4ea7\u54c1\u65f6\u5bf9\u5176\u8fdb\u884c\u62cd\u7167\u548c\u6444\u50cf\u3002BEZAK TRAVEL\uff08\u5fc5\u52dd\u5ba2\u65c5\u904a\uff09\u4fdd\u7559\u5728\u672a\u7372\u5f97\u9032\u4e00\u6b65\u540c\u610f\u7684\u60c5\u6cc1\u4e0b\u5c07\u4e0a\u8ff0\u6750\u6599\u7528\u65bc\u4efb\u4f55\u5ee3\u544a\u6216\u5ba3\u50b3\u7684\u6b0a\u5229\u3002BEZAK TRAVEL\u8fd8\u4fdd\u7559\u5728\u5ba3\u4f20\u8d44\u6599\u4e2d\u4f7f\u7528\u5ba2\u6237\u5bf9BEZAK TRAVEL\u6216\u5176\u4ea7\u54c1\u7684\u4efb\u4f55\u8bc4\u8bba\u3001\u95ee\u5377\u6216\u8d5e\u7f8e\u4fe1\u7684\u6743\u5229\uff0c\u800c\u65e0\u9700\u5f81\u5f97\u8fdb\u4e00\u6b65\u540c\u610f\u3002<\/p><p><strong>\u6295\u8bc9<\/strong><\/p><p>\u5982\u679c\u5ba2\u6237\u5bf9\u4efb\u4f55\u4ea7\u54c1\u5b89\u6392\u6709\u4efb\u4f55\u6295\u8bc9\uff0c\u5ba2\u6237\u5fc5\u987b\u7acb\u5373\u5411BEZAK\u65c5\u884c\u7f51\u5458\u5de5\u63d0\u51fa\u6295\u8bc9\uff0c\u4ee5\u4fbfBEZAK\u65c5\u884c\u7f51\u5c3d\u6700\u5927\u52aa\u529b\u89e3\u51b3\u95ee\u9898\u3002BEZAK(\u6bd4\u6cfd\u514b\u65c5\u6e38)\u4e0d\u80fd\u7ea0\u6b63\u5176\u4e0d\u77e5\u9053\u7684\u95ee\u9898\u3002\u5982\u679c\u4e0d\u5f53\u573a\u6295\u8bc9\uff0cBEZAK\u65c5\u884c\u7f51\u5c06\u4e0d\u627f\u62c5\u6216\u81f3\u5c11\u51cf\u5c11\u8d54\u507f\u8d23\u4efb\u3002\u5982\u679c BEZAK TRAVEL \u65e0\u6cd5<\/p>\t\t\t\t\t\t\t\t<\/div>\n\t\t\t\t<\/div>\n\t\t\t\t\t<\/div>\n\t\t\t\t<\/div>\n\t\t\t\t<\/div>","protected":false},"excerpt":{"rendered":"<p>\u6761\u6b3e\u548c\u6761\u4ef6 \"\u5ba2\u6237 \"\u662f\u6307\u5728\u9884\u8ba2\u8868\u4e0a\u586b\u5199\u7684\u6240\u6709\u6709\u610f\u4e0e BEZAK TUR\u0130ZM \u0130N\u015eAAT NAKL\u0130YAT L\u0130M\u0130TED \u015e\u0130RKET\u0130 \u65c5\u884c\u7684\u4eba\u3002\u4ea7\u54c1 \"\u662f\u6307BEZAK TUR\u0130ZM \u0130N\u015eAAT NAKL\u0130YAT L\u0130M\u0130TED \u015e\u0130RKET\u0130\uff08\u7b80\u79f0 \"BEZAK Travel\"\uff09\u9500\u552e\u7684\u4efb\u4f55\u670d\u52a1\u3002\u6240\u6709\u5ba2\u6237\u5c06\u88ab\u89c6\u4e3a\u5df2\u9605\u8bfb\u3001\u7406\u89e3\u5e76\u63a5\u53d7\u6240\u6709\u9884\u8ba2\u6761\u6b3e\u3002<\/p>","protected":false},"author":1,"featured_media":0,"parent":0,"menu_order":0,"comment_status":"closed","ping_status":"closed","template":"template-home.php","meta":{"om_disable_all_campaigns":false,"_monsterinsights_skip_tracking":false,"_monsterinsights_sitenote_active":false,"_monsterinsights_sitenote_note":"","_monsterinsights_sitenote_category":0,"_uf_show_specific_survey":0,"_uf_disable_surveys":false,"footnotes":""},"class_list":["post-1085","page","type-page","status-publish","has-post-thumbnail","hentry"],"yoast_head":"<!-- This site is optimized with the Yoast SEO Premium plugin v27.1 (Yoast SEO v27.2) - https:\/\/yoast.com\/product\/yoast-seo-premium-wordpress\/ -->\n<title>Terms and Conditions - grand boat line<\/title>\n<meta name=\"robots\" content=\"index, follow, max-snippet:-1, max-image-preview:large, max-video-preview:-1\" \/>\n<link rel=\"canonical\" href=\"https:\/\/grandboatline.com\/zh\/terms-and-conditions\/\" \/>\n<meta property=\"og:locale\" content=\"zh_HK\" \/>\n<meta property=\"og:type\" content=\"article\" \/>\n<meta property=\"og:title\" content=\"Terms and Conditions\" \/>\n<meta property=\"og:description\" content=\"Terms and Conditions A \u201cClient\u201d is all persons named on the booking form intending to travel with BEZAK TUR\u0130ZM \u0130N\u015eAAT NAKL\u0130YAT L\u0130M\u0130TED \u015e\u0130RKET\u0130.A \u201cProduct\u201d is any service sold by BEZAK TUR\u0130ZM \u0130N\u015eAAT NAKL\u0130YAT L\u0130M\u0130TED \u015e\u0130RKET\u0130, referred to as \u201cBEZAK Travel\u201d.All clients will be deemed to have read, understood, and accepted all Booking Conditions.To confirm a [&hellip;]\" \/>\n<meta property=\"og:url\" content=\"https:\/\/grandboatline.com\/zh\/terms-and-conditions\/\" \/>\n<meta property=\"og:site_name\" content=\"grand boat line\" \/>\n<meta property=\"article:modified_time\" content=\"2026-01-12T18:23:44+00:00\" \/>\n<meta name=\"twitter:card\" content=\"summary_large_image\" \/>\n<meta name=\"twitter:label1\" content=\"\u9810\u8a08\u95b1\u8b80\u6642\u9593\" \/>\n\t<meta name=\"twitter:data1\" content=\"8 \u5206\u9418\" \/>\n<script type=\"application\/ld+json\" class=\"yoast-schema-graph\">{\"@context\":\"https:\/\/schema.org\",\"@graph\":[{\"@type\":\"WebPage\",\"@id\":\"https:\/\/grandboatline.com\/terms-and-conditions\/\",\"url\":\"https:\/\/grandboatline.com\/terms-and-conditions\/\",\"name\":\"Terms and Conditions - grand boat line\",\"isPartOf\":{\"@id\":\"https:\/\/grandboatline.com\/#website\"},\"datePublished\":\"2024-05-29T12:03:47+00:00\",\"dateModified\":\"2026-01-12T18:23:44+00:00\",\"breadcrumb\":{\"@id\":\"https:\/\/grandboatline.com\/terms-and-conditions\/#breadcrumb\"},\"inLanguage\":\"zh-HK\",\"potentialAction\":[{\"@type\":\"ReadAction\",\"target\":[\"https:\/\/grandboatline.com\/terms-and-conditions\/\"]}]},{\"@type\":\"BreadcrumbList\",\"@id\":\"https:\/\/grandboatline.com\/terms-and-conditions\/#breadcrumb\",\"itemListElement\":[{\"@type\":\"ListItem\",\"position\":1,\"name\":\"Home\",\"item\":\"https:\/\/grandboatline.com\/\"},{\"@type\":\"ListItem\",\"position\":2,\"name\":\"Terms and Conditions\"}]},{\"@type\":\"WebSite\",\"@id\":\"https:\/\/grandboatline.com\/#website\",\"url\":\"https:\/\/grandboatline.com\/\",\"name\":\"grand boat line\",\"description\":\"\",\"publisher\":{\"@id\":\"https:\/\/grandboatline.com\/#organization\"},\"potentialAction\":[{\"@type\":\"SearchAction\",\"target\":{\"@type\":\"EntryPoint\",\"urlTemplate\":\"https:\/\/grandboatline.com\/?s={search_term_string}\"},\"query-input\":{\"@type\":\"PropertyValueSpecification\",\"valueRequired\":true,\"valueName\":\"search_term_string\"}}],\"inLanguage\":\"zh-HK\"},{\"@type\":\"Organization\",\"@id\":\"https:\/\/grandboatline.com\/#organization\",\"name\":\"grand boat line\",\"url\":\"https:\/\/grandboatline.com\/\",\"logo\":{\"@type\":\"ImageObject\",\"inLanguage\":\"zh-HK\",\"@id\":\"https:\/\/grandboatline.com\/#\/schema\/logo\/image\/\",\"url\":\"https:\/\/grandboatline.com\/wp-content\/uploads\/2024\/03\/grandboatline_menu_logo.png\",\"contentUrl\":\"https:\/\/grandboatline.com\/wp-content\/uploads\/2024\/03\/grandboatline_menu_logo.png\",\"width\":600,\"height\":323,\"caption\":\"grand boat line\"},\"image\":{\"@id\":\"https:\/\/grandboatline.com\/#\/schema\/logo\/image\/\"}}]}<\/script>\n<!-- \/ Yoast SEO Premium plugin. -->","yoast_head_json":{"title":"Terms and Conditions - grand boat line","robots":{"index":"index","follow":"follow","max-snippet":"max-snippet:-1","max-image-preview":"max-image-preview:large","max-video-preview":"max-video-preview:-1"},"canonical":"https:\/\/grandboatline.com\/zh\/terms-and-conditions\/","og_locale":"zh_HK","og_type":"article","og_title":"Terms and Conditions","og_description":"Terms and Conditions A \u201cClient\u201d is all persons named on the booking form intending to travel with BEZAK TUR\u0130ZM \u0130N\u015eAAT NAKL\u0130YAT L\u0130M\u0130TED \u015e\u0130RKET\u0130.A \u201cProduct\u201d is any service sold by BEZAK TUR\u0130ZM \u0130N\u015eAAT NAKL\u0130YAT L\u0130M\u0130TED \u015e\u0130RKET\u0130, referred to as \u201cBEZAK Travel\u201d.All clients will be deemed to have read, understood, and accepted all Booking Conditions.To confirm a [&hellip;]","og_url":"https:\/\/grandboatline.com\/zh\/terms-and-conditions\/","og_site_name":"grand boat line","article_modified_time":"2026-01-12T18:23:44+00:00","twitter_card":"summary_large_image","twitter_misc":{"\u9810\u8a08\u95b1\u8b80\u6642\u9593":"8 \u5206\u9418"},"schema":{"@context":"https:\/\/schema.org","@graph":[{"@type":"WebPage","@id":"https:\/\/grandboatline.com\/terms-and-conditions\/","url":"https:\/\/grandboatline.com\/terms-and-conditions\/","name":"Terms and Conditions - grand boat line","isPartOf":{"@id":"https:\/\/grandboatline.com\/#website"},"datePublished":"2024-05-29T12:03:47+00:00","dateModified":"2026-01-12T18:23:44+00:00","breadcrumb":{"@id":"https:\/\/grandboatline.com\/terms-and-conditions\/#breadcrumb"},"inLanguage":"zh-HK","potentialAction":[{"@type":"ReadAction","target":["https:\/\/grandboatline.com\/terms-and-conditions\/"]}]},{"@type":"BreadcrumbList","@id":"https:\/\/grandboatline.com\/terms-and-conditions\/#breadcrumb","itemListElement":[{"@type":"ListItem","position":1,"name":"Home","item":"https:\/\/grandboatline.com\/"},{"@type":"ListItem","position":2,"name":"Terms and Conditions"}]},{"@type":"WebSite","@id":"https:\/\/grandboatline.com\/#website","url":"https:\/\/grandboatline.com\/","name":"grand boat line","description":"","publisher":{"@id":"https:\/\/grandboatline.com\/#organization"},"potentialAction":[{"@type":"SearchAction","target":{"@type":"EntryPoint","urlTemplate":"https:\/\/grandboatline.com\/?s={search_term_string}"},"query-input":{"@type":"PropertyValueSpecification","valueRequired":true,"valueName":"search_term_string"}}],"inLanguage":"zh-HK"},{"@type":"Organization","@id":"https:\/\/grandboatline.com\/#organization","name":"grand boat line","url":"https:\/\/grandboatline.com\/","logo":{"@type":"ImageObject","inLanguage":"zh-HK","@id":"https:\/\/grandboatline.com\/#\/schema\/logo\/image\/","url":"https:\/\/grandboatline.com\/wp-content\/uploads\/2024\/03\/grandboatline_menu_logo.png","contentUrl":"https:\/\/grandboatline.com\/wp-content\/uploads\/2024\/03\/grandboatline_menu_logo.png","width":600,"height":323,"caption":"grand boat line"},"image":{"@id":"https:\/\/grandboatline.com\/#\/schema\/logo\/image\/"}}]}},"jetpack_sharing_enabled":true,"_links":{"self":[{"href":"https:\/\/grandboatline.com\/zh\/wp-json\/wp\/v2\/pages\/1085","targetHints":{"allow":["GET"]}}],"collection":[{"href":"https:\/\/grandboatline.com\/zh\/wp-json\/wp\/v2\/pages"}],"about":[{"href":"https:\/\/grandboatline.com\/zh\/wp-json\/wp\/v2\/types\/page"}],"author":[{"embeddable":true,"href":"https:\/\/grandboatline.com\/zh\/wp-json\/wp\/v2\/users\/1"}],"replies":[{"embeddable":true,"href":"https:\/\/grandboatline.com\/zh\/wp-json\/wp\/v2\/comments?post=1085"}],"version-history":[{"count":9,"href":"https:\/\/grandboatline.com\/zh\/wp-json\/wp\/v2\/pages\/1085\/revisions"}],"predecessor-version":[{"id":2475,"href":"https:\/\/grandboatline.com\/zh\/wp-json\/wp\/v2\/pages\/1085\/revisions\/2475"}],"wp:attachment":[{"href":"https:\/\/grandboatline.com\/zh\/wp-json\/wp\/v2\/media?parent=1085"}],"curies":[{"name":"wp","href":"https:\/\/api.w.org\/{rel}","templated":true}]}}