{"id":2060,"date":"2025-06-03T15:00:48","date_gmt":"2025-06-03T12:00:48","guid":{"rendered":"https:\/\/grandboatline.com\/product\/sunset-bosphorus-cruise-istanbul-unforgettable-golden-horn-bosphorus-sunset-tour\/"},"modified":"2025-06-14T19:28:57","modified_gmt":"2025-06-14T16:28:57","slug":"sunset-bosphorus-cruise-istanbul-unforgettable-golden-horn-bosphorus-sunset-tour","status":"publish","type":"product","link":"https:\/\/grandboatline.com\/tr\/urun\/sunset-bosphorus-cruise-istanbul-unforgettable-golden-horn-bosphorus-sunset-tour\/","title":{"rendered":"G\u00fcn Bat\u0131m\u0131 Bo\u011faz Gezisi \u0130stanbul - Unutulmaz Hali\u00e7 ve Bo\u011faz G\u00fcn Bat\u0131m\u0131 Turu"},"content":{"rendered":"","protected":false},"excerpt":{"rendered":"","protected":false},"featured_media":0,"comment_status":"closed","ping_status":"closed","template":"","meta":{"om_disable_all_campaigns":false,"_monsterinsights_skip_tracking":false,"_monsterinsights_sitenote_active":false,"_monsterinsights_sitenote_note":"","_monsterinsights_sitenote_category":0,"_uf_show_specific_survey":0,"_uf_disable_surveys":false},"product_brand":[],"product_cat":[],"product_tag":[],"class_list":{"0":"post-2060","1":"product","2":"type-product","3":"status-publish","4":"has-post-thumbnail","7":"first","8":"instock","9":"sold-individually","10":"shipping-taxable","11":"purchasable","12":"product-type-variable"},"yoast_head":"<!-- This site is optimized with the Yoast SEO Premium plugin v27.1 (Yoast SEO v27.2) - https:\/\/yoast.com\/product\/yoast-seo-premium-wordpress\/ -->\n<title>Sunset Bosphorus Cruise Istanbul \u2013 Unforgettable Golden Horn &#038; Bosphorus Sunset Tour - grand boat line<\/title>\n<meta name=\"robots\" content=\"index, follow, max-snippet:-1, max-image-preview:large, max-video-preview:-1\" \/>\n<link rel=\"canonical\" href=\"https:\/\/grandboatline.com\/tr\/urun\/sunset-bosphorus-cruise-istanbul-unforgettable-golden-horn-bosphorus-sunset-tour\/\" \/>\n<meta property=\"og:locale\" content=\"tr_TR\" \/>\n<meta property=\"og:type\" content=\"article\" \/>\n<meta property=\"og:title\" content=\"Sunset Bosphorus Cruise Istanbul \u2013 Unforgettable Golden Horn &#038; Bosphorus Sunset Tour\" \/>\n<meta property=\"og:url\" content=\"https:\/\/grandboatline.com\/tr\/urun\/sunset-bosphorus-cruise-istanbul-unforgettable-golden-horn-bosphorus-sunset-tour\/\" \/>\n<meta property=\"og:site_name\" content=\"grand boat line\" \/>\n<meta property=\"article:modified_time\" content=\"2025-06-14T16:28:57+00:00\" \/>\n<meta name=\"twitter:card\" content=\"summary_large_image\" \/>\n<script type=\"application\/ld+json\" class=\"yoast-schema-graph\">{\"@context\":\"https:\/\/schema.org\",\"@graph\":[{\"@type\":\"WebPage\",\"@id\":\"https:\/\/grandboatline.com\/product\/sunset-bosphorus-cruise-istanbul-unforgettable-golden-horn-bosphorus-sunset-tour\/\",\"url\":\"https:\/\/grandboatline.com\/product\/sunset-bosphorus-cruise-istanbul-unforgettable-golden-horn-bosphorus-sunset-tour\/\",\"name\":\"Sunset Bosphorus Cruise Istanbul \u2013 Unforgettable Golden Horn &#038; Bosphorus Sunset Tour - grand boat line\",\"isPartOf\":{\"@id\":\"https:\/\/grandboatline.com\/#website\"},\"datePublished\":\"2025-06-03T12:00:48+00:00\",\"dateModified\":\"2025-06-14T16:28:57+00:00\",\"breadcrumb\":{\"@id\":\"https:\/\/grandboatline.com\/product\/sunset-bosphorus-cruise-istanbul-unforgettable-golden-horn-bosphorus-sunset-tour\/#breadcrumb\"},\"inLanguage\":\"tr\",\"potentialAction\":[{\"@type\":\"ReadAction\",\"target\":[\"https:\/\/grandboatline.com\/product\/sunset-bosphorus-cruise-istanbul-unforgettable-golden-horn-bosphorus-sunset-tour\/\"]}]},{\"@type\":\"BreadcrumbList\",\"@id\":\"https:\/\/grandboatline.com\/product\/sunset-bosphorus-cruise-istanbul-unforgettable-golden-horn-bosphorus-sunset-tour\/#breadcrumb\",\"itemListElement\":[{\"@type\":\"ListItem\",\"position\":1,\"name\":\"Home\",\"item\":\"https:\/\/grandboatline.com\/\"},{\"@type\":\"ListItem\",\"position\":2,\"name\":\"Products\",\"item\":\"https:\/\/grandboatline.com\/shop\/\"},{\"@type\":\"ListItem\",\"position\":3,\"name\":\"Sunset Bosphorus Cruise Istanbul \u2013 Unforgettable Golden Horn &#038; Bosphorus Sunset Tour\"}]},{\"@type\":\"WebSite\",\"@id\":\"https:\/\/grandboatline.com\/#website\",\"url\":\"https:\/\/grandboatline.com\/\",\"name\":\"grand boat line\",\"description\":\"\",\"publisher\":{\"@id\":\"https:\/\/grandboatline.com\/#organization\"},\"potentialAction\":[{\"@type\":\"SearchAction\",\"target\":{\"@type\":\"EntryPoint\",\"urlTemplate\":\"https:\/\/grandboatline.com\/?s={search_term_string}\"},\"query-input\":{\"@type\":\"PropertyValueSpecification\",\"valueRequired\":true,\"valueName\":\"search_term_string\"}}],\"inLanguage\":\"tr\"},{\"@type\":\"Organization\",\"@id\":\"https:\/\/grandboatline.com\/#organization\",\"name\":\"grand boat line\",\"url\":\"https:\/\/grandboatline.com\/\",\"logo\":{\"@type\":\"ImageObject\",\"inLanguage\":\"tr\",\"@id\":\"https:\/\/grandboatline.com\/#\/schema\/logo\/image\/\",\"url\":\"https:\/\/grandboatline.com\/wp-content\/uploads\/2024\/03\/grandboatline_menu_logo.png\",\"contentUrl\":\"https:\/\/grandboatline.com\/wp-content\/uploads\/2024\/03\/grandboatline_menu_logo.png\",\"width\":600,\"height\":323,\"caption\":\"grand boat line\"},\"image\":{\"@id\":\"https:\/\/grandboatline.com\/#\/schema\/logo\/image\/\"}}]}<\/script>\n<!-- \/ Yoast SEO Premium plugin. -->","yoast_head_json":{"title":"Sunset Bosphorus Cruise Istanbul \u2013 Unforgettable Golden Horn &#038; Bosphorus Sunset Tour - grand boat line","robots":{"index":"index","follow":"follow","max-snippet":"max-snippet:-1","max-image-preview":"max-image-preview:large","max-video-preview":"max-video-preview:-1"},"canonical":"https:\/\/grandboatline.com\/tr\/urun\/sunset-bosphorus-cruise-istanbul-unforgettable-golden-horn-bosphorus-sunset-tour\/","og_locale":"tr_TR","og_type":"article","og_title":"Sunset Bosphorus Cruise Istanbul \u2013 Unforgettable Golden Horn &#038; Bosphorus Sunset Tour","og_url":"https:\/\/grandboatline.com\/tr\/urun\/sunset-bosphorus-cruise-istanbul-unforgettable-golden-horn-bosphorus-sunset-tour\/","og_site_name":"grand boat line","article_modified_time":"2025-06-14T16:28:57+00:00","twitter_card":"summary_large_image","schema":{"@context":"https:\/\/schema.org","@graph":[{"@type":"WebPage","@id":"https:\/\/grandboatline.com\/product\/sunset-bosphorus-cruise-istanbul-unforgettable-golden-horn-bosphorus-sunset-tour\/","url":"https:\/\/grandboatline.com\/product\/sunset-bosphorus-cruise-istanbul-unforgettable-golden-horn-bosphorus-sunset-tour\/","name":"Sunset Bosphorus Cruise Istanbul \u2013 Unforgettable Golden Horn &#038; Bosphorus Sunset Tour - grand boat line","isPartOf":{"@id":"https:\/\/grandboatline.com\/#website"},"datePublished":"2025-06-03T12:00:48+00:00","dateModified":"2025-06-14T16:28:57+00:00","breadcrumb":{"@id":"https:\/\/grandboatline.com\/product\/sunset-bosphorus-cruise-istanbul-unforgettable-golden-horn-bosphorus-sunset-tour\/#breadcrumb"},"inLanguage":"tr","potentialAction":[{"@type":"ReadAction","target":["https:\/\/grandboatline.com\/product\/sunset-bosphorus-cruise-istanbul-unforgettable-golden-horn-bosphorus-sunset-tour\/"]}]},{"@type":"BreadcrumbList","@id":"https:\/\/grandboatline.com\/product\/sunset-bosphorus-cruise-istanbul-unforgettable-golden-horn-bosphorus-sunset-tour\/#breadcrumb","itemListElement":[{"@type":"ListItem","position":1,"name":"Home","item":"https:\/\/grandboatline.com\/"},{"@type":"ListItem","position":2,"name":"Products","item":"https:\/\/grandboatline.com\/shop\/"},{"@type":"ListItem","position":3,"name":"Sunset Bosphorus Cruise Istanbul \u2013 Unforgettable Golden Horn &#038; Bosphorus Sunset Tour"}]},{"@type":"WebSite","@id":"https:\/\/grandboatline.com\/#website","url":"https:\/\/grandboatline.com\/","name":"grand boat line","description":"","publisher":{"@id":"https:\/\/grandboatline.com\/#organization"},"potentialAction":[{"@type":"SearchAction","target":{"@type":"EntryPoint","urlTemplate":"https:\/\/grandboatline.com\/?s={search_term_string}"},"query-input":{"@type":"PropertyValueSpecification","valueRequired":true,"valueName":"search_term_string"}}],"inLanguage":"tr"},{"@type":"Organization","@id":"https:\/\/grandboatline.com\/#organization","name":"grand boat line","url":"https:\/\/grandboatline.com\/","logo":{"@type":"ImageObject","inLanguage":"tr","@id":"https:\/\/grandboatline.com\/#\/schema\/logo\/image\/","url":"https:\/\/grandboatline.com\/wp-content\/uploads\/2024\/03\/grandboatline_menu_logo.png","contentUrl":"https:\/\/grandboatline.com\/wp-content\/uploads\/2024\/03\/grandboatline_menu_logo.png","width":600,"height":323,"caption":"grand boat line"},"image":{"@id":"https:\/\/grandboatline.com\/#\/schema\/logo\/image\/"}}]}},"jetpack_sharing_enabled":true,"_links":{"self":[{"href":"https:\/\/grandboatline.com\/tr\/wp-json\/wp\/v2\/product\/2060","targetHints":{"allow":["GET"]}}],"collection":[{"href":"https:\/\/grandboatline.com\/tr\/wp-json\/wp\/v2\/product"}],"about":[{"href":"https:\/\/grandboatline.com\/tr\/wp-json\/wp\/v2\/types\/product"}],"replies":[{"embeddable":true,"href":"https:\/\/grandboatline.com\/tr\/wp-json\/wp\/v2\/comments?post=2060"}],"wp:attachment":[{"href":"https:\/\/grandboatline.com\/tr\/wp-json\/wp\/v2\/media?parent=2060"}],"wp:term":[{"taxonomy":"product_brand","embeddable":true,"href":"https:\/\/grandboatline.com\/tr\/wp-json\/wp\/v2\/product_brand?post=2060"},{"taxonomy":"product_cat","embeddable":true,"href":"https:\/\/grandboatline.com\/tr\/wp-json\/wp\/v2\/product_cat?post=2060"},{"taxonomy":"product_tag","embeddable":true,"href":"https:\/\/grandboatline.com\/tr\/wp-json\/wp\/v2\/product_tag?post=2060"}],"curies":[{"name":"wp","href":"https:\/\/api.w.org\/{rel}","templated":true}]}}