{"id":358,"date":"2024-04-15T14:08:16","date_gmt":"2024-04-15T11:08:16","guid":{"rendered":"https:\/\/grandboatline.com\/?page_id=358"},"modified":"2026-01-24T11:33:58","modified_gmt":"2026-01-24T08:33:58","slug":"bosphorus-cruise-istanbul-meeting-point","status":"publish","type":"page","link":"https:\/\/grandboatline.com\/tr\/bosphorus-cruise-istanbul-meeting-point\/","title":{"rendered":"Bulu\u015fma Noktalar\u0131 &amp; Ba\u015flang\u0131\u00e7 Yeri - Bosphorus Cruise \u0130stanbul"},"content":{"rendered":"<p>Bo\u011faz turu \u0130stanbul bulu\u015fma noktalar\u0131, turlar\u0131m\u0131za kat\u0131lan t\u00fcm misafirlerimiz i\u00e7in sorunsuz, net ve stressiz bir deneyim sa\u011flamak i\u00e7in \u00f6zenle se\u00e7ilmi\u015ftir.<\/p>\n\n\n\n<h3 class=\"wp-block-heading\">\ud83d\udccd Bulu\u015fma Noktas\u0131 1 - Gazete Pazar\u0131 (Sultanahmet)<\/h3>\n\n\n\n<p>Bu <strong>Gazete Market<\/strong> Sultanahmet Meydan\u0131 yak\u0131n\u0131nda merkezi bir konumda bulunan ana bulu\u015fma noktalar\u0131m\u0131zdan biridir. Konuklar kalk\u0131\u015f iskelesine y\u00f6nlendirilmeden \u00f6nce burada kar\u015f\u0131lan\u0131r.<\/p>\n\n\n\n<iframe src=\"https:\/\/www.google.com\/maps\/embed?pb=!1m14!1m8!1m3!1d24086.408230600002!2d28.979138!3d41.007728!3m2!1i1024!2i768!4f13.1!3m3!1m2!1s0x14cab9bdd336f239%3A0x86dc94f7414f2caf!2sCankurtaran%2C%20Ayasofya%20Meydan%C4%B1%2C%2034122%20Fatih%2F%C4%B0stanbul%2C%20T%C3%BCrkiye!5e0!3m2!1str!2sus!4v1768240598835!5m2!1str!2sus\" width=\"600\" height=\"450\" style=\"border:0;\" allowfullscreen=\"\" loading=\"lazy\" referrerpolicy=\"no-referrer-when-downgrade\"><\/iframe>\n\n\n\n<p>\ud83c\udfa5 <strong>Bulu\u015fma Noktas\u0131 Videosu - Gazete Market<\/strong><br>Tam konumu ve \u00e7evresini buradan izleyin:<br><a href=\"https:\/\/www.youtube.com\/watch?v=m93dMkBk4UE\">https:\/\/www.youtube.com\/watch?v=m93dMkBk4UE<\/a><\/p>\n\n\n\n<p>Bu bulu\u015fma noktas\u0131 Ayasofya, Sultanahmet Camii ve yak\u0131ndaki otellerden y\u00fcr\u00fcyerek kolayca ula\u015f\u0131labilecek bir konumda olup, otelimize kat\u0131lan misafirler i\u00e7in idealdir. <strong>\u0130stanbul Bo\u011faz turu<\/strong>.<\/p>\n\n\n\n<hr class=\"wp-block-separator has-alpha-channel-opacity\"\/>\n\n\n\n<h3 class=\"wp-block-heading\">\ud83d\udccd Bulu\u015fma Noktas\u0131 2 - Cafe Minare<\/h3>\n\n\n\n<p><strong>Cafe Minare<\/strong> se\u00e7ilen turlar i\u00e7in alternatif bir bulu\u015fma noktas\u0131 olarak hizmet vermektedir. Merkezi konumu, \u00f6zellikle yo\u011fun sezonlarda misafirlerin gemi yolculu\u011fundan \u00f6nce rahat\u00e7a bir araya gelmelerini sa\u011flar.<\/p>\n\n\n\n<p>Konuklar\u0131n zaman\u0131nda ve kar\u0131\u015f\u0131kl\u0131k olmadan varmalar\u0131n\u0131 sa\u011flamak i\u00e7in rezervasyondan sonra net talimatlar verilmektedir.<\/p>\n\n\n\n<iframe src=\"https:\/\/www.google.com\/maps\/embed?pb=!1m14!1m8!1m3!1d24086.309169934826!2d28.98026!3d41.007999!3m2!1i1024!2i768!4f13.1!3m3!1m2!1s0x14cab9be9ebe0ac1%3A0x2f10190c21e2db8!2sCafe%20Minared!5e0!3m2!1str!2sus!4v1768240643231!5m2!1str!2sus\" width=\"600\" height=\"450\" style=\"border:0;\" allowfullscreen=\"\" loading=\"lazy\" referrerpolicy=\"no-referrer-when-downgrade\"><\/iframe>\n\n\n\n<hr class=\"wp-block-separator has-alpha-channel-opacity\"\/>\n\n\n\n<h3 class=\"wp-block-heading\">\ud83d\udea2 Ba\u015flang\u0131\u00e7 Noktas\u0131 - Ah\u0131rkap\u0131 \u0130skelesi<\/h3>\n\n\n\n<p>T\u00fcm gemi turlar\u0131 resmi olarak <strong>Ah\u0131rkap\u0131 \u0130skelesi<\/strong>Sultanahmet'e yak\u0131n, iyi bilinen ve kolay eri\u015filebilir bir iskele.<\/p>\n\n\n\n<p>Belirlenen bulu\u015fma noktas\u0131nda bulu\u015ftuktan sonra konuklar Ah\u0131rkap\u0131 \u0130skelesi'ne g\u00f6t\u00fcr\u00fcl\u00fcr ve burada <strong>Bo\u011faz turu \u0130stanbul<\/strong> yolculuk ba\u015fl\u0131yor. Buradan teknelerimiz, \u0130stanbul'un sil\u00fcetinin unutulmaz manzaralar\u0131n\u0131 sunan muhte\u015fem Bo\u011faz boyunca yelken a\u00e7\u0131yor.<\/p>\n\n\n\n<iframe src=\"https:\/\/www.google.com\/maps\/embed?pb=!1m14!1m8!1m3!1d24087.92733699311!2d28.982335999999997!3d41.003572!3m2!1i1024!2i768!4f13.1!3m3!1m2!1s0x14cab9bb5ebc731d%3A0x7ef7dc65fa3b5e6e!2zQWjEsXJrYXDEsSDEsHNrZWxlc2k!5e0!3m2!1str!2sus!4v1768240693544!5m2!1str!2sus\" width=\"600\" height=\"450\" style=\"border:0;\" allowfullscreen=\"\" loading=\"lazy\" referrerpolicy=\"no-referrer-when-downgrade\"><\/iframe>\n\n\n\n<p><\/p>","protected":false},"excerpt":{"rendered":"<p>Bosphorus cruise Istanbul meeting points are carefully selected to ensure a smooth, clear and stress-free experience for all guests joining our tours. \ud83d\udccd Meeting Point 1 \u2013 Gazete Market (Sultanahmet) The Gazete Market is one of our main meeting points, centrally located near Sultanahmet Square. Guests are welcomed here before being guided to the departure [&hellip;]<\/p>","protected":false},"author":1,"featured_media":232,"parent":0,"menu_order":0,"comment_status":"closed","ping_status":"closed","template":"","meta":{"om_disable_all_campaigns":false,"_monsterinsights_skip_tracking":false,"_monsterinsights_sitenote_active":false,"_monsterinsights_sitenote_note":"","_monsterinsights_sitenote_category":0,"_uf_show_specific_survey":0,"_uf_disable_surveys":false,"footnotes":""},"class_list":["post-358","page","type-page","status-publish","has-post-thumbnail","hentry"],"yoast_head":"<!-- This site is optimized with the Yoast SEO Premium plugin v27.1 (Yoast SEO v27.2) - https:\/\/yoast.com\/product\/yoast-seo-premium-wordpress\/ -->\n<title>Meeting Points &amp; Starting Location \u2013 Bosphorus Cruise Istanbul - grand boat line<\/title>\n<meta name=\"description\" content=\"Bosphorus cruise Istanbul meeting points are carefully selected to ensure a smooth, clear and stress-free experience for all guests joining our tours.\" \/>\n<meta name=\"robots\" content=\"index, follow, max-snippet:-1, max-image-preview:large, max-video-preview:-1\" \/>\n<link rel=\"canonical\" href=\"https:\/\/grandboatline.com\/tr\/bosphorus-cruise-istanbul-meeting-point\/\" \/>\n<meta property=\"og:locale\" content=\"tr_TR\" \/>\n<meta property=\"og:type\" content=\"article\" \/>\n<meta property=\"og:title\" content=\"Meeting Points &amp; Starting Location \u2013 Bosphorus Cruise Istanbul\" \/>\n<meta property=\"og:description\" content=\"Bosphorus cruise Istanbul meeting points are carefully selected to ensure a smooth, clear and stress-free experience for all guests joining our tours.\" \/>\n<meta property=\"og:url\" content=\"https:\/\/grandboatline.com\/tr\/bosphorus-cruise-istanbul-meeting-point\/\" \/>\n<meta property=\"og:site_name\" content=\"grand boat line\" \/>\n<meta property=\"article:modified_time\" content=\"2026-01-24T08:33:58+00:00\" \/>\n<meta property=\"og:image\" content=\"https:\/\/grandboatline.com\/wp-content\/uploads\/2024\/03\/grand_boat_line_Istanbul_Tours.jpg\" \/>\n\t<meta property=\"og:image:width\" content=\"600\" \/>\n\t<meta property=\"og:image:height\" content=\"600\" \/>\n\t<meta property=\"og:image:type\" content=\"image\/jpeg\" \/>\n<meta name=\"twitter:card\" content=\"summary_large_image\" \/>\n<meta name=\"twitter:label1\" content=\"Tahmini okuma s\u00fcresi\" \/>\n\t<meta name=\"twitter:data1\" content=\"2 dakika\" \/>\n<script type=\"application\/ld+json\" class=\"yoast-schema-graph\">{\"@context\":\"https:\/\/schema.org\",\"@graph\":[{\"@type\":\"WebPage\",\"@id\":\"https:\/\/grandboatline.com\/bosphorus-cruise-istanbul-meeting-point\/\",\"url\":\"https:\/\/grandboatline.com\/bosphorus-cruise-istanbul-meeting-point\/\",\"name\":\"Meeting Points &amp; Starting Location \u2013 Bosphorus Cruise Istanbul - grand boat line\",\"isPartOf\":{\"@id\":\"https:\/\/grandboatline.com\/#website\"},\"primaryImageOfPage\":{\"@id\":\"https:\/\/grandboatline.com\/bosphorus-cruise-istanbul-meeting-point\/#primaryimage\"},\"image\":{\"@id\":\"https:\/\/grandboatline.com\/bosphorus-cruise-istanbul-meeting-point\/#primaryimage\"},\"thumbnailUrl\":\"https:\/\/grandboatline.com\/wp-content\/uploads\/2024\/03\/grand_boat_line_Istanbul_Tours.jpg\",\"datePublished\":\"2024-04-15T11:08:16+00:00\",\"dateModified\":\"2026-01-24T08:33:58+00:00\",\"description\":\"Bosphorus cruise Istanbul meeting points are carefully selected to ensure a smooth, clear and stress-free experience for all guests joining our tours.\",\"breadcrumb\":{\"@id\":\"https:\/\/grandboatline.com\/bosphorus-cruise-istanbul-meeting-point\/#breadcrumb\"},\"inLanguage\":\"tr\",\"potentialAction\":[{\"@type\":\"ReadAction\",\"target\":[\"https:\/\/grandboatline.com\/bosphorus-cruise-istanbul-meeting-point\/\"]}]},{\"@type\":\"ImageObject\",\"inLanguage\":\"tr\",\"@id\":\"https:\/\/grandboatline.com\/bosphorus-cruise-istanbul-meeting-point\/#primaryimage\",\"url\":\"https:\/\/grandboatline.com\/wp-content\/uploads\/2024\/03\/grand_boat_line_Istanbul_Tours.jpg\",\"contentUrl\":\"https:\/\/grandboatline.com\/wp-content\/uploads\/2024\/03\/grand_boat_line_Istanbul_Tours.jpg\",\"width\":600,\"height\":600},{\"@type\":\"BreadcrumbList\",\"@id\":\"https:\/\/grandboatline.com\/bosphorus-cruise-istanbul-meeting-point\/#breadcrumb\",\"itemListElement\":[{\"@type\":\"ListItem\",\"position\":1,\"name\":\"Home\",\"item\":\"https:\/\/grandboatline.com\/\"},{\"@type\":\"ListItem\",\"position\":2,\"name\":\"Meeting Points &amp; Starting Location \u2013 Bosphorus Cruise Istanbul\"}]},{\"@type\":\"WebSite\",\"@id\":\"https:\/\/grandboatline.com\/#website\",\"url\":\"https:\/\/grandboatline.com\/\",\"name\":\"grand boat line\",\"description\":\"\",\"publisher\":{\"@id\":\"https:\/\/grandboatline.com\/#organization\"},\"potentialAction\":[{\"@type\":\"SearchAction\",\"target\":{\"@type\":\"EntryPoint\",\"urlTemplate\":\"https:\/\/grandboatline.com\/?s={search_term_string}\"},\"query-input\":{\"@type\":\"PropertyValueSpecification\",\"valueRequired\":true,\"valueName\":\"search_term_string\"}}],\"inLanguage\":\"tr\"},{\"@type\":\"Organization\",\"@id\":\"https:\/\/grandboatline.com\/#organization\",\"name\":\"grand boat line\",\"url\":\"https:\/\/grandboatline.com\/\",\"logo\":{\"@type\":\"ImageObject\",\"inLanguage\":\"tr\",\"@id\":\"https:\/\/grandboatline.com\/#\/schema\/logo\/image\/\",\"url\":\"https:\/\/grandboatline.com\/wp-content\/uploads\/2024\/03\/grandboatline_menu_logo.png\",\"contentUrl\":\"https:\/\/grandboatline.com\/wp-content\/uploads\/2024\/03\/grandboatline_menu_logo.png\",\"width\":600,\"height\":323,\"caption\":\"grand boat line\"},\"image\":{\"@id\":\"https:\/\/grandboatline.com\/#\/schema\/logo\/image\/\"}}]}<\/script>\n<!-- \/ Yoast SEO Premium plugin. -->","yoast_head_json":{"title":"Meeting Points &amp; Starting Location \u2013 Bosphorus Cruise Istanbul - grand boat line","description":"Bosphorus cruise Istanbul meeting points are carefully selected to ensure a smooth, clear and stress-free experience for all guests joining our tours.","robots":{"index":"index","follow":"follow","max-snippet":"max-snippet:-1","max-image-preview":"max-image-preview:large","max-video-preview":"max-video-preview:-1"},"canonical":"https:\/\/grandboatline.com\/tr\/bosphorus-cruise-istanbul-meeting-point\/","og_locale":"tr_TR","og_type":"article","og_title":"Meeting Points &amp; Starting Location \u2013 Bosphorus Cruise Istanbul","og_description":"Bosphorus cruise Istanbul meeting points are carefully selected to ensure a smooth, clear and stress-free experience for all guests joining our tours.","og_url":"https:\/\/grandboatline.com\/tr\/bosphorus-cruise-istanbul-meeting-point\/","og_site_name":"grand boat line","article_modified_time":"2026-01-24T08:33:58+00:00","og_image":[{"width":600,"height":600,"url":"https:\/\/grandboatline.com\/wp-content\/uploads\/2024\/03\/grand_boat_line_Istanbul_Tours.jpg","type":"image\/jpeg"}],"twitter_card":"summary_large_image","twitter_misc":{"Tahmini okuma s\u00fcresi":"2 dakika"},"schema":{"@context":"https:\/\/schema.org","@graph":[{"@type":"WebPage","@id":"https:\/\/grandboatline.com\/bosphorus-cruise-istanbul-meeting-point\/","url":"https:\/\/grandboatline.com\/bosphorus-cruise-istanbul-meeting-point\/","name":"Meeting Points &amp; Starting Location \u2013 Bosphorus Cruise Istanbul - grand boat line","isPartOf":{"@id":"https:\/\/grandboatline.com\/#website"},"primaryImageOfPage":{"@id":"https:\/\/grandboatline.com\/bosphorus-cruise-istanbul-meeting-point\/#primaryimage"},"image":{"@id":"https:\/\/grandboatline.com\/bosphorus-cruise-istanbul-meeting-point\/#primaryimage"},"thumbnailUrl":"https:\/\/grandboatline.com\/wp-content\/uploads\/2024\/03\/grand_boat_line_Istanbul_Tours.jpg","datePublished":"2024-04-15T11:08:16+00:00","dateModified":"2026-01-24T08:33:58+00:00","description":"Bosphorus cruise Istanbul meeting points are carefully selected to ensure a smooth, clear and stress-free experience for all guests joining our tours.","breadcrumb":{"@id":"https:\/\/grandboatline.com\/bosphorus-cruise-istanbul-meeting-point\/#breadcrumb"},"inLanguage":"tr","potentialAction":[{"@type":"ReadAction","target":["https:\/\/grandboatline.com\/bosphorus-cruise-istanbul-meeting-point\/"]}]},{"@type":"ImageObject","inLanguage":"tr","@id":"https:\/\/grandboatline.com\/bosphorus-cruise-istanbul-meeting-point\/#primaryimage","url":"https:\/\/grandboatline.com\/wp-content\/uploads\/2024\/03\/grand_boat_line_Istanbul_Tours.jpg","contentUrl":"https:\/\/grandboatline.com\/wp-content\/uploads\/2024\/03\/grand_boat_line_Istanbul_Tours.jpg","width":600,"height":600},{"@type":"BreadcrumbList","@id":"https:\/\/grandboatline.com\/bosphorus-cruise-istanbul-meeting-point\/#breadcrumb","itemListElement":[{"@type":"ListItem","position":1,"name":"Home","item":"https:\/\/grandboatline.com\/"},{"@type":"ListItem","position":2,"name":"Meeting Points &amp; Starting Location \u2013 Bosphorus Cruise Istanbul"}]},{"@type":"WebSite","@id":"https:\/\/grandboatline.com\/#website","url":"https:\/\/grandboatline.com\/","name":"grand boat line","description":"","publisher":{"@id":"https:\/\/grandboatline.com\/#organization"},"potentialAction":[{"@type":"SearchAction","target":{"@type":"EntryPoint","urlTemplate":"https:\/\/grandboatline.com\/?s={search_term_string}"},"query-input":{"@type":"PropertyValueSpecification","valueRequired":true,"valueName":"search_term_string"}}],"inLanguage":"tr"},{"@type":"Organization","@id":"https:\/\/grandboatline.com\/#organization","name":"grand boat line","url":"https:\/\/grandboatline.com\/","logo":{"@type":"ImageObject","inLanguage":"tr","@id":"https:\/\/grandboatline.com\/#\/schema\/logo\/image\/","url":"https:\/\/grandboatline.com\/wp-content\/uploads\/2024\/03\/grandboatline_menu_logo.png","contentUrl":"https:\/\/grandboatline.com\/wp-content\/uploads\/2024\/03\/grandboatline_menu_logo.png","width":600,"height":323,"caption":"grand boat line"},"image":{"@id":"https:\/\/grandboatline.com\/#\/schema\/logo\/image\/"}}]}},"jetpack_sharing_enabled":true,"_links":{"self":[{"href":"https:\/\/grandboatline.com\/tr\/wp-json\/wp\/v2\/pages\/358","targetHints":{"allow":["GET"]}}],"collection":[{"href":"https:\/\/grandboatline.com\/tr\/wp-json\/wp\/v2\/pages"}],"about":[{"href":"https:\/\/grandboatline.com\/tr\/wp-json\/wp\/v2\/types\/page"}],"author":[{"embeddable":true,"href":"https:\/\/grandboatline.com\/tr\/wp-json\/wp\/v2\/users\/1"}],"replies":[{"embeddable":true,"href":"https:\/\/grandboatline.com\/tr\/wp-json\/wp\/v2\/comments?post=358"}],"version-history":[{"count":19,"href":"https:\/\/grandboatline.com\/tr\/wp-json\/wp\/v2\/pages\/358\/revisions"}],"predecessor-version":[{"id":2467,"href":"https:\/\/grandboatline.com\/tr\/wp-json\/wp\/v2\/pages\/358\/revisions\/2467"}],"wp:featuredmedia":[{"embeddable":true,"href":"https:\/\/grandboatline.com\/tr\/wp-json\/wp\/v2\/media\/232"}],"wp:attachment":[{"href":"https:\/\/grandboatline.com\/tr\/wp-json\/wp\/v2\/media?parent=358"}],"curies":[{"name":"wp","href":"https:\/\/api.w.org\/{rel}","templated":true}]}}