{"id":307,"date":"2024-04-22T15:30:56","date_gmt":"2024-04-22T12:30:56","guid":{"rendered":"https:\/\/grandboatline.com\/?page_id=307"},"modified":"2024-05-27T18:01:07","modified_gmt":"2024-05-27T15:01:07","slug":"privacy-policy","status":"publish","type":"page","link":"https:\/\/grandboatline.com\/tr\/privacy-policy\/","title":{"rendered":"Gizlilik Politikas\u0131"},"content":{"rendered":"<div data-elementor-type=\"wp-page\" data-elementor-id=\"307\" class=\"elementor elementor-307\" data-elementor-settings=\"{&quot;ha_cmc_init_switcher&quot;:&quot;no&quot;}\" data-elementor-post-type=\"page\">\n\t\t\t\t<div class=\"elementor-element elementor-element-e39f659 e-flex e-con-boxed e-con e-parent\" data-id=\"e39f659\" data-element_type=\"container\" data-e-type=\"container\" data-settings=\"{&quot;_ha_eqh_enable&quot;:false}\">\n\t\t\t\t\t<div class=\"e-con-inner\">\n\t\t\t\t<div class=\"elementor-element elementor-element-573a6f6 elementor-widget elementor-widget-text-editor\" data-id=\"573a6f6\" data-element_type=\"widget\" data-e-type=\"widget\" data-widget_type=\"text-editor.default\">\n\t\t\t\t<div class=\"elementor-widget-container\">\n\t\t\t\t\t\t\t\t\t<p>\u00a0Gizlilik uygulamalar\u0131m\u0131z hakk\u0131nda bilgi edinmek i\u00e7in l\u00fctfen Web Sitemizde bulunan G\u0130ZL\u0130L\u0130K POL\u0130T\u0130KAMIZI okuyunuz. Web sitesini ziyaret ederek burada belirtilen uygulamalar\u0131 kabul etmi\u015f olacaks\u0131n\u0131z.<\/p><h4><strong>Ald\u0131\u011f\u0131m\u0131z bilgiler hakk\u0131nda;<\/strong><\/h4><p>Web sitemize girdi\u011finiz veya ba\u015fka herhangi bir yolla bize g\u00f6nderdi\u011finiz her t\u00fcrl\u00fc bilgiyi kabul ediyoruz. Buna ad\u0131n\u0131z ve soyad\u0131n\u0131z, posta ve e-posta adresiniz, telefon numaran\u0131z, faks numaran\u0131z ve fatura verileriniz (kredi kart\u0131 numaran\u0131z\u0131n ilk ve son d\u00f6rt hanesi, kart sahibinin ad\u0131 ve son kullanma tarihi gibi) gibi kendinizi tan\u0131mlayan bilgiler (\"ki\u015fisel bilgiler\") dahildir. S\u00f6z konusu veriler, \u00fcye olarak kay\u0131t olman\u0131z, seyahat rezervasyonu yapman\u0131z, bir ankete, yar\u0131\u015fmaya veya \u00e7ekili\u015fe kat\u0131lman\u0131z, bize bir soru iletmeniz veya web sitemizdeki di\u011fer eylemleri ger\u00e7ekle\u015ftirmeniz i\u00e7in gereklidir. Web sitesi \u00fczerinden \u00fc\u00e7\u00fcnc\u00fc taraflar i\u00e7in rezervasyon yapt\u0131\u011f\u0131n\u0131zda, s\u00f6z konusu ki\u015finin ki\u015fisel bilgilerini ve seyahat tercihlerini talep edece\u011fiz. Ayr\u0131ca, ba\u015fka ki\u015filerin ki\u015fisel bilgilerini ve seyahat tercihlerini vermeden \u00f6nce onlardan izin alman\u0131z gerekir.<\/p><h4><strong>Bilgi kullan\u0131m\u0131<\/strong><\/h4><p>Faturalama verileriniz ve \u00f6deme ara\u00e7lar\u0131n\u0131z\u0131n detaylar\u0131 (kart sahibinin ad\u0131, kredi kart\u0131 numaran\u0131z\u0131n ilk ve son d\u00f6rt hanesi ve son kullanma tarihi gibi) web sitemiz \u00fczerinden yapt\u0131\u011f\u0131n\u0131z seyahat rezervasyonlar\u0131n\u0131n tamamlanmas\u0131 i\u00e7in \u00f6deme i\u015flemlerinde kullan\u0131lacakt\u0131r. Hakk\u0131n\u0131zdaki di\u011fer bilgiler, talep etti\u011finiz \u00fcr\u00fcn ve hizmetleri sa\u011flamak, g\u00fcncellemeleri ve seyahat onaylar\u0131n\u0131 iletmek, sorular\u0131n\u0131za ve yorumlar\u0131n\u0131za yan\u0131t vermek, \u00fcr\u00fcnlerimize, hizmetlerimize ve web sitemize olan ilgiyi \u00f6l\u00e7mek ve bunlar\u0131 geli\u015ftirmek, ilginizi \u00e7ekebilecek \u00f6zel teklifler, \u00fcr\u00fcnler ve hizmetler hakk\u0131nda sizi bilgilendirmek ve web sitesi deneyimini ihtiya\u00e7lar\u0131n\u0131za g\u00f6re uyarlamak, anla\u015fmazl\u0131klar\u0131 \u00e7\u00f6zmek, \u00fccretleri almak, olas\u0131 yasakl\u0131 veya yasa d\u0131\u015f\u0131 faaliyetleri \u00f6nlemek ve operasyon \u015fartlar\u0131m\u0131z\u0131n y\u00fcr\u00fct\u00fclmesini ve tamamlanmas\u0131n\u0131 sa\u011flamak i\u00e7in kullan\u0131lacakt\u0131r.<\/p><h4><strong>Bilgi payla\u015f\u0131m\u0131<\/strong><\/h4><p>Web sitesi verileriniz a\u015fa\u011f\u0131da belirtilen kurum ve kurulu\u015flarla payla\u015f\u0131labilir: Tedarik\u00e7ilerimiz, rezervasyonlar\u0131n\u0131z\u0131 kar\u015f\u0131layan oteller, havayolu \u015firketleri, ara\u00e7 kiralama ve aktivite sa\u011flay\u0131c\u0131lar\u0131d\u0131r. BEZAK TUR\u0130ZM \u0130N\u015e. \u00fczerinden yapm\u0131\u015f oldu\u011funuz seyahat rezervasyonlar\u0131n\u0131 kar\u015f\u0131lamak i\u00e7in gerekli olmad\u0131k\u00e7a, BEZAK TUR\u0130ZM \u0130N\u015e. NAK. LTD. \u015eT\u0130. \u00fczerinden yapt\u0131\u011f\u0131n\u0131z seyahat rezervasyonlar\u0131n\u0131 kar\u015f\u0131lamalar\u0131 gerekmedik\u00e7e, e-posta adresinizi bu tedarik\u00e7ilerle payla\u015fmay\u0131z. Tedarik\u00e7ilerimizin di\u011fer ki\u015fisel bilgilerinizi kullanmas\u0131na veya if\u015fa etmesine s\u0131n\u0131rlama getirmiyoruz. L\u00fctfen bu web sitesi arac\u0131l\u0131\u011f\u0131yla \u00fcr\u00fcnlerini sat\u0131n alaca\u011f\u0131n\u0131z herhangi bir seyahat tedarik\u00e7isinin gizlilik politikalar\u0131n\u0131 inceleyin. Bu tedarik\u00e7iler, gerekti\u011finde hakk\u0131n\u0131zda daha fazla bilgi almak, seyahat bilgilerinizi kolayla\u015ft\u0131rmak veya yapt\u0131\u011f\u0131n\u0131z herhangi bir de\u011ferlendirmeye yan\u0131t vermek i\u00e7in sizinle ileti\u015fime ge\u00e7ebilir. \u0130\u015f ortaklar\u0131m\u0131z, \u00fcr\u00fcn veya hizmet sa\u011flad\u0131\u011f\u0131m\u0131z veya web sitemizde \u00fcr\u00fcn ve hizmet sunabilece\u011fimiz \u00fc\u00e7\u00fcnc\u00fc taraf \u015firketlerdir. Bu hizmetlere eri\u015fmeyi tercih ederseniz, ki\u015fisel verileriniz de dahil olmak \u00fczere sizinle ilgili bilgileri bu ortaklarla payla\u015fabiliriz. Bu \u00fc\u00e7\u00fcnc\u00fc taraf i\u015f ortaklar\u0131n\u0131n gizlilik politikalar\u0131n\u0131 kontrol etmedi\u011fimizi hat\u0131rlatarak, herhangi bir ortak teklifi yan\u0131tlamadan \u00f6nce \u00fc\u00e7\u00fcnc\u00fc taraflar\u0131n gizlilik politikalar\u0131n\u0131 incelemenizi tavsiye ederiz. Bilgilerinizi a\u015fa\u011f\u0131daki ama\u00e7lar i\u00e7in de payla\u015fabiliriz: Yasal s\u00fcre\u00e7 gerektiren durumlarda; resmi makamlar taraf\u0131ndan bu bilgilerin talep edilmesi halinde, yasal haklar\u0131m\u0131z\u0131 tesis ettirmek, y\u00fcr\u00fctmek veya yasalar\u0131n gerektirdi\u011fi \u015fekilde savunmak i\u00e7in ve sat\u0131\u015f, birle\u015fme ve konsolidasyon gibi kurumsal bir i\u015flemle ba\u011flant\u0131l\u0131 olarak. Yukar\u0131da belirtilenler d\u0131\u015f\u0131ndaki durumlarda ki\u015fisel verileriniz \u00fc\u00e7\u00fcnc\u00fc taraflarla payla\u015f\u0131ld\u0131\u011f\u0131nda, bu bilgileri payla\u015fmam\u0131za izin vermemeyi se\u00e7me f\u0131rsat\u0131na sahip olarak bilgilendirileceksiniz. Ki\u015fisel veri i\u00e7ermeyen bilgileri reklam verenler ve yat\u0131r\u0131mc\u0131lar da dahil olmak \u00fczere \u00fc\u00e7\u00fcnc\u00fc taraflarla payla\u015fabiliriz. \u00d6rne\u011fin, reklam verenlerimize web sitemizi ziyaret edenlerin say\u0131s\u0131n\u0131 veya en \u00e7ok ilgi \u00e7eken otel lokasyonlar\u0131n\u0131 bildirebiliriz.<\/p><h4><strong>Bilgilerinize nas\u0131l ula\u015fabilirsiniz<\/strong><\/h4><p>\u0130leti\u015fim bilgilerinize web sitemizdeki \u00dcyelik Bilgileri sayfas\u0131n\u0131 ziyaret ederek ula\u015fabilir ve g\u00fcncelleyebilirsiniz. A\u015fa\u011f\u0131daki e-posta adresi \u00fczerinden bizimle ileti\u015fime ge\u00e7erek hesab\u0131n\u0131z\u0131 kapatabilirsiniz. Hesab\u0131n\u0131z\u0131 kapatt\u0131ktan sonra giri\u015f yapamaz veya ki\u015fisel bilgilerinize eri\u015femezsiniz. Yeni bir hesap a\u00e7abilirsiniz. Hesab\u0131n\u0131zla ilgili baz\u0131 bilgileri saklayaca\u011f\u0131m\u0131z\u0131 belirtmek isteriz.<\/p><h4><strong>Bilgilerinizi nas\u0131l koruyoruz<\/strong><\/h4><p>Bu web sitesini kullan\u0131rken kendinizi g\u00fcvende hissetmenizi ve toplad\u0131\u011f\u0131m\u0131z verileri koruman\u0131z\u0131 istiyoruz. Bize verdi\u011finiz ki\u015fisel bilgileri korumam\u0131za yard\u0131mc\u0131 olmak i\u00e7in uygun idari, teknik ve fiziksel g\u00fcvenlik prosed\u00fcrlerini uyguluyoruz. Yaln\u0131zca yetkili personel ki\u015fisel bilgilere eri\u015fme yetkisine sahiptir ve bu yetkiyi yaln\u0131zca izin verilen i\u015f i\u015flevleri i\u00e7in kullanabilir. Yetkisiz ki\u015filerin bilgilerinize ula\u015fmas\u0131n\u0131 \u00f6nlemek i\u00e7in g\u00fcvenlik duvarlar\u0131 ve sald\u0131r\u0131 tespit sistemleri kullan\u0131yoruz. BEZAK TUR\u0130ZM A.\u015e.'ye kay\u0131t olurken vermi\u015f oldu\u011funuz bilgiler, BEZAK TUR\u0130ZM \u0130N\u015e. NAK. LTD. \u015eT\u0130. 'ne kay\u0131t olurken verdi\u011finiz bilgiler ve rezervasyon s\u0131ras\u0131nda verdi\u011finiz kredi kart\u0131 bilgileri y\u00fcksek g\u00fc\u00e7l\u00fc SSL (Secured Sockets Layer) ve \u015eifreleme Teknolojisi ile g\u00fcvence alt\u0131na al\u0131nm\u0131\u015ft\u0131r. Verileriniz taray\u0131c\u0131lar taraf\u0131ndan \u00f6zel olarak sa\u011flanan g\u00fcvenlik standartlar\u0131 \u00e7er\u00e7evesinde g\u00fcvendedir. SSL, internet \u00fczerindeki t\u00fcm \u00f6zel bilgilerinizi \u015fifreler.<\/p><h4><strong>Di\u011fer ba\u011flant\u0131lar<\/strong><\/h4><p>Bu web sitesinden ba\u015fka herhangi bir web sitesine ba\u011flant\u0131 verilmi\u015fse, bu web siteleri buradaki Gizlilik Politikas\u0131na ba\u011fl\u0131 olarak \u00e7al\u0131\u015fmayacakt\u0131r. Ki\u015fisel bilgilerin toplanmas\u0131, kullan\u0131lmas\u0131 ve if\u015fa edilmesine ili\u015fkin prosed\u00fcrleri \u00f6\u011frenmek i\u00e7in l\u00fctfen bu web sitelerindeki gizlilik politikalar\u0131n\u0131 inceleyin.<\/p><h4><strong>Web sitemize T\u00fcrkiye d\u0131\u015f\u0131ndan yap\u0131lan ziyaretler<\/strong><\/h4><p>Web sitemizi yurtd\u0131\u015f\u0131ndan ziyaret ediyorsan\u0131z, l\u00fctfen bilgilerinizin sunucular\u0131m\u0131z\u0131n bulundu\u011fu ve merkezi veri taban\u0131m\u0131z\u0131n \u00e7al\u0131\u015ft\u0131\u011f\u0131 T\u00fcrkiye'ye aktar\u0131labilece\u011fini, burada saklanabilece\u011fini ve i\u015flenebilece\u011fini unutmay\u0131n. E-posta \u0130leti\u015fimi. Web sitemizde sunulan seyahat f\u0131rsatlar\u0131ndan kolayca yararlanman\u0131z\u0131 sa\u011flamak i\u00e7in size e-b\u00fcltenler g\u00f6nderiyoruz. Her t\u00fcrl\u00fc e-postam\u0131zda, bu e-b\u00fcltenleri almama se\u00e7ene\u011finiz her zaman sakl\u0131d\u0131r.<\/p><p>Bu Gizlilik Politikas\u0131n\u0131 burada g\u00fcncelleyebiliriz. Bu Gizlilik Politikas\u0131nda yap\u0131lan \u00f6nemli de\u011fi\u015fiklikleri bize vermi\u015f oldu\u011funuz e-posta adresine bir bildirim g\u00f6ndererek veya web sitemize kolayca g\u00f6r\u00fclebilen bir uyar\u0131 yerle\u015ftirerek duyuraca\u011f\u0131z. Gizlilik Politikas\u0131 hakk\u0131nda (veya seyahat planlaman\u0131z veya sat\u0131n alman\u0131z hakk\u0131nda) sorular\u0131n\u0131z olmas\u0131 durumunda l\u00fctfen info@grandBoatline.com adresine bir e-posta g\u00f6nderin.<\/p><p>BEZAK TURI\u0307ZM I\u0307N\u015e. NAK. LTD. \u015eT\u0130. Gizlilik Politikas\u0131 01 Haziran 2015 tarihinden itibaren y\u00fcr\u00fcrl\u00fckte kalacakt\u0131r.<\/p>\t\t\t\t\t\t\t\t<\/div>\n\t\t\t\t<\/div>\n\t\t\t\t\t<\/div>\n\t\t\t\t<\/div>\n\t\t\t\t<\/div>","protected":false},"excerpt":{"rendered":"<p>\u00a0Gizlilik uygulamalar\u0131m\u0131z hakk\u0131nda bilgi edinmek i\u00e7in l\u00fctfen Web Sitemizde bulunan G\u0130ZL\u0130L\u0130K POL\u0130T\u0130KAMIZI okuyunuz. Web Sitesini ziyaret ederek burada belirtilen uygulamalar\u0131 kabul etmi\u015f olacaks\u0131n\u0131z. Ald\u0131\u011f\u0131m\u0131z bilgiler hakk\u0131nda; Web sitemize girdi\u011finiz veya ba\u015fka herhangi bir yolla bize g\u00f6nderdi\u011finiz her t\u00fcrl\u00fc bilgiyi kabul ediyoruz. Bu [...]<\/p>","protected":false},"author":1,"featured_media":1074,"parent":0,"menu_order":0,"comment_status":"closed","ping_status":"closed","template":"elementor_theme","meta":{"om_disable_all_campaigns":false,"_monsterinsights_skip_tracking":false,"_monsterinsights_sitenote_active":false,"_monsterinsights_sitenote_note":"","_monsterinsights_sitenote_category":0,"_uf_show_specific_survey":0,"_uf_disable_surveys":false,"footnotes":""},"class_list":["post-307","page","type-page","status-publish","has-post-thumbnail","hentry"],"yoast_head":"<!-- This site is optimized with the Yoast SEO Premium plugin v27.1 (Yoast SEO v27.2) - https:\/\/yoast.com\/product\/yoast-seo-premium-wordpress\/ -->\n<title>Privacy Policy - grand boat line<\/title>\n<meta name=\"robots\" content=\"index, follow, max-snippet:-1, max-image-preview:large, max-video-preview:-1\" \/>\n<link rel=\"canonical\" href=\"https:\/\/grandboatline.com\/tr\/privacy-policy\/\" \/>\n<meta property=\"og:locale\" content=\"tr_TR\" \/>\n<meta property=\"og:type\" content=\"article\" \/>\n<meta property=\"og:title\" content=\"Privacy Policy\" \/>\n<meta property=\"og:description\" content=\"\u00a0To obtain information about our privacy practices please kindly read our PRIVACY POLICY available on our Website. By visiting the Website you will have accepted the practices mentioned herein. About the information we receive; We are accepting all kinds of information that you enter in our website or post us through any other means. This [&hellip;]\" \/>\n<meta property=\"og:url\" content=\"https:\/\/grandboatline.com\/tr\/privacy-policy\/\" \/>\n<meta property=\"og:site_name\" content=\"grand boat line\" \/>\n<meta property=\"article:modified_time\" content=\"2024-05-27T15:01:07+00:00\" \/>\n<meta property=\"og:image\" content=\"https:\/\/grandboatline.com\/wp-content\/uploads\/2024\/05\/privacy-policy-logo-2.png\" \/>\n\t<meta property=\"og:image:width\" content=\"1302\" \/>\n\t<meta property=\"og:image:height\" content=\"368\" \/>\n\t<meta property=\"og:image:type\" content=\"image\/png\" \/>\n<meta name=\"twitter:card\" content=\"summary_large_image\" \/>\n<meta name=\"twitter:label1\" content=\"Tahmini okuma s\u00fcresi\" \/>\n\t<meta name=\"twitter:data1\" content=\"5 dakika\" \/>\n<script type=\"application\/ld+json\" class=\"yoast-schema-graph\">{\"@context\":\"https:\/\/schema.org\",\"@graph\":[{\"@type\":\"WebPage\",\"@id\":\"https:\/\/grandboatline.com\/privacy-policy\/\",\"url\":\"https:\/\/grandboatline.com\/privacy-policy\/\",\"name\":\"Privacy Policy - grand boat line\",\"isPartOf\":{\"@id\":\"https:\/\/grandboatline.com\/#website\"},\"primaryImageOfPage\":{\"@id\":\"https:\/\/grandboatline.com\/privacy-policy\/#primaryimage\"},\"image\":{\"@id\":\"https:\/\/grandboatline.com\/privacy-policy\/#primaryimage\"},\"thumbnailUrl\":\"https:\/\/grandboatline.com\/wp-content\/uploads\/2024\/05\/privacy-policy-logo-2.png\",\"datePublished\":\"2024-04-22T12:30:56+00:00\",\"dateModified\":\"2024-05-27T15:01:07+00:00\",\"breadcrumb\":{\"@id\":\"https:\/\/grandboatline.com\/privacy-policy\/#breadcrumb\"},\"inLanguage\":\"tr\",\"potentialAction\":[{\"@type\":\"ReadAction\",\"target\":[\"https:\/\/grandboatline.com\/privacy-policy\/\"]}]},{\"@type\":\"ImageObject\",\"inLanguage\":\"tr\",\"@id\":\"https:\/\/grandboatline.com\/privacy-policy\/#primaryimage\",\"url\":\"https:\/\/grandboatline.com\/wp-content\/uploads\/2024\/05\/privacy-policy-logo-2.png\",\"contentUrl\":\"https:\/\/grandboatline.com\/wp-content\/uploads\/2024\/05\/privacy-policy-logo-2.png\",\"width\":1302,\"height\":368},{\"@type\":\"BreadcrumbList\",\"@id\":\"https:\/\/grandboatline.com\/privacy-policy\/#breadcrumb\",\"itemListElement\":[{\"@type\":\"ListItem\",\"position\":1,\"name\":\"Home\",\"item\":\"https:\/\/grandboatline.com\/\"},{\"@type\":\"ListItem\",\"position\":2,\"name\":\"Privacy Policy\"}]},{\"@type\":\"WebSite\",\"@id\":\"https:\/\/grandboatline.com\/#website\",\"url\":\"https:\/\/grandboatline.com\/\",\"name\":\"grand boat line\",\"description\":\"\",\"publisher\":{\"@id\":\"https:\/\/grandboatline.com\/#organization\"},\"potentialAction\":[{\"@type\":\"SearchAction\",\"target\":{\"@type\":\"EntryPoint\",\"urlTemplate\":\"https:\/\/grandboatline.com\/?s={search_term_string}\"},\"query-input\":{\"@type\":\"PropertyValueSpecification\",\"valueRequired\":true,\"valueName\":\"search_term_string\"}}],\"inLanguage\":\"tr\"},{\"@type\":\"Organization\",\"@id\":\"https:\/\/grandboatline.com\/#organization\",\"name\":\"grand boat line\",\"url\":\"https:\/\/grandboatline.com\/\",\"logo\":{\"@type\":\"ImageObject\",\"inLanguage\":\"tr\",\"@id\":\"https:\/\/grandboatline.com\/#\/schema\/logo\/image\/\",\"url\":\"https:\/\/grandboatline.com\/wp-content\/uploads\/2024\/03\/grandboatline_menu_logo.png\",\"contentUrl\":\"https:\/\/grandboatline.com\/wp-content\/uploads\/2024\/03\/grandboatline_menu_logo.png\",\"width\":600,\"height\":323,\"caption\":\"grand boat line\"},\"image\":{\"@id\":\"https:\/\/grandboatline.com\/#\/schema\/logo\/image\/\"}}]}<\/script>\n<!-- \/ Yoast SEO Premium plugin. -->","yoast_head_json":{"title":"Privacy Policy - grand boat line","robots":{"index":"index","follow":"follow","max-snippet":"max-snippet:-1","max-image-preview":"max-image-preview:large","max-video-preview":"max-video-preview:-1"},"canonical":"https:\/\/grandboatline.com\/tr\/privacy-policy\/","og_locale":"tr_TR","og_type":"article","og_title":"Privacy Policy","og_description":"\u00a0To obtain information about our privacy practices please kindly read our PRIVACY POLICY available on our Website. By visiting the Website you will have accepted the practices mentioned herein. About the information we receive; We are accepting all kinds of information that you enter in our website or post us through any other means. This [&hellip;]","og_url":"https:\/\/grandboatline.com\/tr\/privacy-policy\/","og_site_name":"grand boat line","article_modified_time":"2024-05-27T15:01:07+00:00","og_image":[{"width":1302,"height":368,"url":"https:\/\/grandboatline.com\/wp-content\/uploads\/2024\/05\/privacy-policy-logo-2.png","type":"image\/png"}],"twitter_card":"summary_large_image","twitter_misc":{"Tahmini okuma s\u00fcresi":"5 dakika"},"schema":{"@context":"https:\/\/schema.org","@graph":[{"@type":"WebPage","@id":"https:\/\/grandboatline.com\/privacy-policy\/","url":"https:\/\/grandboatline.com\/privacy-policy\/","name":"Privacy Policy - grand boat line","isPartOf":{"@id":"https:\/\/grandboatline.com\/#website"},"primaryImageOfPage":{"@id":"https:\/\/grandboatline.com\/privacy-policy\/#primaryimage"},"image":{"@id":"https:\/\/grandboatline.com\/privacy-policy\/#primaryimage"},"thumbnailUrl":"https:\/\/grandboatline.com\/wp-content\/uploads\/2024\/05\/privacy-policy-logo-2.png","datePublished":"2024-04-22T12:30:56+00:00","dateModified":"2024-05-27T15:01:07+00:00","breadcrumb":{"@id":"https:\/\/grandboatline.com\/privacy-policy\/#breadcrumb"},"inLanguage":"tr","potentialAction":[{"@type":"ReadAction","target":["https:\/\/grandboatline.com\/privacy-policy\/"]}]},{"@type":"ImageObject","inLanguage":"tr","@id":"https:\/\/grandboatline.com\/privacy-policy\/#primaryimage","url":"https:\/\/grandboatline.com\/wp-content\/uploads\/2024\/05\/privacy-policy-logo-2.png","contentUrl":"https:\/\/grandboatline.com\/wp-content\/uploads\/2024\/05\/privacy-policy-logo-2.png","width":1302,"height":368},{"@type":"BreadcrumbList","@id":"https:\/\/grandboatline.com\/privacy-policy\/#breadcrumb","itemListElement":[{"@type":"ListItem","position":1,"name":"Home","item":"https:\/\/grandboatline.com\/"},{"@type":"ListItem","position":2,"name":"Privacy Policy"}]},{"@type":"WebSite","@id":"https:\/\/grandboatline.com\/#website","url":"https:\/\/grandboatline.com\/","name":"grand boat line","description":"","publisher":{"@id":"https:\/\/grandboatline.com\/#organization"},"potentialAction":[{"@type":"SearchAction","target":{"@type":"EntryPoint","urlTemplate":"https:\/\/grandboatline.com\/?s={search_term_string}"},"query-input":{"@type":"PropertyValueSpecification","valueRequired":true,"valueName":"search_term_string"}}],"inLanguage":"tr"},{"@type":"Organization","@id":"https:\/\/grandboatline.com\/#organization","name":"grand boat line","url":"https:\/\/grandboatline.com\/","logo":{"@type":"ImageObject","inLanguage":"tr","@id":"https:\/\/grandboatline.com\/#\/schema\/logo\/image\/","url":"https:\/\/grandboatline.com\/wp-content\/uploads\/2024\/03\/grandboatline_menu_logo.png","contentUrl":"https:\/\/grandboatline.com\/wp-content\/uploads\/2024\/03\/grandboatline_menu_logo.png","width":600,"height":323,"caption":"grand boat line"},"image":{"@id":"https:\/\/grandboatline.com\/#\/schema\/logo\/image\/"}}]}},"jetpack_sharing_enabled":true,"_links":{"self":[{"href":"https:\/\/grandboatline.com\/tr\/wp-json\/wp\/v2\/pages\/307","targetHints":{"allow":["GET"]}}],"collection":[{"href":"https:\/\/grandboatline.com\/tr\/wp-json\/wp\/v2\/pages"}],"about":[{"href":"https:\/\/grandboatline.com\/tr\/wp-json\/wp\/v2\/types\/page"}],"author":[{"embeddable":true,"href":"https:\/\/grandboatline.com\/tr\/wp-json\/wp\/v2\/users\/1"}],"replies":[{"embeddable":true,"href":"https:\/\/grandboatline.com\/tr\/wp-json\/wp\/v2\/comments?post=307"}],"version-history":[{"count":10,"href":"https:\/\/grandboatline.com\/tr\/wp-json\/wp\/v2\/pages\/307\/revisions"}],"predecessor-version":[{"id":1860,"href":"https:\/\/grandboatline.com\/tr\/wp-json\/wp\/v2\/pages\/307\/revisions\/1860"}],"wp:featuredmedia":[{"embeddable":true,"href":"https:\/\/grandboatline.com\/tr\/wp-json\/wp\/v2\/media\/1074"}],"wp:attachment":[{"href":"https:\/\/grandboatline.com\/tr\/wp-json\/wp\/v2\/media?parent=307"}],"curies":[{"name":"wp","href":"https:\/\/api.w.org\/{rel}","templated":true}]}}