{"id":307,"date":"2024-04-22T15:30:56","date_gmt":"2024-04-22T12:30:56","guid":{"rendered":"https:\/\/grandboatline.com\/?page_id=307"},"modified":"2024-05-27T18:01:07","modified_gmt":"2024-05-27T15:01:07","slug":"privacy-policy","status":"publish","type":"page","link":"https:\/\/grandboatline.com\/it\/privacy-policy\/","title":{"rendered":"Informativa sulla privacy"},"content":{"rendered":"<div data-elementor-type=\"wp-page\" data-elementor-id=\"307\" class=\"elementor elementor-307\" data-elementor-settings=\"{&quot;ha_cmc_init_switcher&quot;:&quot;no&quot;}\" data-elementor-post-type=\"page\">\n\t\t\t\t<div class=\"elementor-element elementor-element-e39f659 e-flex e-con-boxed e-con e-parent\" data-id=\"e39f659\" data-element_type=\"container\" data-e-type=\"container\" data-settings=\"{&quot;_ha_eqh_enable&quot;:false}\">\n\t\t\t\t\t<div class=\"e-con-inner\">\n\t\t\t\t<div class=\"elementor-element elementor-element-573a6f6 elementor-widget elementor-widget-text-editor\" data-id=\"573a6f6\" data-element_type=\"widget\" data-e-type=\"widget\" data-widget_type=\"text-editor.default\">\n\t\t\t\t<div class=\"elementor-widget-container\">\n\t\t\t\t\t\t\t\t\t<p>\u00a0Per ottenere informazioni sulle nostre pratiche in materia di privacy, si prega di leggere la nostra POLITICA SULLA PRIVACY disponibile sul nostro sito web. Visitando il sito web si accettano le pratiche qui menzionate.<\/p><h4><strong>Informazioni ricevute;<\/strong><\/h4><p>Accettiamo tutti i tipi di informazioni che inserite nel nostro sito web o che ci inviate attraverso qualsiasi altro mezzo. Sono comprese le informazioni che definiscono la vostra persona (i cosiddetti \"dati personali\"), come il vostro nome e cognome, l'indirizzo postale e di posta elettronica, il numero di telefono, il numero di fax e i dati della fattura (come le prime e le ultime quattro cifre del numero della vostra carta di credito, il nome del titolare della carta e la data di scadenza, ecc.) I dati citati sono necessari per la registrazione come socio, per la prenotazione di un viaggio, per la partecipazione a un sondaggio, a un concorso o a un'estrazione, per l'invio di una domanda o per l'esecuzione di altre azioni sul nostro sito web. Quando si effettua una prenotazione per conto di terzi attraverso il sito web, vengono richiesti i dati personali e le preferenze di viaggio della persona menzionata. \u00c8 inoltre necessario chiedere il loro permesso prima di fornire informazioni personali e preferenze di viaggio ad altre persone.<\/p><h4><strong>Utilizzo delle informazioni<\/strong><\/h4><p>I vostri dati di fatturazione e i dettagli dei vostri strumenti di pagamento (come il nome del titolare della carta, le prime e le ultime quattro cifre del numero della carta di credito e la data di scadenza, ecc.) saranno utilizzati per le transazioni di pagamento per completare le prenotazioni di viaggio che avete effettuato sul nostro sito web. Le altre informazioni che vi riguardano saranno utilizzate per fornire i prodotti e i servizi richiesti, trasmettere aggiornamenti e conferme di viaggio, rispondere alle vostre domande e ai vostri commenti, misurare l'interesse per i nostri prodotti, servizi e sito web e svilupparli, informarvi su offerte esclusive, prodotti e servizi che potrebbero catturare la vostra attenzione, nonch\u00e9 adattare l'esperienza del sito web in base alle vostre esigenze, risolvere controversie, ricevere compensi, prevenire attivit\u00e0 potenzialmente vietate o illegali e far s\u00ec che i nostri termini operativi vengano eseguiti e completati.<\/p><h4><strong>Condivisione delle informazioni<\/strong><\/h4><p>I dati del vostro sito web possono essere condivisi con le agenzie e le istituzioni sotto elencate: I nostri fornitori sono hotel, compagnie aeree, autonoleggi e fornitori di attivit\u00e0 che soddisfano le vostre prenotazioni. A meno che non siano tenuti a soddisfare le prenotazioni di viaggio che avete effettuato su BEZAK TURIZM IN\u00c5. NAK. LTD. \u00c5TI., non condividiamo il vostro indirizzo e-mail con tali fornitori. Non poniamo limiti all'utilizzo o alla divulgazione di altre informazioni personali da parte dei nostri fornitori. Vi invitiamo a prendere visione delle politiche sulla privacy di qualsiasi fornitore di viaggi di cui acquisterete i prodotti attraverso questo sito web. Questi fornitori possono mettersi in contatto con voi per ottenere ulteriori informazioni su di voi, facilitare le vostre informazioni di viaggio o rispondere a qualsiasi valutazione che avete fatto, come richiesto. I nostri partner commerciali sono le societ\u00e0 terze con cui forniamo prodotti o servizi o di cui possiamo offrire prodotti e servizi sul nostro sito web. Se scegliete di accedere a questi servizi, potremmo condividere le informazioni che vi riguardano, compresi i vostri dati personali, con questi partner. Ricordandovi che non controlliamo le politiche sulla privacy di questi partner commerciali terzi, vi consigliamo di esaminare le politiche sulla privacy di questi ultimi prima di rispondere a qualsiasi offerta congiunta. Potremmo condividere le vostre informazioni anche per i seguenti scopi: Nei casi che richiedono procedimenti legali; a condizione che tali informazioni siano richieste dalle autorit\u00e0 ufficiali, per stabilire, eseguire o difendere i nostri diritti legali come richiesto dalla legge e in relazione a una transazione aziendale come vendita, fusione e consolidamento. Nel caso in cui i vostri dati personali vengano condivisi con terze parti in casi diversi da quelli sopra menzionati, sarete informati avendo la possibilit\u00e0 di scegliere di non permetterci di condividere tali informazioni. Possiamo condividere le informazioni che non comprendono dati personali con terzi, compresi inserzionisti e investitori. Ad esempio, possiamo comunicare ai nostri inserzionisti il numero di visitatori del nostro sito web o le localit\u00e0 alberghiere che attirano maggiormente l'attenzione.<\/p><h4><strong>Come potete raggiungere le vostre informazioni<\/strong><\/h4><p>\u00c8 possibile accedere ai propri dati di comunicazione visitando la pagina Dati dell'iscrizione sul nostro sito web e aggiornarli. \u00c8 possibile chiudere il proprio account contattandoci all'indirizzo e-mail indicato di seguito. Una volta chiuso l'account, non sar\u00e0 pi\u00f9 possibile effettuare il login o accedere ai propri dati personali. \u00c8 possibile aprire un nuovo account. Vi informiamo che conserveremo alcune informazioni relative al vostro account.<\/p><h4><strong>Come proteggiamo le vostre informazioni<\/strong><\/h4><p>Vogliamo che l'utente si senta sicuro nell'utilizzo di questo sito web e che protegga i dati che abbiamo raccolto. Eseguiamo adeguate procedure di sicurezza amministrativa, tecnica e fisica per aiutarci a proteggere le informazioni personali che ci avete fornito. Solo il personale autorizzato ha l'autorit\u00e0 di accedere alle informazioni personali e pu\u00f2 utilizzare tale autorit\u00e0 esclusivamente per le funzioni aziendali consentite. Utilizziamo firewall e sistemi di rilevamento delle intrusioni per impedire a persone non autorizzate di accedere alle vostre informazioni. Le informazioni fornite al momento della registrazione a BEZAK TURIZM IN\u00c5. NAK. LTD. \u00c5TI. e i dati della carta di credito forniti durante la prenotazione sono protetti dalla potente tecnologia SSL (Secured Sockets Layer) e di crittografia. I vostri dati sono al sicuro nell'ambito degli standard di sicurezza previsti dai browser. L'SSL cripta tutte le vostre informazioni private su Internet.<\/p><h4><strong>Altri link<\/strong><\/h4><p>Se da questo sito web viene fornito un link ad altri siti web, tali siti non dipendono dalla presente Informativa sulla privacy. Si prega di consultare le politiche sulla privacy di tali siti web per conoscere le loro procedure di raccolta, utilizzo e divulgazione delle informazioni personali.<\/p><h4><strong>Visite al nostro sito web dalla Turchia<\/strong><\/h4><p>Se visitate il nostro sito web dall'estero, ricordate che le vostre informazioni possono essere trasferite, memorizzate ed elaborate in Turchia, dove si trovano i nostri server e dove opera il nostro database centrale. Comunicazioni via e-mail. Vi inviamo bollettini elettronici per assicurarci che possiate usufruire facilmente delle opportunit\u00e0 di viaggio presentate sul nostro sito web. In tutte le nostre e-mail, l'opzione di non ricevere questi bollettini elettronici \u00e8 sempre riservata.<\/p><p>Potremmo aggiornare la presente Informativa sulla privacy. Annunceremo le modifiche importanti apportate alla presente Informativa sulla privacy inviando una notifica all'indirizzo e-mail che ci avete fornito o inserendo un avviso facilmente visibile sul nostro sito web. In caso di domande sull'Informativa sulla privacy (o sulla pianificazione del viaggio o sull'acquisto) si prega di inviare un'e-mail a info@grandBoatline.com.<\/p><p>BEZAK TURIZM IN\u015e. NAK. LTD. \u00c5TI. L'informativa sulla privacy \u00e8 in vigore dal 01 giugno 2015.<\/p>\t\t\t\t\t\t\t\t<\/div>\n\t\t\t\t<\/div>\n\t\t\t\t\t<\/div>\n\t\t\t\t<\/div>\n\t\t\t\t<\/div>","protected":false},"excerpt":{"rendered":"<p>\u00a0Per ottenere informazioni sulle nostre pratiche in materia di privacy, si prega di leggere la nostra POLITICA SULLA PRIVACY disponibile sul nostro sito web. Visitando il sito web si accettano le pratiche qui menzionate. Per quanto riguarda le informazioni che riceviamo, accettiamo tutti i tipi di informazioni che inserite nel nostro sito web o che ci inviate attraverso qualsiasi altro mezzo. Questo [...]<\/p>","protected":false},"author":1,"featured_media":1074,"parent":0,"menu_order":0,"comment_status":"closed","ping_status":"closed","template":"elementor_theme","meta":{"om_disable_all_campaigns":false,"_monsterinsights_skip_tracking":false,"_monsterinsights_sitenote_active":false,"_monsterinsights_sitenote_note":"","_monsterinsights_sitenote_category":0,"_uf_show_specific_survey":0,"_uf_disable_surveys":false,"footnotes":""},"class_list":["post-307","page","type-page","status-publish","has-post-thumbnail","hentry"],"yoast_head":"<!-- This site is optimized with the Yoast SEO Premium plugin v27.1 (Yoast SEO v27.2) - https:\/\/yoast.com\/product\/yoast-seo-premium-wordpress\/ -->\n<title>Privacy Policy - grand boat line<\/title>\n<meta name=\"robots\" content=\"index, follow, max-snippet:-1, max-image-preview:large, max-video-preview:-1\" \/>\n<link rel=\"canonical\" href=\"https:\/\/grandboatline.com\/it\/privacy-policy\/\" \/>\n<meta property=\"og:locale\" content=\"it_IT\" \/>\n<meta property=\"og:type\" content=\"article\" \/>\n<meta property=\"og:title\" content=\"Privacy Policy\" \/>\n<meta property=\"og:description\" content=\"\u00a0To obtain information about our privacy practices please kindly read our PRIVACY POLICY available on our Website. By visiting the Website you will have accepted the practices mentioned herein. About the information we receive; We are accepting all kinds of information that you enter in our website or post us through any other means. This [&hellip;]\" \/>\n<meta property=\"og:url\" content=\"https:\/\/grandboatline.com\/it\/privacy-policy\/\" \/>\n<meta property=\"og:site_name\" content=\"grand boat line\" \/>\n<meta property=\"article:modified_time\" content=\"2024-05-27T15:01:07+00:00\" \/>\n<meta property=\"og:image\" content=\"https:\/\/grandboatline.com\/wp-content\/uploads\/2024\/05\/privacy-policy-logo-2.png\" \/>\n\t<meta property=\"og:image:width\" content=\"1302\" \/>\n\t<meta property=\"og:image:height\" content=\"368\" \/>\n\t<meta property=\"og:image:type\" content=\"image\/png\" \/>\n<meta name=\"twitter:card\" content=\"summary_large_image\" \/>\n<meta name=\"twitter:label1\" content=\"Tempo di lettura stimato\" \/>\n\t<meta name=\"twitter:data1\" content=\"5 minuti\" \/>\n<script type=\"application\/ld+json\" class=\"yoast-schema-graph\">{\"@context\":\"https:\/\/schema.org\",\"@graph\":[{\"@type\":\"WebPage\",\"@id\":\"https:\/\/grandboatline.com\/privacy-policy\/\",\"url\":\"https:\/\/grandboatline.com\/privacy-policy\/\",\"name\":\"Privacy Policy - grand boat line\",\"isPartOf\":{\"@id\":\"https:\/\/grandboatline.com\/#website\"},\"primaryImageOfPage\":{\"@id\":\"https:\/\/grandboatline.com\/privacy-policy\/#primaryimage\"},\"image\":{\"@id\":\"https:\/\/grandboatline.com\/privacy-policy\/#primaryimage\"},\"thumbnailUrl\":\"https:\/\/grandboatline.com\/wp-content\/uploads\/2024\/05\/privacy-policy-logo-2.png\",\"datePublished\":\"2024-04-22T12:30:56+00:00\",\"dateModified\":\"2024-05-27T15:01:07+00:00\",\"breadcrumb\":{\"@id\":\"https:\/\/grandboatline.com\/privacy-policy\/#breadcrumb\"},\"inLanguage\":\"it-IT\",\"potentialAction\":[{\"@type\":\"ReadAction\",\"target\":[\"https:\/\/grandboatline.com\/privacy-policy\/\"]}]},{\"@type\":\"ImageObject\",\"inLanguage\":\"it-IT\",\"@id\":\"https:\/\/grandboatline.com\/privacy-policy\/#primaryimage\",\"url\":\"https:\/\/grandboatline.com\/wp-content\/uploads\/2024\/05\/privacy-policy-logo-2.png\",\"contentUrl\":\"https:\/\/grandboatline.com\/wp-content\/uploads\/2024\/05\/privacy-policy-logo-2.png\",\"width\":1302,\"height\":368},{\"@type\":\"BreadcrumbList\",\"@id\":\"https:\/\/grandboatline.com\/privacy-policy\/#breadcrumb\",\"itemListElement\":[{\"@type\":\"ListItem\",\"position\":1,\"name\":\"Home\",\"item\":\"https:\/\/grandboatline.com\/\"},{\"@type\":\"ListItem\",\"position\":2,\"name\":\"Privacy Policy\"}]},{\"@type\":\"WebSite\",\"@id\":\"https:\/\/grandboatline.com\/#website\",\"url\":\"https:\/\/grandboatline.com\/\",\"name\":\"grand boat line\",\"description\":\"\",\"publisher\":{\"@id\":\"https:\/\/grandboatline.com\/#organization\"},\"potentialAction\":[{\"@type\":\"SearchAction\",\"target\":{\"@type\":\"EntryPoint\",\"urlTemplate\":\"https:\/\/grandboatline.com\/?s={search_term_string}\"},\"query-input\":{\"@type\":\"PropertyValueSpecification\",\"valueRequired\":true,\"valueName\":\"search_term_string\"}}],\"inLanguage\":\"it-IT\"},{\"@type\":\"Organization\",\"@id\":\"https:\/\/grandboatline.com\/#organization\",\"name\":\"grand boat line\",\"url\":\"https:\/\/grandboatline.com\/\",\"logo\":{\"@type\":\"ImageObject\",\"inLanguage\":\"it-IT\",\"@id\":\"https:\/\/grandboatline.com\/#\/schema\/logo\/image\/\",\"url\":\"https:\/\/grandboatline.com\/wp-content\/uploads\/2024\/03\/grandboatline_menu_logo.png\",\"contentUrl\":\"https:\/\/grandboatline.com\/wp-content\/uploads\/2024\/03\/grandboatline_menu_logo.png\",\"width\":600,\"height\":323,\"caption\":\"grand boat line\"},\"image\":{\"@id\":\"https:\/\/grandboatline.com\/#\/schema\/logo\/image\/\"}}]}<\/script>\n<!-- \/ Yoast SEO Premium plugin. -->","yoast_head_json":{"title":"Privacy Policy - grand boat line","robots":{"index":"index","follow":"follow","max-snippet":"max-snippet:-1","max-image-preview":"max-image-preview:large","max-video-preview":"max-video-preview:-1"},"canonical":"https:\/\/grandboatline.com\/it\/privacy-policy\/","og_locale":"it_IT","og_type":"article","og_title":"Privacy Policy","og_description":"\u00a0To obtain information about our privacy practices please kindly read our PRIVACY POLICY available on our Website. By visiting the Website you will have accepted the practices mentioned herein. About the information we receive; We are accepting all kinds of information that you enter in our website or post us through any other means. This [&hellip;]","og_url":"https:\/\/grandboatline.com\/it\/privacy-policy\/","og_site_name":"grand boat line","article_modified_time":"2024-05-27T15:01:07+00:00","og_image":[{"width":1302,"height":368,"url":"https:\/\/grandboatline.com\/wp-content\/uploads\/2024\/05\/privacy-policy-logo-2.png","type":"image\/png"}],"twitter_card":"summary_large_image","twitter_misc":{"Tempo di lettura stimato":"5 minuti"},"schema":{"@context":"https:\/\/schema.org","@graph":[{"@type":"WebPage","@id":"https:\/\/grandboatline.com\/privacy-policy\/","url":"https:\/\/grandboatline.com\/privacy-policy\/","name":"Privacy Policy - grand boat line","isPartOf":{"@id":"https:\/\/grandboatline.com\/#website"},"primaryImageOfPage":{"@id":"https:\/\/grandboatline.com\/privacy-policy\/#primaryimage"},"image":{"@id":"https:\/\/grandboatline.com\/privacy-policy\/#primaryimage"},"thumbnailUrl":"https:\/\/grandboatline.com\/wp-content\/uploads\/2024\/05\/privacy-policy-logo-2.png","datePublished":"2024-04-22T12:30:56+00:00","dateModified":"2024-05-27T15:01:07+00:00","breadcrumb":{"@id":"https:\/\/grandboatline.com\/privacy-policy\/#breadcrumb"},"inLanguage":"it-IT","potentialAction":[{"@type":"ReadAction","target":["https:\/\/grandboatline.com\/privacy-policy\/"]}]},{"@type":"ImageObject","inLanguage":"it-IT","@id":"https:\/\/grandboatline.com\/privacy-policy\/#primaryimage","url":"https:\/\/grandboatline.com\/wp-content\/uploads\/2024\/05\/privacy-policy-logo-2.png","contentUrl":"https:\/\/grandboatline.com\/wp-content\/uploads\/2024\/05\/privacy-policy-logo-2.png","width":1302,"height":368},{"@type":"BreadcrumbList","@id":"https:\/\/grandboatline.com\/privacy-policy\/#breadcrumb","itemListElement":[{"@type":"ListItem","position":1,"name":"Home","item":"https:\/\/grandboatline.com\/"},{"@type":"ListItem","position":2,"name":"Privacy Policy"}]},{"@type":"WebSite","@id":"https:\/\/grandboatline.com\/#website","url":"https:\/\/grandboatline.com\/","name":"grand boat line","description":"","publisher":{"@id":"https:\/\/grandboatline.com\/#organization"},"potentialAction":[{"@type":"SearchAction","target":{"@type":"EntryPoint","urlTemplate":"https:\/\/grandboatline.com\/?s={search_term_string}"},"query-input":{"@type":"PropertyValueSpecification","valueRequired":true,"valueName":"search_term_string"}}],"inLanguage":"it-IT"},{"@type":"Organization","@id":"https:\/\/grandboatline.com\/#organization","name":"grand boat line","url":"https:\/\/grandboatline.com\/","logo":{"@type":"ImageObject","inLanguage":"it-IT","@id":"https:\/\/grandboatline.com\/#\/schema\/logo\/image\/","url":"https:\/\/grandboatline.com\/wp-content\/uploads\/2024\/03\/grandboatline_menu_logo.png","contentUrl":"https:\/\/grandboatline.com\/wp-content\/uploads\/2024\/03\/grandboatline_menu_logo.png","width":600,"height":323,"caption":"grand boat line"},"image":{"@id":"https:\/\/grandboatline.com\/#\/schema\/logo\/image\/"}}]}},"jetpack_sharing_enabled":true,"_links":{"self":[{"href":"https:\/\/grandboatline.com\/it\/wp-json\/wp\/v2\/pages\/307","targetHints":{"allow":["GET"]}}],"collection":[{"href":"https:\/\/grandboatline.com\/it\/wp-json\/wp\/v2\/pages"}],"about":[{"href":"https:\/\/grandboatline.com\/it\/wp-json\/wp\/v2\/types\/page"}],"author":[{"embeddable":true,"href":"https:\/\/grandboatline.com\/it\/wp-json\/wp\/v2\/users\/1"}],"replies":[{"embeddable":true,"href":"https:\/\/grandboatline.com\/it\/wp-json\/wp\/v2\/comments?post=307"}],"version-history":[{"count":10,"href":"https:\/\/grandboatline.com\/it\/wp-json\/wp\/v2\/pages\/307\/revisions"}],"predecessor-version":[{"id":1860,"href":"https:\/\/grandboatline.com\/it\/wp-json\/wp\/v2\/pages\/307\/revisions\/1860"}],"wp:featuredmedia":[{"embeddable":true,"href":"https:\/\/grandboatline.com\/it\/wp-json\/wp\/v2\/media\/1074"}],"wp:attachment":[{"href":"https:\/\/grandboatline.com\/it\/wp-json\/wp\/v2\/media?parent=307"}],"curies":[{"name":"wp","href":"https:\/\/api.w.org\/{rel}","templated":true}]}}