{"id":77,"date":"2024-03-21T13:16:44","date_gmt":"2024-03-21T10:16:44","guid":{"rendered":"https:\/\/hasanpamuk.com\/?page_id=77"},"modified":"2025-06-01T11:08:05","modified_gmt":"2025-06-01T08:08:05","slug":"qr-aspx","status":"publish","type":"page","link":"https:\/\/grandboatline.com\/es\/qr-aspx\/","title":{"rendered":"Puntos de encuentro"},"content":{"rendered":"<div data-elementor-type=\"wp-page\" data-elementor-id=\"77\" class=\"elementor elementor-77\" data-elementor-settings=\"{&quot;ha_cmc_init_switcher&quot;:&quot;no&quot;}\" data-elementor-post-type=\"page\">\n\t\t\t\t<div class=\"elementor-element elementor-element-cf92800 e-con-full e-flex e-con e-parent\" data-id=\"cf92800\" data-element_type=\"container\" data-e-type=\"container\" data-settings=\"{&quot;_ha_eqh_enable&quot;:false}\">\n\t\t\t\t<div class=\"elementor-element elementor-element-a41c9df elementor-widget elementor-widget-heading\" data-id=\"a41c9df\" data-element_type=\"widget\" data-e-type=\"widget\" data-widget_type=\"heading.default\">\n\t\t\t\t<div class=\"elementor-widget-container\">\n\t\t\t\t\t<h1 class=\"elementor-heading-title elementor-size-default\">Punto de encuentro para el crucero por el B\u00f3sforo<\/h1>\t\t\t\t<\/div>\n\t\t\t\t<\/div>\n\t\t\t\t<div class=\"elementor-element elementor-element-d321ddc elementor-widget elementor-widget-text-editor\" data-id=\"d321ddc\" data-element_type=\"widget\" data-e-type=\"widget\" data-widget_type=\"text-editor.default\">\n\t\t\t\t<div class=\"elementor-widget-container\">\n\t\t\t\t\t\t\t\t\t<p>Bienvenido a Grand Boat Line Si te unes a nuestra <strong data-start=\"480\" data-end=\"500\">Crucero por el B\u00f3sforo<\/strong>conociendo con exactitud <strong data-start=\"520\" data-end=\"537\">punto de encuentro<\/strong> es esencial para que su aventura en Estambul comience sin contratiempos. En esta p\u00e1gina encontrar\u00e1 toda la informaci\u00f3n que necesita sobre nuestro punto de encuentro, c\u00f3mo llegar y qu\u00e9 esperar antes de su inolvidable excursi\u00f3n en barco.<\/p>\t\t\t\t\t\t\t\t<\/div>\n\t\t\t\t<\/div>\n\t\t\t\t<div class=\"elementor-element elementor-element-b36aeb0 elementor-widget elementor-widget-heading\" data-id=\"b36aeb0\" data-element_type=\"widget\" data-e-type=\"widget\" data-widget_type=\"heading.default\">\n\t\t\t\t<div class=\"elementor-widget-container\">\n\t\t\t\t\t<h2 class=\"elementor-heading-title elementor-size-default\">\u00bfCu\u00e1l es el punto de encuentro para el crucero por el B\u00f3sforo?<\/h2>\t\t\t\t<\/div>\n\t\t\t\t<\/div>\n\t\t\t\t<div class=\"elementor-element elementor-element-2144f23 elementor-widget elementor-widget-text-editor\" data-id=\"2144f23\" data-element_type=\"widget\" data-e-type=\"widget\" data-widget_type=\"text-editor.default\">\n\t\t\t\t<div class=\"elementor-widget-container\">\n\t\t\t\t\t\t\t\t\t<p>Nuestro punto de encuentro para las excursiones en crucero por el B\u00f3sforo est\u00e1 situado en el centro de Estambul, por lo que es f\u00e1cilmente accesible desde distritos populares como Sultanahmet, Taksim y Karak\u00f6y. A continuaci\u00f3n le indicamos la direcci\u00f3n exacta y c\u00f3mo llegar, para que pueda llegar a tiempo y sin estr\u00e9s.<\/p>\t\t\t\t\t\t\t\t<\/div>\n\t\t\t\t<\/div>\n\t\t\t\t<div class=\"elementor-element elementor-element-3cd8c47 elementor-widget elementor-widget-heading\" data-id=\"3cd8c47\" data-element_type=\"widget\" data-e-type=\"widget\" data-widget_type=\"heading.default\">\n\t\t\t\t<div class=\"elementor-widget-container\">\n\t\t\t\t\t<h2 class=\"elementor-heading-title elementor-size-default\">\u00bfCu\u00e1l es el punto de encuentro para el crucero por el B\u00f3sforo?<\/h2>\t\t\t\t<\/div>\n\t\t\t\t<\/div>\n\t\t\t\t<div class=\"elementor-element elementor-element-e33bf7d elementor-widget elementor-widget-text-editor\" data-id=\"e33bf7d\" data-element_type=\"widget\" data-e-type=\"widget\" data-widget_type=\"text-editor.default\">\n\t\t\t\t<div class=\"elementor-widget-container\">\n\t\t\t\t\t\t\t\t\t<p>Puede ponerse en contacto con nuestro <strong data-start=\"1208\" data-end=\"1242\">Punto de encuentro del crucero por el B\u00f3sforo<\/strong> en tranv\u00eda, metro, taxi o a pie, seg\u00fan su ubicaci\u00f3n. Las paradas de transporte p\u00fablico m\u00e1s cercanas y los puntos de referencia se detallan en el siguiente mapa. Si necesita ayuda, nuestro equipo de atenci\u00f3n al cliente est\u00e1 a su disposici\u00f3n para orientarle en cualquier momento.<\/p>\t\t\t\t\t\t\t\t<\/div>\n\t\t\t\t<\/div>\n\t\t\t\t<div class=\"elementor-element elementor-element-48e0a70 elementor-widget elementor-widget-heading\" data-id=\"48e0a70\" data-element_type=\"widget\" data-e-type=\"widget\" data-widget_type=\"heading.default\">\n\t\t\t\t<div class=\"elementor-widget-container\">\n\t\t\t\t\t<h2 class=\"elementor-heading-title elementor-size-default\">Consejos para empezar con buen pie<\/h2>\t\t\t\t<\/div>\n\t\t\t\t<\/div>\n\t\t\t\t<div class=\"elementor-element elementor-element-08e9532 elementor-widget elementor-widget-text-editor\" data-id=\"08e9532\" data-element_type=\"widget\" data-e-type=\"widget\" data-widget_type=\"text-editor.default\">\n\t\t\t\t<div class=\"elementor-widget-container\">\n\t\t\t\t\t\t\t\t\t<ul data-start=\"1859\" data-end=\"2101\"><li data-start=\"1859\" data-end=\"1922\"><p data-start=\"1861\" data-end=\"1922\">Llegue al menos 15 minutos antes de la salida programada.<\/p>\n<\/li>\n<li data-start=\"1923\" data-end=\"1972\">\n<p data-start=\"1925\" data-end=\"1972\">Compruebe el tr\u00e1fico local y los horarios de transporte.<\/p>\n<\/li>\n<li data-start=\"1973\" data-end=\"2046\">\n<p data-start=\"1975\" data-end=\"2046\">Mantenga sus pertenencias seguras y traiga su c\u00e1mara para disfrutar de las mejores vistas.<\/p>\n<\/li>\n<li data-start=\"2047\" data-end=\"2101\">\n<p data-start=\"2049\" data-end=\"2101\">Para cualquier duda, contacta con nosotros por WhatsApp o tel\u00e9fono.<\/p>\n<\/li>\n<\/ul>\t\t\t\t\t\t\t\t<\/div>\n\t\t\t\t<\/div>\n\t\t<div class=\"elementor-element elementor-element-0e7014d e-flex e-con-boxed e-con e-child\" data-id=\"0e7014d\" data-element_type=\"container\" data-e-type=\"container\" data-settings=\"{&quot;_ha_eqh_enable&quot;:false}\">\n\t\t\t\t\t<div class=\"e-con-inner\">\n\t\t\t\t<div class=\"elementor-element elementor-element-7da6839 elementor-widget elementor-widget-heading\" data-id=\"7da6839\" data-element_type=\"widget\" data-e-type=\"widget\" data-widget_type=\"heading.default\">\n\t\t\t\t<div class=\"elementor-widget-container\">\n\t\t\t\t\t<h2 class=\"elementor-heading-title elementor-size-default\">1.Punto de encuentro Mercado Gazete<\/h2>\t\t\t\t<\/div>\n\t\t\t\t<\/div>\n\t\t\t\t<div class=\"elementor-element elementor-element-0a9492f elementor-widget elementor-widget-google_maps\" data-id=\"0a9492f\" data-element_type=\"widget\" data-e-type=\"widget\" data-widget_type=\"google_maps.default\">\n\t\t\t\t<div class=\"elementor-widget-container\">\n\t\t\t\t\t\t\t<div class=\"elementor-custom-embed\">\n\t\t\t<iframe loading=\"lazy\"\n\t\t\t\t\tsrc=\"https:\/\/maps.google.com\/maps?q=Cankurtaran%2C%20Ayasofya%20Meydan%C4%B1%2C%2034122%20Fatih%2F%C4%B0stanbul&#038;t=m&#038;z=14&#038;output=embed&#038;iwloc=near\"\n\t\t\t\t\ttitle=\"Cankurtaran, Ayasofya Meydan\u0131, 34122 Fatih\/Estambul\"\n\t\t\t\t\taria-label=\"Cankurtaran, Ayasofya Meydan\u0131, 34122 Fatih\/Estambul\"\n\t\t\t><\/iframe>\n\t\t<\/div>\n\t\t\t\t\t\t<\/div>\n\t\t\t\t<\/div>\n\t\t\t\t<div class=\"elementor-element elementor-element-449f8a6 elementor-widget elementor-widget-heading\" data-id=\"449f8a6\" data-element_type=\"widget\" data-e-type=\"widget\" data-widget_type=\"heading.default\">\n\t\t\t\t<div class=\"elementor-widget-container\">\n\t\t\t\t\t<h2 class=\"elementor-heading-title elementor-size-default\">Mercado Gazete V\u00eddeo <\/h2>\t\t\t\t<\/div>\n\t\t\t\t<\/div>\n\t\t\t\t<div class=\"elementor-element elementor-element-684d324 elementor-widget elementor-widget-video\" data-id=\"684d324\" data-element_type=\"widget\" data-e-type=\"widget\" data-settings=\"{&quot;youtube_url&quot;:&quot;https:\\\/\\\/www.youtube.com\\\/watch?v=m93dMkBk4UE&quot;,&quot;video_type&quot;:&quot;youtube&quot;,&quot;controls&quot;:&quot;yes&quot;}\" data-widget_type=\"video.default\">\n\t\t\t\t<div class=\"elementor-widget-container\">\n\t\t\t\t\t\t\t<div class=\"elementor-wrapper elementor-open-inline\">\n\t\t\t<div class=\"elementor-video\"><\/div>\t\t<\/div>\n\t\t\t\t\t\t<\/div>\n\t\t\t\t<\/div>\n\t\t<div class=\"elementor-element elementor-element-d2c6784 e-flex e-con-boxed e-con e-child\" data-id=\"d2c6784\" data-element_type=\"container\" data-e-type=\"container\" data-settings=\"{&quot;_ha_eqh_enable&quot;:false}\">\n\t\t\t\t\t<div class=\"e-con-inner\">\n\t\t\t\t<div class=\"elementor-element elementor-element-e979954 elementor-widget elementor-widget-heading\" data-id=\"e979954\" data-element_type=\"widget\" data-e-type=\"widget\" data-widget_type=\"heading.default\">\n\t\t\t\t<div class=\"elementor-widget-container\">\n\t\t\t\t\t<h2 class=\"elementor-heading-title elementor-size-default\">3.Punto de encuentro - Caf\u00e9 Minare<\/h2>\t\t\t\t<\/div>\n\t\t\t\t<\/div>\n\t\t\t\t<div class=\"elementor-element elementor-element-c80201e elementor-widget elementor-widget-google_maps\" data-id=\"c80201e\" data-element_type=\"widget\" data-e-type=\"widget\" data-widget_type=\"google_maps.default\">\n\t\t\t\t<div class=\"elementor-widget-container\">\n\t\t\t\t\t\t\t<div class=\"elementor-custom-embed\">\n\t\t\t<iframe loading=\"lazy\"\n\t\t\t\t\tsrc=\"https:\/\/maps.google.com\/maps?q=cafe%20minare%20sultan%20ahmet&#038;t=m&#038;z=14&#038;output=embed&#038;iwloc=near\"\n\t\t\t\t\ttitle=\"caf\u00e9 minare sultan ahmet\"\n\t\t\t\t\taria-label=\"caf\u00e9 minare sultan ahmet\"\n\t\t\t><\/iframe>\n\t\t<\/div>\n\t\t\t\t\t\t<\/div>\n\t\t\t\t<\/div>\n\t\t\t\t<div class=\"elementor-element elementor-element-ce4045d elementor-widget elementor-widget-heading\" data-id=\"ce4045d\" data-element_type=\"widget\" data-e-type=\"widget\" data-widget_type=\"heading.default\">\n\t\t\t\t<div class=\"elementor-widget-container\">\n\t\t\t\t\t<h2 class=\"elementor-heading-title elementor-size-default\">4.Punto de partida - Muelle de Ah\u0131rkap\u0131 <\/h2>\t\t\t\t<\/div>\n\t\t\t\t<\/div>\n\t\t\t\t<div class=\"elementor-element elementor-element-c2b1b58 elementor-widget elementor-widget-google_maps\" data-id=\"c2b1b58\" data-element_type=\"widget\" data-e-type=\"widget\" data-widget_type=\"google_maps.default\">\n\t\t\t\t<div class=\"elementor-widget-container\">\n\t\t\t\t\t\t\t<div class=\"elementor-custom-embed\">\n\t\t\t<iframe loading=\"lazy\"\n\t\t\t\t\tsrc=\"https:\/\/maps.google.com\/maps?q=ah%C4%B1rkap%C4%B1%20iskelesi&#038;t=m&#038;z=14&#038;output=embed&#038;iwloc=near\"\n\t\t\t\t\ttitle=\"ah\u0131rkap\u0131 iskelesi\"\n\t\t\t\t\taria-label=\"ah\u0131rkap\u0131 iskelesi\"\n\t\t\t><\/iframe>\n\t\t<\/div>\n\t\t\t\t\t\t<\/div>\n\t\t\t\t<\/div>\n\t\t\t\t\t<\/div>\n\t\t\t\t<\/div>\n\t\t\t\t\t<\/div>\n\t\t\t\t<\/div>\n\t\t\t\t<\/div>\n\t\t\t\t<\/div>","protected":false},"excerpt":{"rendered":"<p>Punto de encuentro para el crucero por el B\u00f3sforo \u00a1Bienvenido a Grand Boat Line! Si va a unirse a nuestro crucero por el B\u00f3sforo, conocer el punto de encuentro exacto es esencial para comenzar su aventura por Estambul de forma agradable y sin contratiempos. En esta p\u00e1gina encontrar\u00e1 toda la informaci\u00f3n que necesita sobre nuestro punto de encuentro, c\u00f3mo llegar y qu\u00e9 [...]<\/p>","protected":false},"author":1,"featured_media":39,"parent":0,"menu_order":0,"comment_status":"closed","ping_status":"closed","template":"","meta":{"om_disable_all_campaigns":false,"_monsterinsights_skip_tracking":false,"_monsterinsights_sitenote_active":false,"_monsterinsights_sitenote_note":"","_monsterinsights_sitenote_category":0,"_uf_show_specific_survey":0,"_uf_disable_surveys":false,"footnotes":""},"class_list":["post-77","page","type-page","status-publish","has-post-thumbnail","hentry"],"yoast_head":"<!-- This site is optimized with the Yoast SEO Premium plugin v27.1 (Yoast SEO v27.2) - https:\/\/yoast.com\/product\/yoast-seo-premium-wordpress\/ -->\n<title>Meeting Points - grand boat line<\/title>\n<meta name=\"robots\" content=\"index, follow, max-snippet:-1, max-image-preview:large, max-video-preview:-1\" \/>\n<link rel=\"canonical\" href=\"https:\/\/grandboatline.com\/es\/qr-aspx\/\" \/>\n<meta property=\"og:locale\" content=\"es_ES\" \/>\n<meta property=\"og:type\" content=\"article\" \/>\n<meta property=\"og:title\" content=\"Meeting Points\" \/>\n<meta property=\"og:description\" content=\"Meeting Point for Bosphorus Cruise Welcome to Grand Boat Line! If you\u2019re joining our Bosphorus cruise, knowing the exact meeting point is essential for a smooth and enjoyable start to your Istanbul adventure. On this page, you will find all the information you need about our meeting location, how to get there, and what to [&hellip;]\" \/>\n<meta property=\"og:url\" content=\"https:\/\/grandboatline.com\/es\/qr-aspx\/\" \/>\n<meta property=\"og:site_name\" content=\"grand boat line\" \/>\n<meta property=\"article:modified_time\" content=\"2025-06-01T08:08:05+00:00\" \/>\n<meta property=\"og:image\" content=\"https:\/\/grandboatline.com\/wp-content\/uploads\/2024\/03\/grandboatline_boat_tour_7.webp\" \/>\n\t<meta property=\"og:image:width\" content=\"600\" \/>\n\t<meta property=\"og:image:height\" content=\"600\" \/>\n\t<meta property=\"og:image:type\" content=\"image\/webp\" \/>\n<meta name=\"twitter:card\" content=\"summary_large_image\" \/>\n<meta name=\"twitter:label1\" content=\"Tiempo de lectura\" \/>\n\t<meta name=\"twitter:data1\" content=\"1 minuto\" \/>\n<script type=\"application\/ld+json\" class=\"yoast-schema-graph\">{\"@context\":\"https:\/\/schema.org\",\"@graph\":[{\"@type\":\"WebPage\",\"@id\":\"https:\/\/grandboatline.com\/qr-aspx\/\",\"url\":\"https:\/\/grandboatline.com\/qr-aspx\/\",\"name\":\"Meeting Points - grand boat line\",\"isPartOf\":{\"@id\":\"https:\/\/grandboatline.com\/#website\"},\"primaryImageOfPage\":{\"@id\":\"https:\/\/grandboatline.com\/qr-aspx\/#primaryimage\"},\"image\":{\"@id\":\"https:\/\/grandboatline.com\/qr-aspx\/#primaryimage\"},\"thumbnailUrl\":\"https:\/\/grandboatline.com\/wp-content\/uploads\/2024\/03\/grandboatline_boat_tour_7.webp\",\"datePublished\":\"2024-03-21T10:16:44+00:00\",\"dateModified\":\"2025-06-01T08:08:05+00:00\",\"breadcrumb\":{\"@id\":\"https:\/\/grandboatline.com\/qr-aspx\/#breadcrumb\"},\"inLanguage\":\"es\",\"potentialAction\":[{\"@type\":\"ReadAction\",\"target\":[\"https:\/\/grandboatline.com\/qr-aspx\/\"]}]},{\"@type\":\"ImageObject\",\"inLanguage\":\"es\",\"@id\":\"https:\/\/grandboatline.com\/qr-aspx\/#primaryimage\",\"url\":\"https:\/\/grandboatline.com\/wp-content\/uploads\/2024\/03\/grandboatline_boat_tour_7.webp\",\"contentUrl\":\"https:\/\/grandboatline.com\/wp-content\/uploads\/2024\/03\/grandboatline_boat_tour_7.webp\",\"width\":600,\"height\":600},{\"@type\":\"BreadcrumbList\",\"@id\":\"https:\/\/grandboatline.com\/qr-aspx\/#breadcrumb\",\"itemListElement\":[{\"@type\":\"ListItem\",\"position\":1,\"name\":\"Home\",\"item\":\"https:\/\/grandboatline.com\/\"},{\"@type\":\"ListItem\",\"position\":2,\"name\":\"Meeting Points\"}]},{\"@type\":\"WebSite\",\"@id\":\"https:\/\/grandboatline.com\/#website\",\"url\":\"https:\/\/grandboatline.com\/\",\"name\":\"grand boat line\",\"description\":\"\",\"publisher\":{\"@id\":\"https:\/\/grandboatline.com\/#organization\"},\"potentialAction\":[{\"@type\":\"SearchAction\",\"target\":{\"@type\":\"EntryPoint\",\"urlTemplate\":\"https:\/\/grandboatline.com\/?s={search_term_string}\"},\"query-input\":{\"@type\":\"PropertyValueSpecification\",\"valueRequired\":true,\"valueName\":\"search_term_string\"}}],\"inLanguage\":\"es\"},{\"@type\":\"Organization\",\"@id\":\"https:\/\/grandboatline.com\/#organization\",\"name\":\"grand boat line\",\"url\":\"https:\/\/grandboatline.com\/\",\"logo\":{\"@type\":\"ImageObject\",\"inLanguage\":\"es\",\"@id\":\"https:\/\/grandboatline.com\/#\/schema\/logo\/image\/\",\"url\":\"https:\/\/grandboatline.com\/wp-content\/uploads\/2024\/03\/grandboatline_menu_logo.png\",\"contentUrl\":\"https:\/\/grandboatline.com\/wp-content\/uploads\/2024\/03\/grandboatline_menu_logo.png\",\"width\":600,\"height\":323,\"caption\":\"grand boat line\"},\"image\":{\"@id\":\"https:\/\/grandboatline.com\/#\/schema\/logo\/image\/\"}}]}<\/script>\n<!-- \/ Yoast SEO Premium plugin. -->","yoast_head_json":{"title":"Meeting Points - grand boat line","robots":{"index":"index","follow":"follow","max-snippet":"max-snippet:-1","max-image-preview":"max-image-preview:large","max-video-preview":"max-video-preview:-1"},"canonical":"https:\/\/grandboatline.com\/es\/qr-aspx\/","og_locale":"es_ES","og_type":"article","og_title":"Meeting Points","og_description":"Meeting Point for Bosphorus Cruise Welcome to Grand Boat Line! If you\u2019re joining our Bosphorus cruise, knowing the exact meeting point is essential for a smooth and enjoyable start to your Istanbul adventure. On this page, you will find all the information you need about our meeting location, how to get there, and what to [&hellip;]","og_url":"https:\/\/grandboatline.com\/es\/qr-aspx\/","og_site_name":"grand boat line","article_modified_time":"2025-06-01T08:08:05+00:00","og_image":[{"width":600,"height":600,"url":"https:\/\/grandboatline.com\/wp-content\/uploads\/2024\/03\/grandboatline_boat_tour_7.webp","type":"image\/webp"}],"twitter_card":"summary_large_image","twitter_misc":{"Tiempo de lectura":"1 minuto"},"schema":{"@context":"https:\/\/schema.org","@graph":[{"@type":"WebPage","@id":"https:\/\/grandboatline.com\/qr-aspx\/","url":"https:\/\/grandboatline.com\/qr-aspx\/","name":"Meeting Points - grand boat line","isPartOf":{"@id":"https:\/\/grandboatline.com\/#website"},"primaryImageOfPage":{"@id":"https:\/\/grandboatline.com\/qr-aspx\/#primaryimage"},"image":{"@id":"https:\/\/grandboatline.com\/qr-aspx\/#primaryimage"},"thumbnailUrl":"https:\/\/grandboatline.com\/wp-content\/uploads\/2024\/03\/grandboatline_boat_tour_7.webp","datePublished":"2024-03-21T10:16:44+00:00","dateModified":"2025-06-01T08:08:05+00:00","breadcrumb":{"@id":"https:\/\/grandboatline.com\/qr-aspx\/#breadcrumb"},"inLanguage":"es","potentialAction":[{"@type":"ReadAction","target":["https:\/\/grandboatline.com\/qr-aspx\/"]}]},{"@type":"ImageObject","inLanguage":"es","@id":"https:\/\/grandboatline.com\/qr-aspx\/#primaryimage","url":"https:\/\/grandboatline.com\/wp-content\/uploads\/2024\/03\/grandboatline_boat_tour_7.webp","contentUrl":"https:\/\/grandboatline.com\/wp-content\/uploads\/2024\/03\/grandboatline_boat_tour_7.webp","width":600,"height":600},{"@type":"BreadcrumbList","@id":"https:\/\/grandboatline.com\/qr-aspx\/#breadcrumb","itemListElement":[{"@type":"ListItem","position":1,"name":"Home","item":"https:\/\/grandboatline.com\/"},{"@type":"ListItem","position":2,"name":"Meeting Points"}]},{"@type":"WebSite","@id":"https:\/\/grandboatline.com\/#website","url":"https:\/\/grandboatline.com\/","name":"grand boat line","description":"","publisher":{"@id":"https:\/\/grandboatline.com\/#organization"},"potentialAction":[{"@type":"SearchAction","target":{"@type":"EntryPoint","urlTemplate":"https:\/\/grandboatline.com\/?s={search_term_string}"},"query-input":{"@type":"PropertyValueSpecification","valueRequired":true,"valueName":"search_term_string"}}],"inLanguage":"es"},{"@type":"Organization","@id":"https:\/\/grandboatline.com\/#organization","name":"grand boat line","url":"https:\/\/grandboatline.com\/","logo":{"@type":"ImageObject","inLanguage":"es","@id":"https:\/\/grandboatline.com\/#\/schema\/logo\/image\/","url":"https:\/\/grandboatline.com\/wp-content\/uploads\/2024\/03\/grandboatline_menu_logo.png","contentUrl":"https:\/\/grandboatline.com\/wp-content\/uploads\/2024\/03\/grandboatline_menu_logo.png","width":600,"height":323,"caption":"grand boat line"},"image":{"@id":"https:\/\/grandboatline.com\/#\/schema\/logo\/image\/"}}]}},"jetpack_sharing_enabled":true,"_links":{"self":[{"href":"https:\/\/grandboatline.com\/es\/wp-json\/wp\/v2\/pages\/77","targetHints":{"allow":["GET"]}}],"collection":[{"href":"https:\/\/grandboatline.com\/es\/wp-json\/wp\/v2\/pages"}],"about":[{"href":"https:\/\/grandboatline.com\/es\/wp-json\/wp\/v2\/types\/page"}],"author":[{"embeddable":true,"href":"https:\/\/grandboatline.com\/es\/wp-json\/wp\/v2\/users\/1"}],"replies":[{"embeddable":true,"href":"https:\/\/grandboatline.com\/es\/wp-json\/wp\/v2\/comments?post=77"}],"version-history":[{"count":39,"href":"https:\/\/grandboatline.com\/es\/wp-json\/wp\/v2\/pages\/77\/revisions"}],"predecessor-version":[{"id":2033,"href":"https:\/\/grandboatline.com\/es\/wp-json\/wp\/v2\/pages\/77\/revisions\/2033"}],"wp:featuredmedia":[{"embeddable":true,"href":"https:\/\/grandboatline.com\/es\/wp-json\/wp\/v2\/media\/39"}],"wp:attachment":[{"href":"https:\/\/grandboatline.com\/es\/wp-json\/wp\/v2\/media?parent=77"}],"curies":[{"name":"wp","href":"https:\/\/api.w.org\/{rel}","templated":true}]}}