{"id":307,"date":"2024-04-22T15:30:56","date_gmt":"2024-04-22T12:30:56","guid":{"rendered":"https:\/\/grandboatline.com\/?page_id=307"},"modified":"2024-05-27T18:01:07","modified_gmt":"2024-05-27T15:01:07","slug":"privacy-policy","status":"publish","type":"page","link":"https:\/\/grandboatline.com\/es\/privacy-policy\/","title":{"rendered":"Pol\u00edtica de privacidad"},"content":{"rendered":"<div data-elementor-type=\"wp-page\" data-elementor-id=\"307\" class=\"elementor elementor-307\" data-elementor-settings=\"{&quot;ha_cmc_init_switcher&quot;:&quot;no&quot;}\" data-elementor-post-type=\"page\">\n\t\t\t\t<div class=\"elementor-element elementor-element-e39f659 e-flex e-con-boxed e-con e-parent\" data-id=\"e39f659\" data-element_type=\"container\" data-e-type=\"container\" data-settings=\"{&quot;_ha_eqh_enable&quot;:false}\">\n\t\t\t\t\t<div class=\"e-con-inner\">\n\t\t\t\t<div class=\"elementor-element elementor-element-573a6f6 elementor-widget elementor-widget-text-editor\" data-id=\"573a6f6\" data-element_type=\"widget\" data-e-type=\"widget\" data-widget_type=\"text-editor.default\">\n\t\t\t\t<div class=\"elementor-widget-container\">\n\t\t\t\t\t\t\t\t\t<p>\u00a0Para obtener informaci\u00f3n sobre nuestras pr\u00e1cticas de privacidad, lea nuestra POL\u00cdTICA DE PRIVACIDAD disponible en nuestro sitio web. Al visitar el sitio web, habr\u00e1 aceptado las pr\u00e1cticas aqu\u00ed mencionadas.<\/p><h4><strong>Sobre la informaci\u00f3n que recibimos;<\/strong><\/h4><p>Aceptamos todo tipo de informaci\u00c3\u00b3n que usted introduzca en nuestro sitio web o nos env\u00c3e por cualquier otro medio. Esto incluye la informaci\u00c3\u00b3n que le define a usted mismo (\u00e2\u20ac\u0153informaci\u00c3\u00b3n personal\u00e2\u20ac) como su nombre y apellidos, direcci\u00c3\u00b3n postal y de correo electr\u00c3\u00b3nico, n\u00c3\u00bamero de tel\u00c3\u00a9fono, n\u00c3\u00bamero de fax y datos de facturaci\u00c3\u00b3n (como los cuatro primeros y \u00c3\u00baltimos d\u00c3gitos del n\u00c3\u00bamero de su tarjeta de cr\u00c3\u00a9dito, nombre del titular de la tarjeta y fecha de caducidad, etc.). Los datos mencionados son necesarios para que usted se registre como miembro, haga una reserva de viaje, participe en una encuesta, concurso o sorteo, nos env\u00ede una pregunta o realice otras acciones en nuestro sitio web. Al realizar una reserva para terceros a trav\u00e9s del sitio web, le solicitaremos los datos personales y las preferencias de viaje de la persona mencionada. Tambi\u00c3\u00a9n deber\u00c3\u00a1 pedir su permiso antes de facilitar los datos personales y las preferencias de viaje de otras personas.<\/p><h4><strong>Uso de la informaci\u00f3n<\/strong><\/h4><p>Sus datos de facturaci\u00f3n y los detalles de sus herramientas de pago (como, por ejemplo, el nombre del titular de la tarjeta, los cuatro primeros y \u00faltimos d\u00edgitos del n\u00famero de su tarjeta de cr\u00e9dito y la fecha de caducidad, etc.) se utilizar\u00e1n en las transacciones de pago para completar las reservas de viajes que haya realizado en nuestro sitio web. El resto de la informaci\u00f3n sobre usted se utilizar\u00e1 para proporcionarle el producto y los servicios que haya solicitado, transmitirle actualizaciones y la confirmaci\u00f3n del viaje, responder a sus preguntas y comentarios, medir el inter\u00e9s en nuestros productos, servicios y sitio web y desarrollarlos, informarle sobre ofertas exclusivas, productos y servicios que puedan captar su atenci\u00f3n, as\u00ed como adaptar la experiencia del sitio web seg\u00fan sus necesidades, resolver disputas, recibir honorarios, evitar actividades potencialmente prohibidas o ilegales y hacer que se ejecuten y completen nuestros t\u00e9rminos de operaci\u00f3n.<\/p><h4><strong>Intercambio de informaci\u00f3n<\/strong><\/h4><p>Los datos de su sitio web pueden ser compartidos con las agencias e instituciones mencionadas a continuaci\u00f3n: Nuestros proveedores son hoteles, compa\u00f1\u00edas a\u00e9reas, empresas de alquiler de coches y proveedores de actividades que cumplen con sus reservas. A menos que sean necesarios para cumplir con las reservas de viaje que usted ha hecho en BEZAK TURIZM IN\u00c5. NAK. LTD. \u00c5TI., no compartimos su direcci\u00f3n de correo electr\u00f3nico con dichos proveedores. No ponemos limitaciones a la utilizaci\u00c3\u00b3n o divulgaci\u00c3\u00b3n de su otra informaci\u00c3\u00b3n personal por parte de nuestros proveedores. Por favor, revise las pol\u00c3ticas de privacidad de cualquier proveedor de viajes de los que va a comprar los productos a trav\u00c3\u00a9s de este sitio web. Estos proveedores podr\u00c3\u00a1n ponerse en contacto con usted para obtener m\u00c3\u00a1s informaci\u00c3\u00b3n sobre usted, facilitarle informaci\u00c3\u00b3n sobre su viaje o responder a cualquier evaluaci\u00c3\u00b3n que haya realizado, seg\u00c3\u00ban sea necesario. Nuestros socios comerciales son las empresas terceras con las que proporcionamos productos o servicios o de las que podemos ofrecer productos y servicios en nuestro sitio web. Si decide acceder a estos servicios, es posible que compartamos la informaci\u00f3n sobre usted, incluidos sus datos personales, con estos socios. Le recordamos que no controlamos las pol\u00edticas de privacidad de estos socios comerciales, por lo que le aconsejamos que revise las pol\u00edticas de privacidad de terceros antes de responder a cualquier oferta conjunta. Tambi\u00e9n podemos compartir su informaci\u00f3n para los fines que se indican a continuaci\u00f3n: En casos que requieran procesos legales; Siempre que dicha informaci\u00f3n sea solicitada por las autoridades oficiales, para que nuestros derechos legales sean establecidos, ejecutados o defendidos seg\u00fan lo requiera la ley y en relaci\u00f3n con una transacci\u00f3n corporativa como venta, fusi\u00f3n y consolidaci\u00f3n. Siempre que sus datos personales se compartan con terceros en casos distintos de los mencionados anteriormente, se le informar\u00e1 teniendo la oportunidad de elegir no permitirnos compartir esta informaci\u00f3n. Podemos compartir la informaci\u00f3n que no incluya datos personales con terceros, incluidos anunciantes e inversores. Por ejemplo, podemos comunicar a nuestros anunciantes el n\u00famero de visitantes de nuestro sitio web o las ubicaciones de los hoteles que m\u00e1s llaman la atenci\u00f3n.<\/p><h4><strong>C\u00f3mo puede obtener su informaci\u00f3n<\/strong><\/h4><p>Puede acceder a sus datos de comunicaci\u00f3n visitando la p\u00e1gina Datos de afiliaci\u00f3n de nuestro sitio web y actualizarlos. Puede cerrar su cuenta poni\u00e9ndose en contacto con nosotros a trav\u00e9s de la siguiente direcci\u00f3n de correo electr\u00f3nico. Una vez que cierre su cuenta, no podr\u00e1 iniciar sesi\u00f3n ni acceder a su informaci\u00f3n personal. Puede abrir una cuenta nueva. Le informamos de que conservaremos algunos datos relativos a su cuenta.<\/p><h4><strong>C\u00f3mo protegemos su informaci\u00f3n<\/strong><\/h4><p>Queremos que se sienta seguro al utilizar este sitio web y proteger los datos que hemos recopilado. Ejecutamos procedimientos de seguridad administrativos, t\u00e9cnicos y f\u00edsicos adecuados para ayudarnos a proteger la informaci\u00f3n personal que nos ha facilitado. S\u00f3lo el personal autorizado tiene autoridad para acceder a la informaci\u00f3n personal y puede utilizar dicha autoridad \u00fanicamente para sus funciones empresariales permitidas. Empleamos cortafuegos y sistemas de detecci\u00f3n de intrusos para impedir que personas no autorizadas accedan a su informaci\u00f3n. La informaci\u00f3n que ha facilitado al registrarse en BEZAK TURIZM IN\u00c5. NAK. LTD. \u00c5TI. y los datos de la tarjeta de cr\u00e9dito que facilita durante la reserva est\u00e1n protegidos con la potente tecnolog\u00eda SSL (Secured Sockets Layer) y de encriptaci\u00f3n. Sus datos est\u00e1n seguros en el marco de las normas de seguridad previstas espec\u00edficamente por los navegadores. SSL encripta toda su informaci\u00f3n privada en Internet.<\/p><h4><strong>Otros enlaces<\/strong><\/h4><p>Si existe un enlace desde este sitio web a otros sitios web, dichos sitios web no depender\u00e1n de la presente Pol\u00edtica de Privacidad. Consulte las pol\u00edticas de privacidad de esos sitios web para conocer sus procedimientos de recogida, uso y divulgaci\u00f3n de informaci\u00f3n personal.<\/p><h4><strong>Visitas a nuestro sitio web fuera de Turqu\u00eda<\/strong><\/h4><p>Si visita nuestro sitio web desde el extranjero, recuerde que su informaci\u00f3n puede ser transferida, almacenada y procesada en Turqu\u00eda, donde se encuentran nuestros servidores y opera nuestra base de datos central. Comunicaci\u00f3n por correo electr\u00f3nico. Le enviamos boletines electr\u00f3nicos para que pueda aprovechar f\u00e1cilmente las oportunidades de viaje que le ofrecemos en nuestro sitio web. En cualquiera de nuestros correos electr\u00f3nicos, su opci\u00f3n de no recibir estos boletines electr\u00f3nicos est\u00e1 siempre reservada.<\/p><p>Es posible que actualicemos esta Pol\u00edtica de Privacidad en el presente documento. Anunciaremos los cambios importantes realizados en esta Pol\u00edtica de Privacidad enviando una notificaci\u00f3n a la direcci\u00f3n de correo electr\u00f3nico que nos haya facilitado o colocando un aviso f\u00e1cilmente visible en nuestro sitio web. Si tiene alguna pregunta sobre la Pol\u00edtica de Privacidad (o sobre la planificaci\u00f3n o compra de su viaje), env\u00ede un correo electr\u00f3nico a info@grandBoatline.com.<\/p><p>BEZAK TURIZM IN\u015e. NAK. LTD. \u00c5TI. Pol\u00edtica de privacidad seguir\u00e1 siendo efectiva a partir del 01 de junio 2015.<\/p>\t\t\t\t\t\t\t\t<\/div>\n\t\t\t\t<\/div>\n\t\t\t\t\t<\/div>\n\t\t\t\t<\/div>\n\t\t\t\t<\/div>","protected":false},"excerpt":{"rendered":"<p>\u00a0Para obtener informaci\u00f3n sobre nuestras pr\u00e1cticas de privacidad, lea nuestra POL\u00cdTICA DE PRIVACIDAD disponible en nuestro sitio web. Al visitar el Sitio Web habr\u00e1 aceptado las pr\u00e1cticas aqu\u00ed mencionadas. Sobre la informaci\u00f3n que recibimos; Aceptamos todo tipo de informaci\u00f3n que usted introduzca en nuestro sitio web o nos env\u00ede a trav\u00e9s de cualquier otro medio. Esta [...]<\/p>","protected":false},"author":1,"featured_media":1074,"parent":0,"menu_order":0,"comment_status":"closed","ping_status":"closed","template":"elementor_theme","meta":{"om_disable_all_campaigns":false,"_monsterinsights_skip_tracking":false,"_monsterinsights_sitenote_active":false,"_monsterinsights_sitenote_note":"","_monsterinsights_sitenote_category":0,"_uf_show_specific_survey":0,"_uf_disable_surveys":false,"footnotes":""},"class_list":["post-307","page","type-page","status-publish","has-post-thumbnail","hentry"],"yoast_head":"<!-- This site is optimized with the Yoast SEO Premium plugin v27.1 (Yoast SEO v27.2) - https:\/\/yoast.com\/product\/yoast-seo-premium-wordpress\/ -->\n<title>Privacy Policy - grand boat line<\/title>\n<meta name=\"robots\" content=\"index, follow, max-snippet:-1, max-image-preview:large, max-video-preview:-1\" \/>\n<link rel=\"canonical\" href=\"https:\/\/grandboatline.com\/es\/privacy-policy\/\" \/>\n<meta property=\"og:locale\" content=\"es_ES\" \/>\n<meta property=\"og:type\" content=\"article\" \/>\n<meta property=\"og:title\" content=\"Privacy Policy\" \/>\n<meta property=\"og:description\" content=\"\u00a0To obtain information about our privacy practices please kindly read our PRIVACY POLICY available on our Website. By visiting the Website you will have accepted the practices mentioned herein. About the information we receive; We are accepting all kinds of information that you enter in our website or post us through any other means. This [&hellip;]\" \/>\n<meta property=\"og:url\" content=\"https:\/\/grandboatline.com\/es\/privacy-policy\/\" \/>\n<meta property=\"og:site_name\" content=\"grand boat line\" \/>\n<meta property=\"article:modified_time\" content=\"2024-05-27T15:01:07+00:00\" \/>\n<meta property=\"og:image\" content=\"https:\/\/grandboatline.com\/wp-content\/uploads\/2024\/05\/privacy-policy-logo-2.png\" \/>\n\t<meta property=\"og:image:width\" content=\"1302\" \/>\n\t<meta property=\"og:image:height\" content=\"368\" \/>\n\t<meta property=\"og:image:type\" content=\"image\/png\" \/>\n<meta name=\"twitter:card\" content=\"summary_large_image\" \/>\n<meta name=\"twitter:label1\" content=\"Tiempo de lectura\" \/>\n\t<meta name=\"twitter:data1\" content=\"5 minutos\" \/>\n<script type=\"application\/ld+json\" class=\"yoast-schema-graph\">{\"@context\":\"https:\/\/schema.org\",\"@graph\":[{\"@type\":\"WebPage\",\"@id\":\"https:\/\/grandboatline.com\/privacy-policy\/\",\"url\":\"https:\/\/grandboatline.com\/privacy-policy\/\",\"name\":\"Privacy Policy - grand boat line\",\"isPartOf\":{\"@id\":\"https:\/\/grandboatline.com\/#website\"},\"primaryImageOfPage\":{\"@id\":\"https:\/\/grandboatline.com\/privacy-policy\/#primaryimage\"},\"image\":{\"@id\":\"https:\/\/grandboatline.com\/privacy-policy\/#primaryimage\"},\"thumbnailUrl\":\"https:\/\/grandboatline.com\/wp-content\/uploads\/2024\/05\/privacy-policy-logo-2.png\",\"datePublished\":\"2024-04-22T12:30:56+00:00\",\"dateModified\":\"2024-05-27T15:01:07+00:00\",\"breadcrumb\":{\"@id\":\"https:\/\/grandboatline.com\/privacy-policy\/#breadcrumb\"},\"inLanguage\":\"es\",\"potentialAction\":[{\"@type\":\"ReadAction\",\"target\":[\"https:\/\/grandboatline.com\/privacy-policy\/\"]}]},{\"@type\":\"ImageObject\",\"inLanguage\":\"es\",\"@id\":\"https:\/\/grandboatline.com\/privacy-policy\/#primaryimage\",\"url\":\"https:\/\/grandboatline.com\/wp-content\/uploads\/2024\/05\/privacy-policy-logo-2.png\",\"contentUrl\":\"https:\/\/grandboatline.com\/wp-content\/uploads\/2024\/05\/privacy-policy-logo-2.png\",\"width\":1302,\"height\":368},{\"@type\":\"BreadcrumbList\",\"@id\":\"https:\/\/grandboatline.com\/privacy-policy\/#breadcrumb\",\"itemListElement\":[{\"@type\":\"ListItem\",\"position\":1,\"name\":\"Home\",\"item\":\"https:\/\/grandboatline.com\/\"},{\"@type\":\"ListItem\",\"position\":2,\"name\":\"Privacy Policy\"}]},{\"@type\":\"WebSite\",\"@id\":\"https:\/\/grandboatline.com\/#website\",\"url\":\"https:\/\/grandboatline.com\/\",\"name\":\"grand boat line\",\"description\":\"\",\"publisher\":{\"@id\":\"https:\/\/grandboatline.com\/#organization\"},\"potentialAction\":[{\"@type\":\"SearchAction\",\"target\":{\"@type\":\"EntryPoint\",\"urlTemplate\":\"https:\/\/grandboatline.com\/?s={search_term_string}\"},\"query-input\":{\"@type\":\"PropertyValueSpecification\",\"valueRequired\":true,\"valueName\":\"search_term_string\"}}],\"inLanguage\":\"es\"},{\"@type\":\"Organization\",\"@id\":\"https:\/\/grandboatline.com\/#organization\",\"name\":\"grand boat line\",\"url\":\"https:\/\/grandboatline.com\/\",\"logo\":{\"@type\":\"ImageObject\",\"inLanguage\":\"es\",\"@id\":\"https:\/\/grandboatline.com\/#\/schema\/logo\/image\/\",\"url\":\"https:\/\/grandboatline.com\/wp-content\/uploads\/2024\/03\/grandboatline_menu_logo.png\",\"contentUrl\":\"https:\/\/grandboatline.com\/wp-content\/uploads\/2024\/03\/grandboatline_menu_logo.png\",\"width\":600,\"height\":323,\"caption\":\"grand boat line\"},\"image\":{\"@id\":\"https:\/\/grandboatline.com\/#\/schema\/logo\/image\/\"}}]}<\/script>\n<!-- \/ Yoast SEO Premium plugin. -->","yoast_head_json":{"title":"Privacy Policy - grand boat line","robots":{"index":"index","follow":"follow","max-snippet":"max-snippet:-1","max-image-preview":"max-image-preview:large","max-video-preview":"max-video-preview:-1"},"canonical":"https:\/\/grandboatline.com\/es\/privacy-policy\/","og_locale":"es_ES","og_type":"article","og_title":"Privacy Policy","og_description":"\u00a0To obtain information about our privacy practices please kindly read our PRIVACY POLICY available on our Website. By visiting the Website you will have accepted the practices mentioned herein. About the information we receive; We are accepting all kinds of information that you enter in our website or post us through any other means. This [&hellip;]","og_url":"https:\/\/grandboatline.com\/es\/privacy-policy\/","og_site_name":"grand boat line","article_modified_time":"2024-05-27T15:01:07+00:00","og_image":[{"width":1302,"height":368,"url":"https:\/\/grandboatline.com\/wp-content\/uploads\/2024\/05\/privacy-policy-logo-2.png","type":"image\/png"}],"twitter_card":"summary_large_image","twitter_misc":{"Tiempo de lectura":"5 minutos"},"schema":{"@context":"https:\/\/schema.org","@graph":[{"@type":"WebPage","@id":"https:\/\/grandboatline.com\/privacy-policy\/","url":"https:\/\/grandboatline.com\/privacy-policy\/","name":"Privacy Policy - grand boat line","isPartOf":{"@id":"https:\/\/grandboatline.com\/#website"},"primaryImageOfPage":{"@id":"https:\/\/grandboatline.com\/privacy-policy\/#primaryimage"},"image":{"@id":"https:\/\/grandboatline.com\/privacy-policy\/#primaryimage"},"thumbnailUrl":"https:\/\/grandboatline.com\/wp-content\/uploads\/2024\/05\/privacy-policy-logo-2.png","datePublished":"2024-04-22T12:30:56+00:00","dateModified":"2024-05-27T15:01:07+00:00","breadcrumb":{"@id":"https:\/\/grandboatline.com\/privacy-policy\/#breadcrumb"},"inLanguage":"es","potentialAction":[{"@type":"ReadAction","target":["https:\/\/grandboatline.com\/privacy-policy\/"]}]},{"@type":"ImageObject","inLanguage":"es","@id":"https:\/\/grandboatline.com\/privacy-policy\/#primaryimage","url":"https:\/\/grandboatline.com\/wp-content\/uploads\/2024\/05\/privacy-policy-logo-2.png","contentUrl":"https:\/\/grandboatline.com\/wp-content\/uploads\/2024\/05\/privacy-policy-logo-2.png","width":1302,"height":368},{"@type":"BreadcrumbList","@id":"https:\/\/grandboatline.com\/privacy-policy\/#breadcrumb","itemListElement":[{"@type":"ListItem","position":1,"name":"Home","item":"https:\/\/grandboatline.com\/"},{"@type":"ListItem","position":2,"name":"Privacy Policy"}]},{"@type":"WebSite","@id":"https:\/\/grandboatline.com\/#website","url":"https:\/\/grandboatline.com\/","name":"grand boat line","description":"","publisher":{"@id":"https:\/\/grandboatline.com\/#organization"},"potentialAction":[{"@type":"SearchAction","target":{"@type":"EntryPoint","urlTemplate":"https:\/\/grandboatline.com\/?s={search_term_string}"},"query-input":{"@type":"PropertyValueSpecification","valueRequired":true,"valueName":"search_term_string"}}],"inLanguage":"es"},{"@type":"Organization","@id":"https:\/\/grandboatline.com\/#organization","name":"grand boat line","url":"https:\/\/grandboatline.com\/","logo":{"@type":"ImageObject","inLanguage":"es","@id":"https:\/\/grandboatline.com\/#\/schema\/logo\/image\/","url":"https:\/\/grandboatline.com\/wp-content\/uploads\/2024\/03\/grandboatline_menu_logo.png","contentUrl":"https:\/\/grandboatline.com\/wp-content\/uploads\/2024\/03\/grandboatline_menu_logo.png","width":600,"height":323,"caption":"grand boat line"},"image":{"@id":"https:\/\/grandboatline.com\/#\/schema\/logo\/image\/"}}]}},"jetpack_sharing_enabled":true,"_links":{"self":[{"href":"https:\/\/grandboatline.com\/es\/wp-json\/wp\/v2\/pages\/307","targetHints":{"allow":["GET"]}}],"collection":[{"href":"https:\/\/grandboatline.com\/es\/wp-json\/wp\/v2\/pages"}],"about":[{"href":"https:\/\/grandboatline.com\/es\/wp-json\/wp\/v2\/types\/page"}],"author":[{"embeddable":true,"href":"https:\/\/grandboatline.com\/es\/wp-json\/wp\/v2\/users\/1"}],"replies":[{"embeddable":true,"href":"https:\/\/grandboatline.com\/es\/wp-json\/wp\/v2\/comments?post=307"}],"version-history":[{"count":10,"href":"https:\/\/grandboatline.com\/es\/wp-json\/wp\/v2\/pages\/307\/revisions"}],"predecessor-version":[{"id":1860,"href":"https:\/\/grandboatline.com\/es\/wp-json\/wp\/v2\/pages\/307\/revisions\/1860"}],"wp:featuredmedia":[{"embeddable":true,"href":"https:\/\/grandboatline.com\/es\/wp-json\/wp\/v2\/media\/1074"}],"wp:attachment":[{"href":"https:\/\/grandboatline.com\/es\/wp-json\/wp\/v2\/media?parent=307"}],"curies":[{"name":"wp","href":"https:\/\/api.w.org\/{rel}","templated":true}]}}