{"id":1794,"date":"2024-11-04T11:34:55","date_gmt":"2024-11-04T08:34:55","guid":{"rendered":"https:\/\/grandboatline.com\/?page_id=1794"},"modified":"2026-01-24T22:37:27","modified_gmt":"2026-01-24T19:37:27","slug":"privacy-policy-for-grand-boat-line-audio","status":"publish","type":"page","link":"https:\/\/grandboatline.com\/es\/privacy-policy-for-grand-boat-line-audio\/","title":{"rendered":"Pol\u00edtica de privacidad de grand boat line audio"},"content":{"rendered":"<p><\/p>\n\n\n\n<p>\u00daltima actualizaci\u00f3n: 04 de noviembre de 2024<\/p>\n\n\n\n<p>Esta Pol\u00edtica de Privacidad describe Nuestras pol\u00edticas y procedimientos sobre la recopilaci\u00f3n, uso y divulgaci\u00f3n de Su informaci\u00f3n cuando Usted utiliza el Servicio y le informa sobre Sus derechos de privacidad y c\u00f3mo le protege la ley.<\/p>\n\n\n\n<p>Utilizamos sus datos personales para prestar y mejorar el Servicio. Al utilizar el Servicio, Usted acepta la recopilaci\u00f3n y el uso de la informaci\u00f3n de acuerdo con esta Pol\u00edtica de Privacidad.<\/p>\n\n\n\n<h2 class=\"wp-block-heading\">Interpretaci\u00f3n y definiciones<\/h2>\n\n\n\n<h3 class=\"wp-block-heading\">Interpretaci\u00f3n<\/h3>\n\n\n\n<p>Las palabras cuya inicial aparece en may\u00fascula tienen los significados que se definen a continuaci\u00f3n. Las siguientes definiciones tendr\u00e1n el mismo significado independientemente de que aparezcan en singular o en plural.<\/p>\n\n\n\n<h3 class=\"wp-block-heading\">Definiciones<\/h3>\n\n\n\n<p>A efectos de la presente Pol\u00edtica de Privacidad:<\/p>\n\n\n\n<ul class=\"wp-block-list\">\n<li><strong>Cuenta<\/strong>\u00a0se refiere a una cuenta \u00fanica creada para que Usted acceda a nuestro Servicio o a partes de nuestro Servicio.<\/li>\n\n\n\n<li><strong>Afiliado<\/strong>\u00a0significa una entidad que controla, es controlada por o est\u00e1 bajo control com\u00fan con una parte, donde \"control\" significa la propiedad de 50% o m\u00e1s de las acciones, participaciones u otros valores con derecho a voto para la elecci\u00f3n de directores u otra autoridad de gesti\u00f3n.<\/li>\n\n\n\n<li><strong>Aplicaci\u00f3n<\/strong>\u00a0se refiere a grand boat line audio, el programa inform\u00e1tico proporcionado por la empresa.<\/li>\n\n\n\n<li><strong>Empresa<\/strong>\u00a0(denominada \"la Empresa\", \"Nosotros\", \"Nos\" o \"Nuestro\" en el presente Acuerdo) se refiere a grand boat line audio.<\/li>\n\n\n\n<li><strong>Pa\u00eds<\/strong>\u00a0se refiere a: Turqu\u00eda<\/li>\n\n\n\n<li><strong>Dispositivo<\/strong>\u00a0cualquier dispositivo que pueda acceder al Servicio, como un ordenador, un tel\u00e9fono m\u00f3vil o una tableta digital.<\/li>\n\n\n\n<li><strong>Datos personales<\/strong>\u00a0es toda informaci\u00f3n relativa a una persona identificada o identificable.<\/li>\n\n\n\n<li><strong>Servicio<\/strong>\u00a0se refiere a la Aplicaci\u00f3n.<\/li>\n\n\n\n<li><strong>Proveedor de servicios<\/strong>\u00a0se refiere a cualquier persona f\u00edsica o jur\u00eddica que procese los datos en nombre de la Empresa. Se refiere a terceras empresas o personas f\u00edsicas contratadas por la Empresa para facilitar el Servicio, prestar el Servicio en nombre de la Empresa, realizar servicios relacionados con el Servicio o ayudar a la Empresa a analizar c\u00f3mo se utiliza el Servicio.<\/li>\n\n\n\n<li><strong>Datos de uso<\/strong>\u00a0se refiere a los datos recogidos autom\u00e1ticamente, ya sean generados por el uso del Servicio o procedentes de la propia infraestructura del Servicio (por ejemplo, la duraci\u00f3n de la visita a una p\u00e1gina).<\/li>\n\n\n\n<li><strong>Usted<\/strong>\u00a0la persona f\u00edsica que accede o utiliza el Servicio, o la empresa u otra entidad jur\u00eddica en nombre de la cual dicha persona f\u00edsica accede o utiliza el Servicio, seg\u00fan proceda.<\/li>\n<\/ul>\n\n\n\n<h2 class=\"wp-block-heading\">Recogida y uso de sus datos personales<\/h2>\n\n\n\n<h3 class=\"wp-block-heading\">Tipos de datos recogidos<\/h3>\n\n\n\n<h4 class=\"wp-block-heading\">Datos personales<\/h4>\n\n\n\n<p>Al utilizar nuestro Servicio, es posible que le pidamos que nos proporcione cierta informaci\u00f3n de identificaci\u00f3n personal que pueda utilizarse para ponernos en contacto con usted o identificarle. La informaci\u00f3n de identificaci\u00f3n personal puede incluir, pero no se limita a:<\/p>\n\n\n\n<ul class=\"wp-block-list\">\n<li>Datos de uso<\/li>\n<\/ul>\n\n\n\n<h4 class=\"wp-block-heading\">Datos de uso<\/h4>\n\n\n\n<p>Los Datos de Uso se recogen autom\u00e1ticamente al utilizar el Servicio.<\/p>\n\n\n\n<p>Los Datos de uso pueden incluir informaci\u00f3n como la direcci\u00f3n de protocolo de Internet (p. ej., la direcci\u00f3n IP) de su dispositivo, el tipo de navegador, la versi\u00f3n del navegador, las p\u00e1ginas de nuestro Servicio que visita, la hora y la fecha de su visita, el tiempo que pasa en esas p\u00e1ginas, identificadores \u00fanicos de dispositivos y otros datos de diagn\u00f3stico.<\/p>\n\n\n\n<p>Cuando accede al Servicio por o a trav\u00e9s de un dispositivo m\u00f3vil, podemos recopilar cierta informaci\u00f3n autom\u00e1ticamente, incluyendo, entre otros, el tipo de dispositivo m\u00f3vil que utiliza, el identificador \u00fanico de su dispositivo m\u00f3vil, la direcci\u00f3n IP de su dispositivo m\u00f3vil, su sistema operativo m\u00f3vil, el tipo de navegador de Internet m\u00f3vil que utiliza, identificadores \u00fanicos de dispositivo y otros datos de diagn\u00f3stico.<\/p>\n\n\n\n<p>Tambi\u00e9n podemos recopilar informaci\u00f3n que su navegador env\u00eda cada vez que visita nuestro Servicio o cuando accede al Servicio por o a trav\u00e9s de un dispositivo m\u00f3vil.<\/p>\n\n\n\n<h3 class=\"wp-block-heading\">Uso de sus datos personales<\/h3>\n\n\n\n<p>La Empresa podr\u00e1 utilizar los Datos Personales para los siguientes fines:<\/p>\n\n\n\n<ul class=\"wp-block-list\">\n<li><strong>Para prestar y mantener nuestro Servicio<\/strong>entre otras cosas, para supervisar el uso de nuestro Servicio.<\/li>\n\n\n\n<li><strong>Para gestionar su cuenta:<\/strong>\u00a0gestionar su registro como usuario del Servicio. Los Datos Personales que facilite pueden darle acceso a diferentes funcionalidades del Servicio que est\u00e1n a su disposici\u00f3n como usuario registrado.<\/li>\n\n\n\n<li><strong>Para la ejecuci\u00f3n de un contrato:<\/strong>\u00a0el desarrollo, cumplimiento y realizaci\u00f3n del contrato de compra de los productos, art\u00edculos o servicios que Usted haya adquirido o de cualquier otro contrato con Nosotros a trav\u00e9s del Servicio.<\/li>\n\n\n\n<li><strong>Para contactar con usted:<\/strong>\u00a0Contactar con Usted por correo electr\u00f3nico, llamadas telef\u00f3nicas, SMS u otras formas equivalentes de comunicaci\u00f3n electr\u00f3nica, como las notificaciones push de una aplicaci\u00f3n m\u00f3vil sobre actualizaciones o comunicaciones informativas relacionadas con las funcionalidades, productos o servicios contratados, incluidas las actualizaciones de seguridad, cuando sea necesario o razonable para su implementaci\u00f3n.<\/li>\n\n\n\n<li><strong>Para proporcionarle<\/strong>\u00a0con noticias, ofertas especiales e informaci\u00f3n general sobre otros bienes, servicios y eventos que ofrezcamos y que sean similares a los que ya ha comprado o sobre los que ha preguntado, a menos que haya optado por no recibir dicha informaci\u00f3n.<\/li>\n\n\n\n<li><strong>Gestionar sus solicitudes:<\/strong>\u00a0Atender y gestionar sus solicitudes.<\/li>\n\n\n\n<li><strong>Para traslados de empresas:<\/strong>\u00a0Podemos utilizar su informaci\u00f3n para evaluar o llevar a cabo una fusi\u00f3n, desinversi\u00f3n, reestructuraci\u00f3n, reorganizaci\u00f3n, disoluci\u00f3n u otro tipo de venta o transferencia de algunos o todos nuestros activos, ya sea como empresa en funcionamiento o como parte de un procedimiento de quiebra, liquidaci\u00f3n o similar, en el que los datos personales que conservamos sobre los usuarios de nuestro Servicio se encuentren entre los activos transferidos.<\/li>\n\n\n\n<li><strong>Para otros fines<\/strong>: Podemos utilizar su informaci\u00f3n para otros fines, como el an\u00e1lisis de datos, la identificaci\u00f3n de tendencias de uso, la determinaci\u00f3n de la eficacia de nuestras campa\u00f1as promocionales y para evaluar y mejorar nuestro Servicio, productos, servicios, marketing y su experiencia.<\/li>\n<\/ul>\n\n\n\n<p>Podemos compartir su informaci\u00f3n personal en las siguientes situaciones:<\/p>\n\n\n\n<ul class=\"wp-block-list\">\n<li><strong>Con los proveedores de servicios:<\/strong>\u00a0Podemos compartir su informaci\u00f3n personal con proveedores de servicios para supervisar y analizar el uso de nuestro Servicio, para ponernos en contacto con usted.<\/li>\n\n\n\n<li><strong>Para traslados de empresas:<\/strong>\u00a0Podemos compartir o transferir su informaci\u00f3n personal en relaci\u00f3n con, o durante las negociaciones de, cualquier fusi\u00f3n, venta de activos de la empresa, financiaci\u00f3n o adquisici\u00f3n de la totalidad o parte de nuestro negocio a otra empresa.<\/li>\n\n\n\n<li><strong>Con afiliados:<\/strong>\u00a0Podemos compartir su informaci\u00f3n con nuestras filiales, en cuyo caso exigiremos a dichas filiales que respeten esta Pol\u00edtica de Privacidad. Las filiales incluyen nuestra empresa matriz y cualquier otra filial, empresa conjunta u otras empresas que controlemos o que est\u00e9n bajo control com\u00fan con nosotros.<\/li>\n\n\n\n<li><strong>Con socios comerciales:<\/strong>\u00a0Podemos compartir su informaci\u00f3n con nuestros socios comerciales para ofrecerle determinados productos, servicios o promociones.<\/li>\n\n\n\n<li><strong>Con otros usuarios:<\/strong>\u00a0cuando Usted comparte informaci\u00f3n personal o interact\u00faa de cualquier otro modo en las \u00e1reas p\u00fablicas con otros usuarios, dicha informaci\u00f3n puede ser vista por todos los usuarios y puede ser distribuida p\u00fablicamente al exterior.<\/li>\n\n\n\n<li><strong>Con su consentimiento<\/strong>: Podemos revelar su informaci\u00f3n personal para cualquier otro prop\u00f3sito con su consentimiento.<\/li>\n<\/ul>\n\n\n\n<h3 class=\"wp-block-heading\">Conservaci\u00f3n de sus datos personales<\/h3>\n\n\n\n<p>La Empresa conservar\u00e1 sus Datos Personales \u00fanicamente durante el tiempo que sea necesario para los fines establecidos en la presente Pol\u00edtica de Privacidad. Conservaremos y utilizaremos sus Datos Personales en la medida necesaria para cumplir con nuestras obligaciones legales (por ejemplo, si estamos obligados a conservar sus datos para cumplir con la legislaci\u00f3n aplicable), resolver conflictos y hacer cumplir nuestros acuerdos legales y pol\u00edticas.<\/p>\n\n\n\n<p>La Empresa tambi\u00e9n conservar\u00e1 los Datos de Uso con fines de an\u00e1lisis interno. Por lo general, los Datos de Uso se conservan durante un per\u00edodo de tiempo m\u00e1s corto, excepto cuando estos datos se utilizan para reforzar la seguridad o mejorar la funcionalidad de Nuestro Servicio, o cuando estamos legalmente obligados a conservar estos datos durante per\u00edodos de tiempo m\u00e1s largos.<\/p>\n\n\n\n<h3 class=\"wp-block-heading\">Transferencia de sus datos personales<\/h3>\n\n\n\n<p>Su informaci\u00f3n, incluidos los Datos Personales, se procesa en las oficinas operativas de la Empresa y en cualquier otro lugar donde se encuentren las partes implicadas en el procesamiento. Esto significa que esta informaci\u00f3n puede ser transferida y mantenida en ordenadores situados fuera de su estado, provincia, pa\u00eds u otra jurisdicci\u00f3n gubernamental donde las leyes de protecci\u00f3n de datos puedan diferir de las de su jurisdicci\u00f3n.<\/p>\n\n\n\n<p>Su consentimiento a esta Pol\u00edtica de Privacidad seguido de su env\u00edo de dicha informaci\u00f3n representa su acuerdo a dicha transferencia.<\/p>\n\n\n\n<p>La Empresa tomar\u00e1 todas las medidas razonablemente necesarias para garantizar que sus datos sean tratados de forma segura y de acuerdo con esta Pol\u00edtica de Privacidad y no se realizar\u00e1 ninguna transferencia de sus Datos Personales a una organizaci\u00f3n o pa\u00eds a menos que existan controles adecuados que incluyan la seguridad de sus datos y otra informaci\u00f3n personal.<\/p>\n\n\n\n<h3 class=\"wp-block-heading\">Borrar sus datos personales<\/h3>\n\n\n\n<p>Tiene derecho a eliminar o solicitar que le ayudemos a eliminar los Datos Personales que hayamos recopilado sobre Usted.<\/p>\n\n\n\n<p>Nuestro Servicio puede ofrecerle la posibilidad de eliminar cierta informaci\u00f3n sobre usted dentro del Servicio.<\/p>\n\n\n\n<p>Puede actualizar, modificar o eliminar su informaci\u00f3n en cualquier momento accediendo a su cuenta, si la tiene, y visitando la secci\u00f3n de configuraci\u00f3n de la cuenta que le permite gestionar su informaci\u00f3n personal. Tambi\u00e9n puede ponerse en contacto con nosotros para solicitar el acceso, la correcci\u00f3n o la eliminaci\u00f3n de cualquier informaci\u00f3n personal que nos haya proporcionado.<\/p>\n\n\n\n<p>Sin embargo, tenga en cuenta que es posible que necesitemos conservar cierta informaci\u00f3n cuando tengamos una obligaci\u00f3n legal o una base jur\u00eddica para hacerlo.<\/p>\n\n\n\n<h3 class=\"wp-block-heading\">Divulgaci\u00f3n de sus datos personales<\/h3>\n\n\n\n<h4 class=\"wp-block-heading\">Operaciones comerciales<\/h4>\n\n\n\n<p>Si la empresa participa en una fusi\u00f3n, adquisici\u00f3n o venta de activos, sus datos personales pueden ser transferidos. Le avisaremos antes de que sus Datos Personales sean transferidos y queden sujetos a una Pol\u00edtica de Privacidad diferente.<\/p>\n\n\n\n<h4 class=\"wp-block-heading\">Cumplimiento de la ley<\/h4>\n\n\n\n<p>En determinadas circunstancias, la Empresa puede verse obligada a revelar sus Datos Personales si as\u00ed se lo exige la ley o en respuesta a solicitudes v\u00e1lidas de autoridades p\u00fablicas (por ejemplo, un tribunal o una agencia gubernamental).<\/p>\n\n\n\n<h4 class=\"wp-block-heading\">Otros requisitos legales<\/h4>\n\n\n\n<p>La Empresa podr\u00e1 revelar sus Datos Personales en la creencia de buena fe de que dicha acci\u00f3n es necesaria para:<\/p>\n\n\n\n<ul class=\"wp-block-list\">\n<li>Cumplir una obligaci\u00f3n legal<\/li>\n\n\n\n<li>Proteger y defender los derechos o la propiedad de la empresa<\/li>\n\n\n\n<li>Prevenir o investigar posibles irregularidades en relaci\u00f3n con el Servicio<\/li>\n\n\n\n<li>Proteger la seguridad personal de los usuarios del servicio o del p\u00fablico.<\/li>\n\n\n\n<li>Protecci\u00f3n frente a la responsabilidad jur\u00eddica<\/li>\n<\/ul>\n\n\n\n<h3 class=\"wp-block-heading\">Seguridad de sus datos personales<\/h3>\n\n\n\n<p>La seguridad de sus Datos Personales es importante para Nosotros, pero recuerde que ning\u00fan m\u00e9todo de transmisi\u00f3n a trav\u00e9s de Internet, o m\u00e9todo de almacenamiento electr\u00f3nico es 100% seguro. Aunque nos esforzamos por utilizar medios comercialmente aceptables para proteger sus Datos Personales, no podemos garantizar su seguridad absoluta.<\/p>\n\n\n\n<h2 class=\"wp-block-heading\">Privacidad infantil<\/h2>\n\n\n\n<p>Nuestro Servicio no se dirige a menores de 13 a\u00f1os. No recopilamos conscientemente informaci\u00f3n personal identificable de menores de 13 a\u00f1os. Si usted es padre o tutor y sabe que su hijo nos ha proporcionado datos personales, p\u00f3ngase en contacto con nosotros. Si tenemos conocimiento de que hemos recopilado Datos Personales de cualquier persona menor de 13 a\u00f1os sin verificar el consentimiento paterno, tomaremos medidas para eliminar esa informaci\u00f3n de nuestros servidores.<\/p>\n\n\n\n<p>Si necesitamos basarnos en el consentimiento como base legal para procesar su informaci\u00f3n y su pa\u00eds requiere el consentimiento de uno de los padres, podemos requerir el consentimiento de sus padres antes de recopilar y utilizar esa informaci\u00f3n.<\/p>\n\n\n\n<h2 class=\"wp-block-heading\">Enlaces a otros sitios web<\/h2>\n\n\n\n<p>Nuestro Servicio puede contener enlaces a otros sitios web no gestionados por nosotros. Si hace clic en un enlace de terceros, ser\u00e1 dirigido al sitio de ese tercero. Le recomendamos encarecidamente que revise la Pol\u00edtica de Privacidad de cada sitio que visite.<\/p>\n\n\n\n<p>No tenemos ning\u00fan control ni asumimos ninguna responsabilidad por el contenido, las pol\u00edticas de privacidad o las pr\u00e1cticas de los sitios o servicios de terceros.<\/p>\n\n\n\n<h2 class=\"wp-block-heading\">Cambios en esta pol\u00edtica de privacidad<\/h2>\n\n\n\n<p>Es posible que actualicemos Nuestra Pol\u00edtica de Privacidad de vez en cuando. Le notificaremos cualquier cambio publicando la nueva Pol\u00edtica de Privacidad en esta p\u00e1gina.<\/p>\n\n\n\n<p>Se lo comunicaremos por correo electr\u00f3nico y\/o mediante un aviso destacado en nuestro Servicio, antes de que el cambio entre en vigor, y actualizaremos la fecha de \"\u00daltima actualizaci\u00f3n\" en la parte superior de esta Pol\u00edtica de Privacidad.<\/p>\n\n\n\n<p>Le aconsejamos que revise peri\u00f3dicamente esta Pol\u00edtica de Privacidad para comprobar si se han producido cambios. Las modificaciones de esta Pol\u00edtica de Privacidad entrar\u00e1n en vigor cuando se publiquen en esta p\u00e1gina.<\/p>\n\n\n\n<h2 class=\"wp-block-heading\">P\u00f3ngase en contacto con nosotros<\/h2>\n\n\n\n<p>Si tiene alguna pregunta sobre esta Pol\u00edtica de privacidad, puede ponerse en contacto con nosotros:<\/p>\n\n\n\n<ul class=\"wp-block-list\">\n<li>Por correo electr\u00f3nico: info@grandboatline.com<\/li>\n<\/ul>","protected":false},"excerpt":{"rendered":"<p>\u00daltima actualizaci\u00f3n: 04 de noviembre de 2024 Esta Pol\u00edtica de Privacidad describe Nuestras pol\u00edticas y procedimientos sobre la recopilaci\u00f3n, uso y divulgaci\u00f3n de Su informaci\u00f3n cuando Usted utiliza el Servicio y le informa sobre Sus derechos de privacidad y c\u00f3mo le protege la ley. Utilizamos Sus datos personales para proporcionar y mejorar el Servicio. Al utilizar el Servicio, [...]<\/p>","protected":false},"author":1,"featured_media":0,"parent":0,"menu_order":0,"comment_status":"closed","ping_status":"closed","template":"","meta":{"om_disable_all_campaigns":false,"_monsterinsights_skip_tracking":false,"_monsterinsights_sitenote_active":false,"_monsterinsights_sitenote_note":"","_monsterinsights_sitenote_category":0,"_uf_show_specific_survey":0,"_uf_disable_surveys":false,"footnotes":""},"class_list":["post-1794","page","type-page","status-publish","has-post-thumbnail","hentry"],"yoast_head":"<!-- This site is optimized with the Yoast SEO Premium plugin v27.1 (Yoast SEO v27.2) - https:\/\/yoast.com\/product\/yoast-seo-premium-wordpress\/ -->\n<title>Privacy Policy for grand boat line audio - grand boat line<\/title>\n<meta name=\"description\" content=\"This Privacy Policy describes Our policies and procedures on the collection, use and disclosure of Your information when You use the Service and tells You about Your privacy rights and how the law protects You.\" \/>\n<meta name=\"robots\" content=\"index, follow, max-snippet:-1, max-image-preview:large, max-video-preview:-1\" \/>\n<link rel=\"canonical\" href=\"https:\/\/grandboatline.com\/es\/privacy-policy-for-grand-boat-line-audio\/\" \/>\n<meta property=\"og:locale\" content=\"es_ES\" \/>\n<meta property=\"og:type\" content=\"article\" \/>\n<meta property=\"og:title\" content=\"Privacy Policy for grand boat line audio\" \/>\n<meta property=\"og:description\" content=\"This Privacy Policy describes Our policies and procedures on the collection, use and disclosure of Your information when You use the Service and tells You about Your privacy rights and how the law protects You.\" \/>\n<meta property=\"og:url\" content=\"https:\/\/grandboatline.com\/es\/privacy-policy-for-grand-boat-line-audio\/\" \/>\n<meta property=\"og:site_name\" content=\"grand boat line\" \/>\n<meta property=\"article:modified_time\" content=\"2026-01-24T19:37:27+00:00\" \/>\n<meta name=\"twitter:card\" content=\"summary_large_image\" \/>\n<meta name=\"twitter:label1\" content=\"Tiempo de lectura\" \/>\n\t<meta name=\"twitter:data1\" content=\"9 minutos\" \/>\n<script type=\"application\/ld+json\" class=\"yoast-schema-graph\">{\"@context\":\"https:\/\/schema.org\",\"@graph\":[{\"@type\":\"WebPage\",\"@id\":\"https:\/\/grandboatline.com\/privacy-policy-for-grand-boat-line-audio\/\",\"url\":\"https:\/\/grandboatline.com\/privacy-policy-for-grand-boat-line-audio\/\",\"name\":\"Privacy Policy for grand boat line audio - grand boat line\",\"isPartOf\":{\"@id\":\"https:\/\/grandboatline.com\/#website\"},\"datePublished\":\"2024-11-04T08:34:55+00:00\",\"dateModified\":\"2026-01-24T19:37:27+00:00\",\"description\":\"This Privacy Policy describes Our policies and procedures on the collection, use and disclosure of Your information when You use the Service and tells You about Your privacy rights and how the law protects You.\",\"breadcrumb\":{\"@id\":\"https:\/\/grandboatline.com\/privacy-policy-for-grand-boat-line-audio\/#breadcrumb\"},\"inLanguage\":\"es\",\"potentialAction\":[{\"@type\":\"ReadAction\",\"target\":[\"https:\/\/grandboatline.com\/privacy-policy-for-grand-boat-line-audio\/\"]}]},{\"@type\":\"BreadcrumbList\",\"@id\":\"https:\/\/grandboatline.com\/privacy-policy-for-grand-boat-line-audio\/#breadcrumb\",\"itemListElement\":[{\"@type\":\"ListItem\",\"position\":1,\"name\":\"Home\",\"item\":\"https:\/\/grandboatline.com\/\"},{\"@type\":\"ListItem\",\"position\":2,\"name\":\"Privacy Policy for grand boat line audio\"}]},{\"@type\":\"WebSite\",\"@id\":\"https:\/\/grandboatline.com\/#website\",\"url\":\"https:\/\/grandboatline.com\/\",\"name\":\"grand boat line\",\"description\":\"\",\"publisher\":{\"@id\":\"https:\/\/grandboatline.com\/#organization\"},\"potentialAction\":[{\"@type\":\"SearchAction\",\"target\":{\"@type\":\"EntryPoint\",\"urlTemplate\":\"https:\/\/grandboatline.com\/?s={search_term_string}\"},\"query-input\":{\"@type\":\"PropertyValueSpecification\",\"valueRequired\":true,\"valueName\":\"search_term_string\"}}],\"inLanguage\":\"es\"},{\"@type\":\"Organization\",\"@id\":\"https:\/\/grandboatline.com\/#organization\",\"name\":\"grand boat line\",\"url\":\"https:\/\/grandboatline.com\/\",\"logo\":{\"@type\":\"ImageObject\",\"inLanguage\":\"es\",\"@id\":\"https:\/\/grandboatline.com\/#\/schema\/logo\/image\/\",\"url\":\"https:\/\/grandboatline.com\/wp-content\/uploads\/2024\/03\/grandboatline_menu_logo.png\",\"contentUrl\":\"https:\/\/grandboatline.com\/wp-content\/uploads\/2024\/03\/grandboatline_menu_logo.png\",\"width\":600,\"height\":323,\"caption\":\"grand boat line\"},\"image\":{\"@id\":\"https:\/\/grandboatline.com\/#\/schema\/logo\/image\/\"}}]}<\/script>\n<!-- \/ Yoast SEO Premium plugin. -->","yoast_head_json":{"title":"Privacy Policy for grand boat line audio - grand boat line","description":"This Privacy Policy describes Our policies and procedures on the collection, use and disclosure of Your information when You use the Service and tells You about Your privacy rights and how the law protects You.","robots":{"index":"index","follow":"follow","max-snippet":"max-snippet:-1","max-image-preview":"max-image-preview:large","max-video-preview":"max-video-preview:-1"},"canonical":"https:\/\/grandboatline.com\/es\/privacy-policy-for-grand-boat-line-audio\/","og_locale":"es_ES","og_type":"article","og_title":"Privacy Policy for grand boat line audio","og_description":"This Privacy Policy describes Our policies and procedures on the collection, use and disclosure of Your information when You use the Service and tells You about Your privacy rights and how the law protects You.","og_url":"https:\/\/grandboatline.com\/es\/privacy-policy-for-grand-boat-line-audio\/","og_site_name":"grand boat line","article_modified_time":"2026-01-24T19:37:27+00:00","twitter_card":"summary_large_image","twitter_misc":{"Tiempo de lectura":"9 minutos"},"schema":{"@context":"https:\/\/schema.org","@graph":[{"@type":"WebPage","@id":"https:\/\/grandboatline.com\/privacy-policy-for-grand-boat-line-audio\/","url":"https:\/\/grandboatline.com\/privacy-policy-for-grand-boat-line-audio\/","name":"Privacy Policy for grand boat line audio - grand boat line","isPartOf":{"@id":"https:\/\/grandboatline.com\/#website"},"datePublished":"2024-11-04T08:34:55+00:00","dateModified":"2026-01-24T19:37:27+00:00","description":"This Privacy Policy describes Our policies and procedures on the collection, use and disclosure of Your information when You use the Service and tells You about Your privacy rights and how the law protects You.","breadcrumb":{"@id":"https:\/\/grandboatline.com\/privacy-policy-for-grand-boat-line-audio\/#breadcrumb"},"inLanguage":"es","potentialAction":[{"@type":"ReadAction","target":["https:\/\/grandboatline.com\/privacy-policy-for-grand-boat-line-audio\/"]}]},{"@type":"BreadcrumbList","@id":"https:\/\/grandboatline.com\/privacy-policy-for-grand-boat-line-audio\/#breadcrumb","itemListElement":[{"@type":"ListItem","position":1,"name":"Home","item":"https:\/\/grandboatline.com\/"},{"@type":"ListItem","position":2,"name":"Privacy Policy for grand boat line audio"}]},{"@type":"WebSite","@id":"https:\/\/grandboatline.com\/#website","url":"https:\/\/grandboatline.com\/","name":"grand boat line","description":"","publisher":{"@id":"https:\/\/grandboatline.com\/#organization"},"potentialAction":[{"@type":"SearchAction","target":{"@type":"EntryPoint","urlTemplate":"https:\/\/grandboatline.com\/?s={search_term_string}"},"query-input":{"@type":"PropertyValueSpecification","valueRequired":true,"valueName":"search_term_string"}}],"inLanguage":"es"},{"@type":"Organization","@id":"https:\/\/grandboatline.com\/#organization","name":"grand boat line","url":"https:\/\/grandboatline.com\/","logo":{"@type":"ImageObject","inLanguage":"es","@id":"https:\/\/grandboatline.com\/#\/schema\/logo\/image\/","url":"https:\/\/grandboatline.com\/wp-content\/uploads\/2024\/03\/grandboatline_menu_logo.png","contentUrl":"https:\/\/grandboatline.com\/wp-content\/uploads\/2024\/03\/grandboatline_menu_logo.png","width":600,"height":323,"caption":"grand boat line"},"image":{"@id":"https:\/\/grandboatline.com\/#\/schema\/logo\/image\/"}}]}},"jetpack_sharing_enabled":true,"_links":{"self":[{"href":"https:\/\/grandboatline.com\/es\/wp-json\/wp\/v2\/pages\/1794","targetHints":{"allow":["GET"]}}],"collection":[{"href":"https:\/\/grandboatline.com\/es\/wp-json\/wp\/v2\/pages"}],"about":[{"href":"https:\/\/grandboatline.com\/es\/wp-json\/wp\/v2\/types\/page"}],"author":[{"embeddable":true,"href":"https:\/\/grandboatline.com\/es\/wp-json\/wp\/v2\/users\/1"}],"replies":[{"embeddable":true,"href":"https:\/\/grandboatline.com\/es\/wp-json\/wp\/v2\/comments?post=1794"}],"version-history":[{"count":1,"href":"https:\/\/grandboatline.com\/es\/wp-json\/wp\/v2\/pages\/1794\/revisions"}],"predecessor-version":[{"id":1795,"href":"https:\/\/grandboatline.com\/es\/wp-json\/wp\/v2\/pages\/1794\/revisions\/1795"}],"wp:attachment":[{"href":"https:\/\/grandboatline.com\/es\/wp-json\/wp\/v2\/media?parent=1794"}],"curies":[{"name":"wp","href":"https:\/\/api.w.org\/{rel}","templated":true}]}}