{"id":77,"date":"2024-03-21T13:16:44","date_gmt":"2024-03-21T10:16:44","guid":{"rendered":"https:\/\/hasanpamuk.com\/?page_id=77"},"modified":"2025-06-01T11:08:05","modified_gmt":"2025-06-01T08:08:05","slug":"qr-aspx","status":"publish","type":"page","link":"https:\/\/grandboatline.com\/de\/qr-aspx\/","title":{"rendered":"Treffpunkte"},"content":{"rendered":"<div data-elementor-type=\"wp-page\" data-elementor-id=\"77\" class=\"elementor elementor-77\" data-elementor-settings=\"{&quot;ha_cmc_init_switcher&quot;:&quot;no&quot;}\" data-elementor-post-type=\"page\">\n\t\t\t\t<div class=\"elementor-element elementor-element-cf92800 e-con-full e-flex e-con e-parent\" data-id=\"cf92800\" data-element_type=\"container\" data-e-type=\"container\" data-settings=\"{&quot;_ha_eqh_enable&quot;:false}\">\n\t\t\t\t<div class=\"elementor-element elementor-element-a41c9df elementor-widget elementor-widget-heading\" data-id=\"a41c9df\" data-element_type=\"widget\" data-e-type=\"widget\" data-widget_type=\"heading.default\">\n\t\t\t\t<div class=\"elementor-widget-container\">\n\t\t\t\t\t<h1 class=\"elementor-heading-title elementor-size-default\">Treffpunkt f\u00fcr Bosporus-Kreuzfahrt<\/h1>\t\t\t\t<\/div>\n\t\t\t\t<\/div>\n\t\t\t\t<div class=\"elementor-element elementor-element-d321ddc elementor-widget elementor-widget-text-editor\" data-id=\"d321ddc\" data-element_type=\"widget\" data-e-type=\"widget\" data-widget_type=\"text-editor.default\">\n\t\t\t\t<div class=\"elementor-widget-container\">\n\t\t\t\t\t\t\t\t\t<p>Willkommen bei Grand Boat Line! Wenn Sie sich unserem <strong data-start=\"480\" data-end=\"500\">Bosporus-Kreuzfahrt<\/strong>in Kenntnis der genauen <strong data-start=\"520\" data-end=\"537\">Treffpunkt<\/strong> ist eine wichtige Voraussetzung f\u00fcr einen reibungslosen und angenehmen Start in Ihr Istanbul-Abenteuer. Auf dieser Seite finden Sie alle Informationen \u00fcber unseren Treffpunkt, wie Sie dorthin gelangen und was Sie vor Ihrer unvergesslichen Bootstour erwartet.<\/p>\t\t\t\t\t\t\t\t<\/div>\n\t\t\t\t<\/div>\n\t\t\t\t<div class=\"elementor-element elementor-element-b36aeb0 elementor-widget elementor-widget-heading\" data-id=\"b36aeb0\" data-element_type=\"widget\" data-e-type=\"widget\" data-widget_type=\"heading.default\">\n\t\t\t\t<div class=\"elementor-widget-container\">\n\t\t\t\t\t<h2 class=\"elementor-heading-title elementor-size-default\">Wo ist der Treffpunkt f\u00fcr die Bosporus-Kreuzfahrt?<\/h2>\t\t\t\t<\/div>\n\t\t\t\t<\/div>\n\t\t\t\t<div class=\"elementor-element elementor-element-2144f23 elementor-widget elementor-widget-text-editor\" data-id=\"2144f23\" data-element_type=\"widget\" data-e-type=\"widget\" data-widget_type=\"text-editor.default\">\n\t\t\t\t<div class=\"elementor-widget-container\">\n\t\t\t\t\t\t\t\t\t<p>Unser Treffpunkt f\u00fcr Bosporus-Kreuzfahrten liegt zentral im Herzen Istanbuls und ist von beliebten Vierteln wie Sultanahmet, Taksim und Karak\u00f6y aus leicht zu erreichen. Die genaue Adresse und Wegbeschreibung finden Sie unten, damit Sie p\u00fcnktlich und ohne Stress ankommen.<\/p>\t\t\t\t\t\t\t\t<\/div>\n\t\t\t\t<\/div>\n\t\t\t\t<div class=\"elementor-element elementor-element-3cd8c47 elementor-widget elementor-widget-heading\" data-id=\"3cd8c47\" data-element_type=\"widget\" data-e-type=\"widget\" data-widget_type=\"heading.default\">\n\t\t\t\t<div class=\"elementor-widget-container\">\n\t\t\t\t\t<h2 class=\"elementor-heading-title elementor-size-default\">Wo ist der Treffpunkt f\u00fcr die Bosporus-Kreuzfahrt?<\/h2>\t\t\t\t<\/div>\n\t\t\t\t<\/div>\n\t\t\t\t<div class=\"elementor-element elementor-element-e33bf7d elementor-widget elementor-widget-text-editor\" data-id=\"e33bf7d\" data-element_type=\"widget\" data-e-type=\"widget\" data-widget_type=\"text-editor.default\">\n\t\t\t\t<div class=\"elementor-widget-container\">\n\t\t\t\t\t\t\t\t\t<p>Sie erreichen unser <strong data-start=\"1208\" data-end=\"1242\">Treffpunkt f\u00fcr Bosporus-Kreuzfahrten<\/strong> mit der Stra\u00dfenbahn, der U-Bahn, dem Taxi oder zu Fu\u00df, je nachdem, wo Sie sich befinden. Die n\u00e4chstgelegenen Haltestellen der \u00f6ffentlichen Verkehrsmittel und Sehensw\u00fcrdigkeiten sind auf der Karte unten eingezeichnet. Sollten Sie Hilfe ben\u00f6tigen, steht Ihnen unser Kundenservice jederzeit zur Verf\u00fcgung.<\/p>\t\t\t\t\t\t\t\t<\/div>\n\t\t\t\t<\/div>\n\t\t\t\t<div class=\"elementor-element elementor-element-48e0a70 elementor-widget elementor-widget-heading\" data-id=\"48e0a70\" data-element_type=\"widget\" data-e-type=\"widget\" data-widget_type=\"heading.default\">\n\t\t\t\t<div class=\"elementor-widget-container\">\n\t\t\t\t\t<h2 class=\"elementor-heading-title elementor-size-default\">Tipps f\u00fcr einen reibungslosen Start<\/h2>\t\t\t\t<\/div>\n\t\t\t\t<\/div>\n\t\t\t\t<div class=\"elementor-element elementor-element-08e9532 elementor-widget elementor-widget-text-editor\" data-id=\"08e9532\" data-element_type=\"widget\" data-e-type=\"widget\" data-widget_type=\"text-editor.default\">\n\t\t\t\t<div class=\"elementor-widget-container\">\n\t\t\t\t\t\t\t\t\t<ul data-start=\"1859\" data-end=\"2101\"><li data-start=\"1859\" data-end=\"1922\"><p data-start=\"1861\" data-end=\"1922\">Erscheinen Sie mindestens 15 Minuten vor der geplanten Abfahrt.<\/p>\n<\/li>\n<li data-start=\"1923\" data-end=\"1972\">\n<p data-start=\"1925\" data-end=\"1972\">Informieren Sie sich \u00fcber den \u00f6rtlichen Verkehr und die Transportzeiten.<\/p>\n<\/li>\n<li data-start=\"1973\" data-end=\"2046\">\n<p data-start=\"1975\" data-end=\"2046\">Bewahren Sie Ihr Hab und Gut sicher auf und bringen Sie Ihre Kamera mit, um die besten Aussichten zu genie\u00dfen!<\/p>\n<\/li>\n<li data-start=\"2047\" data-end=\"2101\">\n<p data-start=\"2049\" data-end=\"2101\">Bei Fragen k\u00f6nnen Sie uns per WhatsApp oder Telefon kontaktieren.<\/p>\n<\/li>\n<\/ul>\t\t\t\t\t\t\t\t<\/div>\n\t\t\t\t<\/div>\n\t\t<div class=\"elementor-element elementor-element-0e7014d e-flex e-con-boxed e-con e-child\" data-id=\"0e7014d\" data-element_type=\"container\" data-e-type=\"container\" data-settings=\"{&quot;_ha_eqh_enable&quot;:false}\">\n\t\t\t\t\t<div class=\"e-con-inner\">\n\t\t\t\t<div class=\"elementor-element elementor-element-7da6839 elementor-widget elementor-widget-heading\" data-id=\"7da6839\" data-element_type=\"widget\" data-e-type=\"widget\" data-widget_type=\"heading.default\">\n\t\t\t\t<div class=\"elementor-widget-container\">\n\t\t\t\t\t<h2 class=\"elementor-heading-title elementor-size-default\">1.Treffpunkt Gazete Markt<\/h2>\t\t\t\t<\/div>\n\t\t\t\t<\/div>\n\t\t\t\t<div class=\"elementor-element elementor-element-0a9492f elementor-widget elementor-widget-google_maps\" data-id=\"0a9492f\" data-element_type=\"widget\" data-e-type=\"widget\" data-widget_type=\"google_maps.default\">\n\t\t\t\t<div class=\"elementor-widget-container\">\n\t\t\t\t\t\t\t<div class=\"elementor-custom-embed\">\n\t\t\t<iframe loading=\"lazy\"\n\t\t\t\t\tsrc=\"https:\/\/maps.google.com\/maps?q=Cankurtaran%2C%20Ayasofya%20Meydan%C4%B1%2C%2034122%20Fatih%2F%C4%B0stanbul&#038;t=m&#038;z=14&#038;output=embed&#038;iwloc=near\"\n\t\t\t\t\ttitle=\"Cankurtaran, Ayasofya Meydan\u0131, 34122 Fatih\/\u0130stanbul\"\n\t\t\t\t\taria-label=\"Cankurtaran, Ayasofya Meydan\u0131, 34122 Fatih\/\u0130stanbul\"\n\t\t\t><\/iframe>\n\t\t<\/div>\n\t\t\t\t\t\t<\/div>\n\t\t\t\t<\/div>\n\t\t\t\t<div class=\"elementor-element elementor-element-449f8a6 elementor-widget elementor-widget-heading\" data-id=\"449f8a6\" data-element_type=\"widget\" data-e-type=\"widget\" data-widget_type=\"heading.default\">\n\t\t\t\t<div class=\"elementor-widget-container\">\n\t\t\t\t\t<h2 class=\"elementor-heading-title elementor-size-default\">Gazete Markt Video <\/h2>\t\t\t\t<\/div>\n\t\t\t\t<\/div>\n\t\t\t\t<div class=\"elementor-element elementor-element-684d324 elementor-widget elementor-widget-video\" data-id=\"684d324\" data-element_type=\"widget\" data-e-type=\"widget\" data-settings=\"{&quot;youtube_url&quot;:&quot;https:\\\/\\\/www.youtube.com\\\/watch?v=m93dMkBk4UE&quot;,&quot;video_type&quot;:&quot;youtube&quot;,&quot;controls&quot;:&quot;yes&quot;}\" data-widget_type=\"video.default\">\n\t\t\t\t<div class=\"elementor-widget-container\">\n\t\t\t\t\t\t\t<div class=\"elementor-wrapper elementor-open-inline\">\n\t\t\t<div class=\"elementor-video\"><\/div>\t\t<\/div>\n\t\t\t\t\t\t<\/div>\n\t\t\t\t<\/div>\n\t\t<div class=\"elementor-element elementor-element-d2c6784 e-flex e-con-boxed e-con e-child\" data-id=\"d2c6784\" data-element_type=\"container\" data-e-type=\"container\" data-settings=\"{&quot;_ha_eqh_enable&quot;:false}\">\n\t\t\t\t\t<div class=\"e-con-inner\">\n\t\t\t\t<div class=\"elementor-element elementor-element-e979954 elementor-widget elementor-widget-heading\" data-id=\"e979954\" data-element_type=\"widget\" data-e-type=\"widget\" data-widget_type=\"heading.default\">\n\t\t\t\t<div class=\"elementor-widget-container\">\n\t\t\t\t\t<h2 class=\"elementor-heading-title elementor-size-default\">3) Treffpunkt - Cafe Minare<\/h2>\t\t\t\t<\/div>\n\t\t\t\t<\/div>\n\t\t\t\t<div class=\"elementor-element elementor-element-c80201e elementor-widget elementor-widget-google_maps\" data-id=\"c80201e\" data-element_type=\"widget\" data-e-type=\"widget\" data-widget_type=\"google_maps.default\">\n\t\t\t\t<div class=\"elementor-widget-container\">\n\t\t\t\t\t\t\t<div class=\"elementor-custom-embed\">\n\t\t\t<iframe loading=\"lazy\"\n\t\t\t\t\tsrc=\"https:\/\/maps.google.com\/maps?q=cafe%20minare%20sultan%20ahmet&#038;t=m&#038;z=14&#038;output=embed&#038;iwloc=near\"\n\t\t\t\t\ttitle=\"Cafe Minare Sultan Ahmet\"\n\t\t\t\t\taria-label=\"Cafe Minare Sultan Ahmet\"\n\t\t\t><\/iframe>\n\t\t<\/div>\n\t\t\t\t\t\t<\/div>\n\t\t\t\t<\/div>\n\t\t\t\t<div class=\"elementor-element elementor-element-ce4045d elementor-widget elementor-widget-heading\" data-id=\"ce4045d\" data-element_type=\"widget\" data-e-type=\"widget\" data-widget_type=\"heading.default\">\n\t\t\t\t<div class=\"elementor-widget-container\">\n\t\t\t\t\t<h2 class=\"elementor-heading-title elementor-size-default\">4. der Ausgangspunkt - Ah\u0131rkap\u0131 Pier <\/h2>\t\t\t\t<\/div>\n\t\t\t\t<\/div>\n\t\t\t\t<div class=\"elementor-element elementor-element-c2b1b58 elementor-widget elementor-widget-google_maps\" data-id=\"c2b1b58\" data-element_type=\"widget\" data-e-type=\"widget\" data-widget_type=\"google_maps.default\">\n\t\t\t\t<div class=\"elementor-widget-container\">\n\t\t\t\t\t\t\t<div class=\"elementor-custom-embed\">\n\t\t\t<iframe loading=\"lazy\"\n\t\t\t\t\tsrc=\"https:\/\/maps.google.com\/maps?q=ah%C4%B1rkap%C4%B1%20iskelesi&#038;t=m&#038;z=14&#038;output=embed&#038;iwloc=near\"\n\t\t\t\t\ttitle=\"ah\u0131rkap\u0131 iskelesi\"\n\t\t\t\t\taria-label=\"ah\u0131rkap\u0131 iskelesi\"\n\t\t\t><\/iframe>\n\t\t<\/div>\n\t\t\t\t\t\t<\/div>\n\t\t\t\t<\/div>\n\t\t\t\t\t<\/div>\n\t\t\t\t<\/div>\n\t\t\t\t\t<\/div>\n\t\t\t\t<\/div>\n\t\t\t\t<\/div>\n\t\t\t\t<\/div>","protected":false},"excerpt":{"rendered":"<p>Treffpunkt f\u00fcr die Bosporus-Kreuzfahrt Willkommen bei Grand Boat Line! Wenn Sie an unserer Bosporus-Kreuzfahrt teilnehmen m\u00f6chten, ist es f\u00fcr einen reibungslosen und angenehmen Start in Ihr Istanbul-Abenteuer wichtig, den genauen Treffpunkt zu kennen. Auf dieser Seite finden Sie alle Informationen \u00fcber unseren Treffpunkt, wie Sie dorthin gelangen und was Sie [...]<\/p>","protected":false},"author":1,"featured_media":39,"parent":0,"menu_order":0,"comment_status":"closed","ping_status":"closed","template":"","meta":{"om_disable_all_campaigns":false,"_monsterinsights_skip_tracking":false,"_monsterinsights_sitenote_active":false,"_monsterinsights_sitenote_note":"","_monsterinsights_sitenote_category":0,"_uf_show_specific_survey":0,"_uf_disable_surveys":false,"footnotes":""},"class_list":["post-77","page","type-page","status-publish","has-post-thumbnail","hentry"],"yoast_head":"<!-- This site is optimized with the Yoast SEO Premium plugin v27.1 (Yoast SEO v27.2) - https:\/\/yoast.com\/product\/yoast-seo-premium-wordpress\/ -->\n<title>Meeting Points - grand boat line<\/title>\n<meta name=\"robots\" content=\"index, follow, max-snippet:-1, max-image-preview:large, max-video-preview:-1\" \/>\n<link rel=\"canonical\" href=\"https:\/\/grandboatline.com\/de\/qr-aspx\/\" \/>\n<meta property=\"og:locale\" content=\"de_DE\" \/>\n<meta property=\"og:type\" content=\"article\" \/>\n<meta property=\"og:title\" content=\"Meeting Points\" \/>\n<meta property=\"og:description\" content=\"Meeting Point for Bosphorus Cruise Welcome to Grand Boat Line! If you\u2019re joining our Bosphorus cruise, knowing the exact meeting point is essential for a smooth and enjoyable start to your Istanbul adventure. On this page, you will find all the information you need about our meeting location, how to get there, and what to [&hellip;]\" \/>\n<meta property=\"og:url\" content=\"https:\/\/grandboatline.com\/de\/qr-aspx\/\" \/>\n<meta property=\"og:site_name\" content=\"grand boat line\" \/>\n<meta property=\"article:modified_time\" content=\"2025-06-01T08:08:05+00:00\" \/>\n<meta property=\"og:image\" content=\"https:\/\/grandboatline.com\/wp-content\/uploads\/2024\/03\/grandboatline_boat_tour_7.webp\" \/>\n\t<meta property=\"og:image:width\" content=\"600\" \/>\n\t<meta property=\"og:image:height\" content=\"600\" \/>\n\t<meta property=\"og:image:type\" content=\"image\/webp\" \/>\n<meta name=\"twitter:card\" content=\"summary_large_image\" \/>\n<meta name=\"twitter:label1\" content=\"Gesch\u00e4tzte Lesezeit\" \/>\n\t<meta name=\"twitter:data1\" content=\"1\u00a0Minute\" \/>\n<script type=\"application\/ld+json\" class=\"yoast-schema-graph\">{\"@context\":\"https:\/\/schema.org\",\"@graph\":[{\"@type\":\"WebPage\",\"@id\":\"https:\/\/grandboatline.com\/qr-aspx\/\",\"url\":\"https:\/\/grandboatline.com\/qr-aspx\/\",\"name\":\"Meeting Points - grand boat line\",\"isPartOf\":{\"@id\":\"https:\/\/grandboatline.com\/#website\"},\"primaryImageOfPage\":{\"@id\":\"https:\/\/grandboatline.com\/qr-aspx\/#primaryimage\"},\"image\":{\"@id\":\"https:\/\/grandboatline.com\/qr-aspx\/#primaryimage\"},\"thumbnailUrl\":\"https:\/\/grandboatline.com\/wp-content\/uploads\/2024\/03\/grandboatline_boat_tour_7.webp\",\"datePublished\":\"2024-03-21T10:16:44+00:00\",\"dateModified\":\"2025-06-01T08:08:05+00:00\",\"breadcrumb\":{\"@id\":\"https:\/\/grandboatline.com\/qr-aspx\/#breadcrumb\"},\"inLanguage\":\"de\",\"potentialAction\":[{\"@type\":\"ReadAction\",\"target\":[\"https:\/\/grandboatline.com\/qr-aspx\/\"]}]},{\"@type\":\"ImageObject\",\"inLanguage\":\"de\",\"@id\":\"https:\/\/grandboatline.com\/qr-aspx\/#primaryimage\",\"url\":\"https:\/\/grandboatline.com\/wp-content\/uploads\/2024\/03\/grandboatline_boat_tour_7.webp\",\"contentUrl\":\"https:\/\/grandboatline.com\/wp-content\/uploads\/2024\/03\/grandboatline_boat_tour_7.webp\",\"width\":600,\"height\":600},{\"@type\":\"BreadcrumbList\",\"@id\":\"https:\/\/grandboatline.com\/qr-aspx\/#breadcrumb\",\"itemListElement\":[{\"@type\":\"ListItem\",\"position\":1,\"name\":\"Home\",\"item\":\"https:\/\/grandboatline.com\/\"},{\"@type\":\"ListItem\",\"position\":2,\"name\":\"Meeting Points\"}]},{\"@type\":\"WebSite\",\"@id\":\"https:\/\/grandboatline.com\/#website\",\"url\":\"https:\/\/grandboatline.com\/\",\"name\":\"grand boat line\",\"description\":\"\",\"publisher\":{\"@id\":\"https:\/\/grandboatline.com\/#organization\"},\"potentialAction\":[{\"@type\":\"SearchAction\",\"target\":{\"@type\":\"EntryPoint\",\"urlTemplate\":\"https:\/\/grandboatline.com\/?s={search_term_string}\"},\"query-input\":{\"@type\":\"PropertyValueSpecification\",\"valueRequired\":true,\"valueName\":\"search_term_string\"}}],\"inLanguage\":\"de\"},{\"@type\":\"Organization\",\"@id\":\"https:\/\/grandboatline.com\/#organization\",\"name\":\"grand boat line\",\"url\":\"https:\/\/grandboatline.com\/\",\"logo\":{\"@type\":\"ImageObject\",\"inLanguage\":\"de\",\"@id\":\"https:\/\/grandboatline.com\/#\/schema\/logo\/image\/\",\"url\":\"https:\/\/grandboatline.com\/wp-content\/uploads\/2024\/03\/grandboatline_menu_logo.png\",\"contentUrl\":\"https:\/\/grandboatline.com\/wp-content\/uploads\/2024\/03\/grandboatline_menu_logo.png\",\"width\":600,\"height\":323,\"caption\":\"grand boat line\"},\"image\":{\"@id\":\"https:\/\/grandboatline.com\/#\/schema\/logo\/image\/\"}}]}<\/script>\n<!-- \/ Yoast SEO Premium plugin. -->","yoast_head_json":{"title":"Meeting Points - grand boat line","robots":{"index":"index","follow":"follow","max-snippet":"max-snippet:-1","max-image-preview":"max-image-preview:large","max-video-preview":"max-video-preview:-1"},"canonical":"https:\/\/grandboatline.com\/de\/qr-aspx\/","og_locale":"de_DE","og_type":"article","og_title":"Meeting Points","og_description":"Meeting Point for Bosphorus Cruise Welcome to Grand Boat Line! If you\u2019re joining our Bosphorus cruise, knowing the exact meeting point is essential for a smooth and enjoyable start to your Istanbul adventure. On this page, you will find all the information you need about our meeting location, how to get there, and what to [&hellip;]","og_url":"https:\/\/grandboatline.com\/de\/qr-aspx\/","og_site_name":"grand boat line","article_modified_time":"2025-06-01T08:08:05+00:00","og_image":[{"width":600,"height":600,"url":"https:\/\/grandboatline.com\/wp-content\/uploads\/2024\/03\/grandboatline_boat_tour_7.webp","type":"image\/webp"}],"twitter_card":"summary_large_image","twitter_misc":{"Gesch\u00e4tzte Lesezeit":"1\u00a0Minute"},"schema":{"@context":"https:\/\/schema.org","@graph":[{"@type":"WebPage","@id":"https:\/\/grandboatline.com\/qr-aspx\/","url":"https:\/\/grandboatline.com\/qr-aspx\/","name":"Meeting Points - grand boat line","isPartOf":{"@id":"https:\/\/grandboatline.com\/#website"},"primaryImageOfPage":{"@id":"https:\/\/grandboatline.com\/qr-aspx\/#primaryimage"},"image":{"@id":"https:\/\/grandboatline.com\/qr-aspx\/#primaryimage"},"thumbnailUrl":"https:\/\/grandboatline.com\/wp-content\/uploads\/2024\/03\/grandboatline_boat_tour_7.webp","datePublished":"2024-03-21T10:16:44+00:00","dateModified":"2025-06-01T08:08:05+00:00","breadcrumb":{"@id":"https:\/\/grandboatline.com\/qr-aspx\/#breadcrumb"},"inLanguage":"de","potentialAction":[{"@type":"ReadAction","target":["https:\/\/grandboatline.com\/qr-aspx\/"]}]},{"@type":"ImageObject","inLanguage":"de","@id":"https:\/\/grandboatline.com\/qr-aspx\/#primaryimage","url":"https:\/\/grandboatline.com\/wp-content\/uploads\/2024\/03\/grandboatline_boat_tour_7.webp","contentUrl":"https:\/\/grandboatline.com\/wp-content\/uploads\/2024\/03\/grandboatline_boat_tour_7.webp","width":600,"height":600},{"@type":"BreadcrumbList","@id":"https:\/\/grandboatline.com\/qr-aspx\/#breadcrumb","itemListElement":[{"@type":"ListItem","position":1,"name":"Home","item":"https:\/\/grandboatline.com\/"},{"@type":"ListItem","position":2,"name":"Meeting Points"}]},{"@type":"WebSite","@id":"https:\/\/grandboatline.com\/#website","url":"https:\/\/grandboatline.com\/","name":"grand boat line","description":"","publisher":{"@id":"https:\/\/grandboatline.com\/#organization"},"potentialAction":[{"@type":"SearchAction","target":{"@type":"EntryPoint","urlTemplate":"https:\/\/grandboatline.com\/?s={search_term_string}"},"query-input":{"@type":"PropertyValueSpecification","valueRequired":true,"valueName":"search_term_string"}}],"inLanguage":"de"},{"@type":"Organization","@id":"https:\/\/grandboatline.com\/#organization","name":"grand boat line","url":"https:\/\/grandboatline.com\/","logo":{"@type":"ImageObject","inLanguage":"de","@id":"https:\/\/grandboatline.com\/#\/schema\/logo\/image\/","url":"https:\/\/grandboatline.com\/wp-content\/uploads\/2024\/03\/grandboatline_menu_logo.png","contentUrl":"https:\/\/grandboatline.com\/wp-content\/uploads\/2024\/03\/grandboatline_menu_logo.png","width":600,"height":323,"caption":"grand boat line"},"image":{"@id":"https:\/\/grandboatline.com\/#\/schema\/logo\/image\/"}}]}},"jetpack_sharing_enabled":true,"_links":{"self":[{"href":"https:\/\/grandboatline.com\/de\/wp-json\/wp\/v2\/pages\/77","targetHints":{"allow":["GET"]}}],"collection":[{"href":"https:\/\/grandboatline.com\/de\/wp-json\/wp\/v2\/pages"}],"about":[{"href":"https:\/\/grandboatline.com\/de\/wp-json\/wp\/v2\/types\/page"}],"author":[{"embeddable":true,"href":"https:\/\/grandboatline.com\/de\/wp-json\/wp\/v2\/users\/1"}],"replies":[{"embeddable":true,"href":"https:\/\/grandboatline.com\/de\/wp-json\/wp\/v2\/comments?post=77"}],"version-history":[{"count":39,"href":"https:\/\/grandboatline.com\/de\/wp-json\/wp\/v2\/pages\/77\/revisions"}],"predecessor-version":[{"id":2033,"href":"https:\/\/grandboatline.com\/de\/wp-json\/wp\/v2\/pages\/77\/revisions\/2033"}],"wp:featuredmedia":[{"embeddable":true,"href":"https:\/\/grandboatline.com\/de\/wp-json\/wp\/v2\/media\/39"}],"wp:attachment":[{"href":"https:\/\/grandboatline.com\/de\/wp-json\/wp\/v2\/media?parent=77"}],"curies":[{"name":"wp","href":"https:\/\/api.w.org\/{rel}","templated":true}]}}