{"id":307,"date":"2024-04-22T15:30:56","date_gmt":"2024-04-22T12:30:56","guid":{"rendered":"https:\/\/grandboatline.com\/?page_id=307"},"modified":"2024-05-27T18:01:07","modified_gmt":"2024-05-27T15:01:07","slug":"privacy-policy","status":"publish","type":"page","link":"https:\/\/grandboatline.com\/de\/privacy-policy\/","title":{"rendered":"Datenschutzbestimmungen"},"content":{"rendered":"<div data-elementor-type=\"wp-page\" data-elementor-id=\"307\" class=\"elementor elementor-307\" data-elementor-settings=\"{&quot;ha_cmc_init_switcher&quot;:&quot;no&quot;}\" data-elementor-post-type=\"page\">\n\t\t\t\t<div class=\"elementor-element elementor-element-e39f659 e-flex e-con-boxed e-con e-parent\" data-id=\"e39f659\" data-element_type=\"container\" data-e-type=\"container\" data-settings=\"{&quot;_ha_eqh_enable&quot;:false}\">\n\t\t\t\t\t<div class=\"e-con-inner\">\n\t\t\t\t<div class=\"elementor-element elementor-element-573a6f6 elementor-widget elementor-widget-text-editor\" data-id=\"573a6f6\" data-element_type=\"widget\" data-e-type=\"widget\" data-widget_type=\"text-editor.default\">\n\t\t\t\t<div class=\"elementor-widget-container\">\n\t\t\t\t\t\t\t\t\t<p>\u00a0Um Informationen \u00fcber unsere Datenschutzpraktiken zu erhalten, lesen Sie bitte unsere PRIVACY POLICY auf unserer Website. Mit dem Besuch der Website erkl\u00e4ren Sie sich mit den hier genannten Praktiken einverstanden.<\/p><h4><strong>\u00dcber die Informationen, die wir erhalten;<\/strong><\/h4><p>Wir akzeptieren alle Arten von Informationen, die Sie auf unserer Website eingeben oder uns auf anderem Wege zukommen lassen. Dazu geh\u00c3\u00b6ren Informationen, die Sie selbst definieren (\u00e2\u20ac\u017epers\u00c3\u00b6nliche Informationen\u00e2\u20ac\u0153), wie Ihr Vor- und Nachname, Post- und E-Mail-Adresse, Telefonnummer, Faxnummer und Rechnungsdaten (wie die ersten und letzten vier Ziffern Ihrer Kreditkartennummer, Name des Karteninhabers und Ablaufdatum usw.). Die genannten Daten sind erforderlich, damit Sie sich als Mitglied registrieren, eine Reise buchen, an einer Umfrage, einem Wettbewerb oder einer Verlosung teilnehmen, uns eine Frage \u00fcbermitteln oder andere Aktionen auf unserer Website durchf\u00fchren k\u00f6nnen. Wenn Sie \u00fcber die Website eine Buchung f\u00fcr Dritte vornehmen, fragen wir die pers\u00f6nlichen Daten und Reisepr\u00e4ferenzen der betreffenden Person ab. Sie m\u00c3\u00bcssen auch um deren Erlaubnis bitten, bevor Sie die pers\u00c3\u00b6nlichen Daten und Reisepr\u00c3\u00a4ferenzen anderer Personen weitergeben.<\/p><h4><strong>Nutzung von Informationen<\/strong><\/h4><p>Ihre Rechnungsdaten und Angaben zu Ihren Zahlungsmitteln (z. B. Name des Karteninhabers, erste und letzte vier Ziffern Ihrer Kreditkartennummer und Ablaufdatum usw.) werden f\u00fcr den Zahlungsverkehr verwendet, um die von Ihnen auf unserer Website vorgenommenen Reisebuchungen abzuschlie\u00dfen. Andere Informationen \u00fcber Sie werden verwendet, um die von Ihnen angeforderten Produkte und Dienstleistungen bereitzustellen, um Aktualisierungen und Reisebest\u00e4tigungen zu \u00fcbermitteln, um auf Ihre Fragen und Kommentare zu antworten, um das Interesse an unseren Produkten, Dienstleistungen und unserer Website zu messen und zu entwickeln, um Sie \u00fcber exklusive Angebote, Produkte und Dienstleistungen zu informieren, die Ihr Interesse wecken k\u00f6nnten, um die Website Ihren Bed\u00fcrfnissen anzupassen, um Streitigkeiten beizulegen, um Geb\u00fchren zu erhalten, um potenziell verbotene oder illegale Aktivit\u00e4ten zu verhindern und um unsere Betriebsbedingungen auszuf\u00fchren und zu erf\u00fcllen.<\/p><h4><strong>Austausch von Informationen<\/strong><\/h4><p>Ihre Website-Daten k\u00f6nnen an die unten genannten Agenturen und Institutionen weitergegeben werden: Unsere Lieferanten sind Hotels, Fluggesellschaften, Autovermietungen und Anbieter von Aktivit\u00e4ten, die Ihre Reservierungen erf\u00fcllen. Es sei denn, sie sind erforderlich, um die Reisebuchungen zu erf\u00fcllen, die Sie auf BEZAK TURIZM IN\u00c5. NAK. LTD. \u00c5TI. vorgenommen haben, geben wir Ihre E-Mail-Adresse nicht an diese Anbieter weiter. Wir schr\u00e4nken die Nutzung oder Weitergabe Ihrer anderen personenbezogenen Daten durch unsere Anbieter nicht ein. Bitte lesen Sie die Datenschutzrichtlinien jedes Reiseanbieters, bei dem Sie die Produkte \u00fcber diese Website kaufen. Diese Anbieter k\u00c3\u00b6nnen sich mit Ihnen in Verbindung setzen, um weitere Informationen \u00c3?ber Sie zu erhalten, Ihre Reiseinformationen zu vereinfachen oder auf eine von Ihnen vorgenommene Bewertung zu reagieren, falls erforderlich. Unsere Gesch\u00e4ftspartner sind die Drittunternehmen, mit denen wir Produkte oder Dienstleistungen anbieten oder deren Produkte und Dienstleistungen wir auf unserer Website anbieten k\u00f6nnen. Wenn Sie sich f\u00fcr den Zugang zu diesen Diensten entscheiden, k\u00f6nnen wir die Informationen \u00fcber Sie, einschlie\u00dflich Ihrer pers\u00f6nlichen Daten, an diese Partner weitergeben. Wir weisen darauf hin, dass wir keine Kontrolle \u00fcber die Datenschutzrichtlinien dieser dritten Gesch\u00e4ftspartner haben, und empfehlen Ihnen, die Datenschutzrichtlinien dieser Dritten zu lesen, bevor Sie auf ein gemeinsames Angebot antworten. Wir k\u00f6nnen Ihre Daten auch f\u00fcr die folgenden Zwecke weitergeben: In F\u00e4llen, in denen rechtliche Verfahren erforderlich sind; sofern solche Informationen von offiziellen Beh\u00f6rden angefordert werden, um unsere gesetzlichen Rechte zu begr\u00fcnden, durchzusetzen oder zu verteidigen, wie es gesetzlich vorgeschrieben ist, und in Verbindung mit einer Unternehmenstransaktion wie Verkauf, Fusion und Konsolidierung. Wann immer Ihre pers\u00f6nlichen Daten in anderen als den oben genannten F\u00e4llen an Dritte weitergegeben werden, werden Sie dar\u00fcber informiert und haben die M\u00f6glichkeit, die Weitergabe dieser Informationen abzulehnen. Wir k\u00f6nnen die Informationen, die keine personenbezogenen Daten enthalten, an Dritte weitergeben, einschlie\u00dflich Werbekunden und Investoren. Zum Beispiel k\u00f6nnen wir unseren Werbekunden die Anzahl der Besucher unserer Website oder die Hotelstandorte mitteilen, die am meisten Aufmerksamkeit erregen.<\/p><h4><strong>Wie Sie Ihre Informationen erhalten k\u00f6nnen<\/strong><\/h4><p>Sie k\u00f6nnen auf Ihre Kommunikationsdaten zugreifen, indem Sie die Seite mit den Mitgliedsdaten auf unserer Website besuchen und diese aktualisieren. Sie k\u00f6nnen Ihr Konto schlie\u00dfen, indem Sie uns \u00fcber die unten stehende E-Mail-Adresse kontaktieren. Sobald Sie Ihr Konto geschlossen haben, k\u00f6nnen Sie sich nicht mehr anmelden oder auf Ihre pers\u00f6nlichen Daten zugreifen. Sie k\u00f6nnen ein neues Konto er\u00f6ffnen. Wir m\u00f6chten Sie darauf hinweisen, dass wir einige Informationen zu Ihrem Konto aufbewahren werden.<\/p><h4><strong>Wie wir Ihre Informationen sch\u00fctzen<\/strong><\/h4><p>Wir m\u00f6chten, dass Sie sich bei der Nutzung dieser Website sicher f\u00fchlen und die von uns gesammelten Daten sch\u00fctzen. Wir f\u00fchren angemessene administrative, technische und physische Sicherheitsverfahren durch, um die von Ihnen zur Verf\u00fcgung gestellten pers\u00f6nlichen Daten zu sch\u00fctzen. Nur autorisiertes Personal hat die Befugnis, auf pers\u00f6nliche Daten zuzugreifen, und kann diese Befugnis ausschlie\u00dflich f\u00fcr seine zul\u00e4ssigen Gesch\u00e4ftsfunktionen nutzen. Wir setzen Firewalls und Intrusion-Detection-Systeme ein, um zu verhindern, dass Unbefugte auf Ihre Daten zugreifen. Die Informationen, die Sie bei der Registrierung bei BEZAK TURIZM IN\u00c5. NAK. LTD. \u00c5TI. angegeben haben, und die Kreditkarteninformationen, die Sie bei der Reservierung angeben, sind durch die leistungsstarke SSL- (Secured Sockets Layer) und Verschl\u00fcsselungstechnologie gesichert. Ihre Daten sind im Rahmen der speziell von den Browsern vorgesehenen Sicherheitsstandards sicher. SSL verschl\u00fcsselt alle Ihre privaten Informationen im Internet.<\/p><h4><strong>Andere Links<\/strong><\/h4><p>Wenn von dieser Website ein Link zu anderen Websites besteht, sind diese Websites nicht von dieser Datenschutzrichtlinie abh\u00e4ngig. Bitte lesen Sie die Datenschutzrichtlinien auf diesen Websites, um sich \u00fcber deren Verfahren zur Erfassung, Verwendung und Weitergabe personenbezogener Daten zu informieren.<\/p><h4><strong>Besuche auf unserer Website aus der T\u00fcrkei<\/strong><\/h4><p>Wenn Sie unsere Website aus dem Ausland besuchen, denken Sie bitte daran, dass Ihre Daten in die T\u00fcrkei \u00fcbertragen, gespeichert und verarbeitet werden k\u00f6nnen, wo sich unsere Server befinden und unsere zentrale Datenbank betrieben wird. E-Mail-Kommunikation. Wir senden Ihnen E-Mail-Nachrichten, um sicherzustellen, dass Sie die auf unserer Website vorgestellten Reiseangebote problemlos nutzen k\u00f6nnen. In jeder unserer E-Mails haben Sie immer die M\u00f6glichkeit, den Erhalt dieser E-Bulletins abzulehnen.<\/p><p>Wir k\u00f6nnen diese Datenschutzrichtlinie hier aktualisieren. Wir werden wichtige \u00c4nderungen in dieser Datenschutzrichtlinie ank\u00fcndigen, indem wir eine Benachrichtigung an die von Ihnen angegebene E-Mail-Adresse senden oder einen gut sichtbaren Hinweis auf unserer Website platzieren. Falls Sie Fragen zur Datenschutzrichtlinie (oder zu Ihrer Reiseplanung oder Ihrem Einkauf) haben, senden Sie bitte eine E-Mail an info@grandBoatline.com.<\/p><p>BEZAK TURIZM IN\u015e. NAK. LTD. \u00c5TI. Die Datenschutzrichtlinie ist ab dem 01. Juni 2015 g\u00fcltig.<\/p>\t\t\t\t\t\t\t\t<\/div>\n\t\t\t\t<\/div>\n\t\t\t\t\t<\/div>\n\t\t\t\t<\/div>\n\t\t\t\t<\/div>","protected":false},"excerpt":{"rendered":"<p>\u00a0Um Informationen \u00fcber unsere Datenschutzpraktiken zu erhalten, lesen Sie bitte unsere PRIVACY POLICY auf unserer Website. Mit dem Besuch der Website erkl\u00e4ren Sie sich mit den hier genannten Praktiken einverstanden. \u00dcber die Informationen, die wir erhalten: Wir akzeptieren alle Arten von Informationen, die Sie auf unserer Website eingeben oder uns auf anderem Wege \u00fcbermitteln. Diese [...]<\/p>","protected":false},"author":1,"featured_media":1074,"parent":0,"menu_order":0,"comment_status":"closed","ping_status":"closed","template":"elementor_theme","meta":{"om_disable_all_campaigns":false,"_monsterinsights_skip_tracking":false,"_monsterinsights_sitenote_active":false,"_monsterinsights_sitenote_note":"","_monsterinsights_sitenote_category":0,"_uf_show_specific_survey":0,"_uf_disable_surveys":false,"footnotes":""},"class_list":["post-307","page","type-page","status-publish","has-post-thumbnail","hentry"],"yoast_head":"<!-- This site is optimized with the Yoast SEO Premium plugin v27.1 (Yoast SEO v27.2) - https:\/\/yoast.com\/product\/yoast-seo-premium-wordpress\/ -->\n<title>Privacy Policy - grand boat line<\/title>\n<meta name=\"robots\" content=\"index, follow, max-snippet:-1, max-image-preview:large, max-video-preview:-1\" \/>\n<link rel=\"canonical\" href=\"https:\/\/grandboatline.com\/de\/privacy-policy\/\" \/>\n<meta property=\"og:locale\" content=\"de_DE\" \/>\n<meta property=\"og:type\" content=\"article\" \/>\n<meta property=\"og:title\" content=\"Privacy Policy\" \/>\n<meta property=\"og:description\" content=\"\u00a0To obtain information about our privacy practices please kindly read our PRIVACY POLICY available on our Website. By visiting the Website you will have accepted the practices mentioned herein. About the information we receive; We are accepting all kinds of information that you enter in our website or post us through any other means. This [&hellip;]\" \/>\n<meta property=\"og:url\" content=\"https:\/\/grandboatline.com\/de\/privacy-policy\/\" \/>\n<meta property=\"og:site_name\" content=\"grand boat line\" \/>\n<meta property=\"article:modified_time\" content=\"2024-05-27T15:01:07+00:00\" \/>\n<meta property=\"og:image\" content=\"https:\/\/grandboatline.com\/wp-content\/uploads\/2024\/05\/privacy-policy-logo-2.png\" \/>\n\t<meta property=\"og:image:width\" content=\"1302\" \/>\n\t<meta property=\"og:image:height\" content=\"368\" \/>\n\t<meta property=\"og:image:type\" content=\"image\/png\" \/>\n<meta name=\"twitter:card\" content=\"summary_large_image\" \/>\n<meta name=\"twitter:label1\" content=\"Gesch\u00e4tzte Lesezeit\" \/>\n\t<meta name=\"twitter:data1\" content=\"5\u00a0Minuten\" \/>\n<script type=\"application\/ld+json\" class=\"yoast-schema-graph\">{\"@context\":\"https:\/\/schema.org\",\"@graph\":[{\"@type\":\"WebPage\",\"@id\":\"https:\/\/grandboatline.com\/privacy-policy\/\",\"url\":\"https:\/\/grandboatline.com\/privacy-policy\/\",\"name\":\"Privacy Policy - grand boat line\",\"isPartOf\":{\"@id\":\"https:\/\/grandboatline.com\/#website\"},\"primaryImageOfPage\":{\"@id\":\"https:\/\/grandboatline.com\/privacy-policy\/#primaryimage\"},\"image\":{\"@id\":\"https:\/\/grandboatline.com\/privacy-policy\/#primaryimage\"},\"thumbnailUrl\":\"https:\/\/grandboatline.com\/wp-content\/uploads\/2024\/05\/privacy-policy-logo-2.png\",\"datePublished\":\"2024-04-22T12:30:56+00:00\",\"dateModified\":\"2024-05-27T15:01:07+00:00\",\"breadcrumb\":{\"@id\":\"https:\/\/grandboatline.com\/privacy-policy\/#breadcrumb\"},\"inLanguage\":\"de\",\"potentialAction\":[{\"@type\":\"ReadAction\",\"target\":[\"https:\/\/grandboatline.com\/privacy-policy\/\"]}]},{\"@type\":\"ImageObject\",\"inLanguage\":\"de\",\"@id\":\"https:\/\/grandboatline.com\/privacy-policy\/#primaryimage\",\"url\":\"https:\/\/grandboatline.com\/wp-content\/uploads\/2024\/05\/privacy-policy-logo-2.png\",\"contentUrl\":\"https:\/\/grandboatline.com\/wp-content\/uploads\/2024\/05\/privacy-policy-logo-2.png\",\"width\":1302,\"height\":368},{\"@type\":\"BreadcrumbList\",\"@id\":\"https:\/\/grandboatline.com\/privacy-policy\/#breadcrumb\",\"itemListElement\":[{\"@type\":\"ListItem\",\"position\":1,\"name\":\"Home\",\"item\":\"https:\/\/grandboatline.com\/\"},{\"@type\":\"ListItem\",\"position\":2,\"name\":\"Privacy Policy\"}]},{\"@type\":\"WebSite\",\"@id\":\"https:\/\/grandboatline.com\/#website\",\"url\":\"https:\/\/grandboatline.com\/\",\"name\":\"grand boat line\",\"description\":\"\",\"publisher\":{\"@id\":\"https:\/\/grandboatline.com\/#organization\"},\"potentialAction\":[{\"@type\":\"SearchAction\",\"target\":{\"@type\":\"EntryPoint\",\"urlTemplate\":\"https:\/\/grandboatline.com\/?s={search_term_string}\"},\"query-input\":{\"@type\":\"PropertyValueSpecification\",\"valueRequired\":true,\"valueName\":\"search_term_string\"}}],\"inLanguage\":\"de\"},{\"@type\":\"Organization\",\"@id\":\"https:\/\/grandboatline.com\/#organization\",\"name\":\"grand boat line\",\"url\":\"https:\/\/grandboatline.com\/\",\"logo\":{\"@type\":\"ImageObject\",\"inLanguage\":\"de\",\"@id\":\"https:\/\/grandboatline.com\/#\/schema\/logo\/image\/\",\"url\":\"https:\/\/grandboatline.com\/wp-content\/uploads\/2024\/03\/grandboatline_menu_logo.png\",\"contentUrl\":\"https:\/\/grandboatline.com\/wp-content\/uploads\/2024\/03\/grandboatline_menu_logo.png\",\"width\":600,\"height\":323,\"caption\":\"grand boat line\"},\"image\":{\"@id\":\"https:\/\/grandboatline.com\/#\/schema\/logo\/image\/\"}}]}<\/script>\n<!-- \/ Yoast SEO Premium plugin. -->","yoast_head_json":{"title":"Privacy Policy - grand boat line","robots":{"index":"index","follow":"follow","max-snippet":"max-snippet:-1","max-image-preview":"max-image-preview:large","max-video-preview":"max-video-preview:-1"},"canonical":"https:\/\/grandboatline.com\/de\/privacy-policy\/","og_locale":"de_DE","og_type":"article","og_title":"Privacy Policy","og_description":"\u00a0To obtain information about our privacy practices please kindly read our PRIVACY POLICY available on our Website. By visiting the Website you will have accepted the practices mentioned herein. About the information we receive; We are accepting all kinds of information that you enter in our website or post us through any other means. This [&hellip;]","og_url":"https:\/\/grandboatline.com\/de\/privacy-policy\/","og_site_name":"grand boat line","article_modified_time":"2024-05-27T15:01:07+00:00","og_image":[{"width":1302,"height":368,"url":"https:\/\/grandboatline.com\/wp-content\/uploads\/2024\/05\/privacy-policy-logo-2.png","type":"image\/png"}],"twitter_card":"summary_large_image","twitter_misc":{"Gesch\u00e4tzte Lesezeit":"5\u00a0Minuten"},"schema":{"@context":"https:\/\/schema.org","@graph":[{"@type":"WebPage","@id":"https:\/\/grandboatline.com\/privacy-policy\/","url":"https:\/\/grandboatline.com\/privacy-policy\/","name":"Privacy Policy - grand boat line","isPartOf":{"@id":"https:\/\/grandboatline.com\/#website"},"primaryImageOfPage":{"@id":"https:\/\/grandboatline.com\/privacy-policy\/#primaryimage"},"image":{"@id":"https:\/\/grandboatline.com\/privacy-policy\/#primaryimage"},"thumbnailUrl":"https:\/\/grandboatline.com\/wp-content\/uploads\/2024\/05\/privacy-policy-logo-2.png","datePublished":"2024-04-22T12:30:56+00:00","dateModified":"2024-05-27T15:01:07+00:00","breadcrumb":{"@id":"https:\/\/grandboatline.com\/privacy-policy\/#breadcrumb"},"inLanguage":"de","potentialAction":[{"@type":"ReadAction","target":["https:\/\/grandboatline.com\/privacy-policy\/"]}]},{"@type":"ImageObject","inLanguage":"de","@id":"https:\/\/grandboatline.com\/privacy-policy\/#primaryimage","url":"https:\/\/grandboatline.com\/wp-content\/uploads\/2024\/05\/privacy-policy-logo-2.png","contentUrl":"https:\/\/grandboatline.com\/wp-content\/uploads\/2024\/05\/privacy-policy-logo-2.png","width":1302,"height":368},{"@type":"BreadcrumbList","@id":"https:\/\/grandboatline.com\/privacy-policy\/#breadcrumb","itemListElement":[{"@type":"ListItem","position":1,"name":"Home","item":"https:\/\/grandboatline.com\/"},{"@type":"ListItem","position":2,"name":"Privacy Policy"}]},{"@type":"WebSite","@id":"https:\/\/grandboatline.com\/#website","url":"https:\/\/grandboatline.com\/","name":"grand boat line","description":"","publisher":{"@id":"https:\/\/grandboatline.com\/#organization"},"potentialAction":[{"@type":"SearchAction","target":{"@type":"EntryPoint","urlTemplate":"https:\/\/grandboatline.com\/?s={search_term_string}"},"query-input":{"@type":"PropertyValueSpecification","valueRequired":true,"valueName":"search_term_string"}}],"inLanguage":"de"},{"@type":"Organization","@id":"https:\/\/grandboatline.com\/#organization","name":"grand boat line","url":"https:\/\/grandboatline.com\/","logo":{"@type":"ImageObject","inLanguage":"de","@id":"https:\/\/grandboatline.com\/#\/schema\/logo\/image\/","url":"https:\/\/grandboatline.com\/wp-content\/uploads\/2024\/03\/grandboatline_menu_logo.png","contentUrl":"https:\/\/grandboatline.com\/wp-content\/uploads\/2024\/03\/grandboatline_menu_logo.png","width":600,"height":323,"caption":"grand boat line"},"image":{"@id":"https:\/\/grandboatline.com\/#\/schema\/logo\/image\/"}}]}},"jetpack_sharing_enabled":true,"_links":{"self":[{"href":"https:\/\/grandboatline.com\/de\/wp-json\/wp\/v2\/pages\/307","targetHints":{"allow":["GET"]}}],"collection":[{"href":"https:\/\/grandboatline.com\/de\/wp-json\/wp\/v2\/pages"}],"about":[{"href":"https:\/\/grandboatline.com\/de\/wp-json\/wp\/v2\/types\/page"}],"author":[{"embeddable":true,"href":"https:\/\/grandboatline.com\/de\/wp-json\/wp\/v2\/users\/1"}],"replies":[{"embeddable":true,"href":"https:\/\/grandboatline.com\/de\/wp-json\/wp\/v2\/comments?post=307"}],"version-history":[{"count":10,"href":"https:\/\/grandboatline.com\/de\/wp-json\/wp\/v2\/pages\/307\/revisions"}],"predecessor-version":[{"id":1860,"href":"https:\/\/grandboatline.com\/de\/wp-json\/wp\/v2\/pages\/307\/revisions\/1860"}],"wp:featuredmedia":[{"embeddable":true,"href":"https:\/\/grandboatline.com\/de\/wp-json\/wp\/v2\/media\/1074"}],"wp:attachment":[{"href":"https:\/\/grandboatline.com\/de\/wp-json\/wp\/v2\/media?parent=307"}],"curies":[{"name":"wp","href":"https:\/\/api.w.org\/{rel}","templated":true}]}}